{"id":5696,"date":"2023-01-11T13:45:36","date_gmt":"2023-01-11T13:45:36","guid":{"rendered":"https:\/\/www.panoramabettmeralp.ch\/outdoor\/geissen-trekking-tagestour\/"},"modified":"2024-03-25T12:45:58","modified_gmt":"2024-03-25T12:45:58","slug":"piccolo-trekking-con-le-capre","status":"publish","type":"page","link":"https:\/\/www.panoramabettmeralp.ch\/it\/outdoor\/piccolo-trekking-con-le-capre\/","title":{"rendered":"Piccolo Trekking con le capre"},"content":{"rendered":"\t\t<div data-elementor-type=\"wp-page\" data-elementor-id=\"5696\" class=\"elementor elementor-5696\" data-elementor-post-type=\"page\">\n\t\t\t\t\t\t<section class=\"elementor-section elementor-top-section elementor-element elementor-element-6bbaed71 elementor-section-full_width introslider elementor-section-height-default elementor-section-height-default\" data-id=\"6bbaed71\" data-element_type=\"section\" data-e-type=\"section\">\n\t\t\t\t\t\t<div class=\"elementor-container elementor-column-gap-default\">\n\t\t\t\t\t<div class=\"elementor-column elementor-col-100 elementor-top-column elementor-element elementor-element-7496de52\" data-id=\"7496de52\" data-element_type=\"column\" data-e-type=\"column\">\n\t\t\t<div class=\"elementor-widget-wrap elementor-element-populated\">\n\t\t\t\t\t\t<div class=\"elementor-element elementor-element-80b6fb5 elementor-widget elementor-widget-introslider\" data-id=\"80b6fb5\" data-element_type=\"widget\" data-e-type=\"widget\" data-widget_type=\"introslider.default\">\n\t\t\t\t<div class=\"elementor-widget-container\">\n\t\t\t\t\t\t\t<div class=\"swiper-container swiper-intro\">\n\t\t\t<div class=\"swiper-wrapper\">\n\t\t\t\t\t\t\t\t<div class=\"swiper-slide\"> \n\t\t\t\t\t<div class=\"img-container\">\n\t\t\t\t\t\t<img decoding=\"async\" src=\"https:\/\/www.panoramabettmeralp.ch\/wp-content\/uploads\/2023\/01\/2022-12studio.vorbenpanoramabettmeralp-0522-scaled.jpg\" class=\"blur-up img-streched grayscale\" alt=\"\">               \n\t\t\t\t\t<\/div>\n\t\t\t\t<\/div>\n\t\t\t\t\t\t\t<\/div>\n\t\t\t<div class=\"swiper-pagination\"><\/div>\n\t\t<\/div>\n\t\t\t\t\t\t<\/div>\n\t\t\t\t<\/div>\n\t\t\t\t\t<\/div>\n\t\t<\/div>\n\t\t\t\t\t<\/div>\n\t\t<\/section>\n\t\t\t\t<section class=\"elementor-section elementor-top-section elementor-element elementor-element-0b0e2da offerintro elementor-section-boxed elementor-section-height-default elementor-section-height-default\" data-id=\"0b0e2da\" data-element_type=\"section\" data-e-type=\"section\" data-settings=\"{&quot;background_background&quot;:&quot;classic&quot;}\">\n\t\t\t\t\t\t<div class=\"elementor-container elementor-column-gap-default\">\n\t\t\t\t\t<div class=\"elementor-column elementor-col-50 elementor-top-column elementor-element elementor-element-993d92c\" data-id=\"993d92c\" data-element_type=\"column\" data-e-type=\"column\">\n\t\t\t<div class=\"elementor-widget-wrap elementor-element-populated\">\n\t\t\t\t\t\t<div class=\"elementor-element elementor-element-296a19a elementor-widget elementor-widget-text-editor\" data-id=\"296a19a\" data-element_type=\"widget\" data-e-type=\"widget\" data-widget_type=\"text-editor.default\">\n\t\t\t\t<div class=\"elementor-widget-container\">\n\t\t\t\t\t\t\t\t\t<h3>Il tuo tempo libero<\/h3>\t\t\t\t\t\t\t\t<\/div>\n\t\t\t\t<\/div>\n\t\t\t\t<div class=\"elementor-element elementor-element-97de0c8 elementor-widget elementor-widget-text-editor\" data-id=\"97de0c8\" data-element_type=\"widget\" data-e-type=\"widget\" data-widget_type=\"text-editor.default\">\n\t\t\t\t<div class=\"elementor-widget-container\">\n\t\t\t\t\t\t\t\t\t<h1>Piccolo Trekking con le capre<\/h1><p style=\"margin-bottom: 0px;\">Il breve tour inizia sulla Bettmeralp, dove in estate pascolano le capre. Una magnifica vista panoramica ci accompagna a ogni passo. Le capre sono il miglior intrattenimento. Questo tour \u00e8 adatto anche ai bambini. Le capre camminano piuttosto tranquillamente. Se i bambini sono pi\u00f9 piccoli, possiamo chiedere al capraio Renato un percorso pi\u00f9 piccolo.<\/p><div>\u00a0<\/div><p>Raccomandazione: da 5-6 anni<\/p><p><span style=\"font-family: var( --e-global-typography-text-font-family ), Sans-serif; font-size: var( --e-global-typography-text-font-size ); font-weight: var( --e-global-typography-text-font-weight );\">Durata: circa 4 ore<\/span><\/p><p>Attrezzatura: Scarponi da trekking, pantaloni lunghi, abbigliamento da pioggia,\u00a0crema solare, picnic<\/p>\t\t\t\t\t\t\t\t<\/div>\n\t\t\t\t<\/div>\n\t\t\t\t\t<\/div>\n\t\t<\/div>\n\t\t\t\t<div class=\"elementor-column elementor-col-50 elementor-top-column elementor-element elementor-element-3e3f67c\" data-id=\"3e3f67c\" data-element_type=\"column\" data-e-type=\"column\">\n\t\t\t<div class=\"elementor-widget-wrap elementor-element-populated\">\n\t\t\t\t\t\t<div class=\"elementor-element elementor-element-8876f96 elementor-widget elementor-widget-text-editor\" data-id=\"8876f96\" data-element_type=\"widget\" data-e-type=\"widget\" data-widget_type=\"text-editor.default\">\n\t\t\t\t<div class=\"elementor-widget-container\">\n\t\t\t\t\t\t\t\t\t<ul><li>Per persona:<\/li><li>Bevanda di benvenuto<\/li><li>Trasporto bagagli<\/li><li>Ingresso alla piscina coperta di Bachtla<\/li><li>1 pranzo al sacco<\/li><li>1 x Geissen trekking<\/li><\/ul>\t\t\t\t\t\t\t\t<\/div>\n\t\t\t\t<\/div>\n\t\t\t\t\t<\/div>\n\t\t<\/div>\n\t\t\t\t\t<\/div>\n\t\t<\/section>\n\t\t\t\t<section class=\"elementor-section elementor-top-section elementor-element elementor-element-1f0724b offerinfos elementor-section-boxed elementor-section-height-default elementor-section-height-default\" data-id=\"1f0724b\" data-element_type=\"section\" data-e-type=\"section\">\n\t\t\t\t\t\t<div class=\"elementor-container elementor-column-gap-default\">\n\t\t\t\t\t<div class=\"elementor-column elementor-col-100 elementor-top-column elementor-element elementor-element-d1fab50\" data-id=\"d1fab50\" data-element_type=\"column\" data-e-type=\"column\">\n\t\t\t<div class=\"elementor-widget-wrap elementor-element-populated\">\n\t\t\t\t\t\t<div class=\"elementor-element elementor-element-0d7b3a7 elementor-widget elementor-widget-text-editor\" data-id=\"0d7b3a7\" data-element_type=\"widget\" data-e-type=\"widget\" data-widget_type=\"text-editor.default\">\n\t\t\t\t<div class=\"elementor-widget-container\">\n\t\t\t\t\t\t\t\t\t<table>\n<tbody>\n<tr>\n<td>2 notti<\/td>\n<td>camera familiare incl. colazione a buffet<\/td>\n<td>4 persone<\/td>\n<td>chf 796<\/td>\n<\/tr>\n<\/tbody>\n<\/table>\n<p>Ogni notte aggiuntiva verr\u00e0 addebitata alle normali tariffe delle camere.<\/p>\n<p>Le camere familiari sono arredate come segue: Camera da letto principale con camera per bambini separata. Tutte le camere sono dotate di doccia o bagno, WC, TV, telefono, cassaforte, scrivania, camere per non fumatori, i prezzi includono IVA, carta ospiti Aletsch, Internet\/W-LAN.<\/p>\n<p><a href=\"mailto:info@panoramabettmeralp.ch\">Libro<\/a><\/p>\t\t\t\t\t\t\t\t<\/div>\n\t\t\t\t<\/div>\n\t\t\t\t\t<\/div>\n\t\t<\/div>\n\t\t\t\t\t<\/div>\n\t\t<\/section>\n\t\t\t\t<\/div>\n\t\t","protected":false},"excerpt":{"rendered":"<p>Il tuo tempo libero Piccolo Trekking con le capre Il breve tour inizia sulla Bettmeralp, dove in estate pascolano le capre. Una magnifica vista panoramica ci accompagna a ogni passo. Le capre sono il miglior intrattenimento. Questo tour \u00e8 adatto anche ai bambini. Le capre camminano piuttosto tranquillamente. Se i bambini sono pi\u00f9 piccoli, possiamo [&hellip;]<\/p>\n","protected":false},"author":2,"featured_media":0,"parent":4846,"menu_order":0,"comment_status":"closed","ping_status":"closed","template":"","meta":{"_acf_changed":false,"footnotes":""},"class_list":["post-5696","page","type-page","status-publish","hentry"],"acf":[],"yoast_head":"<!-- This site is optimized with the Yoast SEO plugin v27.4 - https:\/\/yoast.com\/product\/yoast-seo-wordpress\/ -->\n<title>Piccolo Trekking con le capre - Hotel Panorama Bettmeralp<\/title>\n<meta name=\"robots\" content=\"index, follow, max-snippet:-1, max-image-preview:large, max-video-preview:-1\" \/>\n<link rel=\"canonical\" href=\"https:\/\/www.panoramabettmeralp.ch\/it\/outdoor\/piccolo-trekking-con-le-capre\/\" \/>\n<meta property=\"og:locale\" content=\"it_IT\" \/>\n<meta property=\"og:type\" content=\"article\" \/>\n<meta property=\"og:title\" content=\"Piccolo Trekking con le capre - Hotel Panorama Bettmeralp\" \/>\n<meta property=\"og:description\" content=\"Il tuo tempo libero Piccolo Trekking con le capre Il breve tour inizia sulla Bettmeralp, dove in estate pascolano le capre. Una magnifica vista panoramica ci accompagna a ogni passo. Le capre sono il miglior intrattenimento. Questo tour \u00e8 adatto anche ai bambini. Le capre camminano piuttosto tranquillamente. Se i bambini sono pi\u00f9 piccoli, possiamo [&hellip;]\" \/>\n<meta property=\"og:url\" content=\"https:\/\/www.panoramabettmeralp.ch\/it\/outdoor\/piccolo-trekking-con-le-capre\/\" \/>\n<meta property=\"og:site_name\" content=\"Hotel Panorama Bettmeralp\" \/>\n<meta property=\"article:modified_time\" content=\"2024-03-25T12:45:58+00:00\" \/>\n<meta property=\"og:image\" content=\"https:\/\/www.panoramabettmeralp.ch\/wp-content\/uploads\/2023\/01\/2022-12studio.vorbenpanoramabettmeralp-0522-scaled.jpg\" \/>\n<meta name=\"twitter:card\" content=\"summary_large_image\" \/>\n<meta name=\"twitter:label1\" content=\"Tempo di lettura stimato\" \/>\n\t<meta name=\"twitter:data1\" content=\"2 minuti\" \/>\n<script type=\"application\/ld+json\" class=\"yoast-schema-graph\">{\"@context\":\"https:\\\/\\\/schema.org\",\"@graph\":[{\"@type\":\"WebPage\",\"@id\":\"https:\\\/\\\/www.panoramabettmeralp.ch\\\/it\\\/outdoor\\\/piccolo-trekking-con-le-capre\\\/\",\"url\":\"https:\\\/\\\/www.panoramabettmeralp.ch\\\/it\\\/outdoor\\\/piccolo-trekking-con-le-capre\\\/\",\"name\":\"Piccolo Trekking con le capre - Hotel Panorama Bettmeralp\",\"isPartOf\":{\"@id\":\"https:\\\/\\\/www.panoramabettmeralp.ch\\\/#website\"},\"primaryImageOfPage\":{\"@id\":\"https:\\\/\\\/www.panoramabettmeralp.ch\\\/it\\\/outdoor\\\/piccolo-trekking-con-le-capre\\\/#primaryimage\"},\"image\":{\"@id\":\"https:\\\/\\\/www.panoramabettmeralp.ch\\\/it\\\/outdoor\\\/piccolo-trekking-con-le-capre\\\/#primaryimage\"},\"thumbnailUrl\":\"https:\\\/\\\/www.panoramabettmeralp.ch\\\/wp-content\\\/uploads\\\/2023\\\/01\\\/2022-12studio.vorbenpanoramabettmeralp-0522-scaled.jpg\",\"datePublished\":\"2023-01-11T13:45:36+00:00\",\"dateModified\":\"2024-03-25T12:45:58+00:00\",\"breadcrumb\":{\"@id\":\"https:\\\/\\\/www.panoramabettmeralp.ch\\\/it\\\/outdoor\\\/piccolo-trekking-con-le-capre\\\/#breadcrumb\"},\"inLanguage\":\"it-IT\",\"potentialAction\":[{\"@type\":\"ReadAction\",\"target\":[\"https:\\\/\\\/www.panoramabettmeralp.ch\\\/it\\\/outdoor\\\/piccolo-trekking-con-le-capre\\\/\"]}]},{\"@type\":\"ImageObject\",\"inLanguage\":\"it-IT\",\"@id\":\"https:\\\/\\\/www.panoramabettmeralp.ch\\\/it\\\/outdoor\\\/piccolo-trekking-con-le-capre\\\/#primaryimage\",\"url\":\"https:\\\/\\\/www.panoramabettmeralp.ch\\\/wp-content\\\/uploads\\\/2023\\\/01\\\/2022-12studio.vorbenpanoramabettmeralp-0522-scaled.jpg\",\"contentUrl\":\"https:\\\/\\\/www.panoramabettmeralp.ch\\\/wp-content\\\/uploads\\\/2023\\\/01\\\/2022-12studio.vorbenpanoramabettmeralp-0522-scaled.jpg\"},{\"@type\":\"BreadcrumbList\",\"@id\":\"https:\\\/\\\/www.panoramabettmeralp.ch\\\/it\\\/outdoor\\\/piccolo-trekking-con-le-capre\\\/#breadcrumb\",\"itemListElement\":[{\"@type\":\"ListItem\",\"position\":1,\"name\":\"Startseite\",\"item\":\"https:\\\/\\\/www.panoramabettmeralp.ch\\\/it\\\/\"},{\"@type\":\"ListItem\",\"position\":2,\"name\":\"Outdoor\",\"item\":\"https:\\\/\\\/www.panoramabettmeralp.ch\\\/it\\\/outdoor\\\/\"},{\"@type\":\"ListItem\",\"position\":3,\"name\":\"Piccolo Trekking con le capre\"}]},{\"@type\":\"WebSite\",\"@id\":\"https:\\\/\\\/www.panoramabettmeralp.ch\\\/#website\",\"url\":\"https:\\\/\\\/www.panoramabettmeralp.ch\\\/\",\"name\":\"Hotel Panorama Bettmeralp\",\"description\":\"\",\"publisher\":{\"@id\":\"https:\\\/\\\/www.panoramabettmeralp.ch\\\/#organization\"},\"potentialAction\":[{\"@type\":\"SearchAction\",\"target\":{\"@type\":\"EntryPoint\",\"urlTemplate\":\"https:\\\/\\\/www.panoramabettmeralp.ch\\\/?s={search_term_string}\"},\"query-input\":{\"@type\":\"PropertyValueSpecification\",\"valueRequired\":true,\"valueName\":\"search_term_string\"}}],\"inLanguage\":\"it-IT\"},{\"@type\":\"Organization\",\"@id\":\"https:\\\/\\\/www.panoramabettmeralp.ch\\\/#organization\",\"name\":\"Hotel Panorama Bettmeralp\",\"url\":\"https:\\\/\\\/www.panoramabettmeralp.ch\\\/\",\"logo\":{\"@type\":\"ImageObject\",\"inLanguage\":\"it-IT\",\"@id\":\"https:\\\/\\\/www.panoramabettmeralp.ch\\\/#\\\/schema\\\/logo\\\/image\\\/\",\"url\":\"https:\\\/\\\/www.panoramabettmeralp.ch\\\/wp-content\\\/uploads\\\/2022\\\/11\\\/Logo-Hotel-Panorama-Bettmeralp.svg\",\"contentUrl\":\"https:\\\/\\\/www.panoramabettmeralp.ch\\\/wp-content\\\/uploads\\\/2022\\\/11\\\/Logo-Hotel-Panorama-Bettmeralp.svg\",\"width\":297,\"height\":60,\"caption\":\"Hotel Panorama Bettmeralp\"},\"image\":{\"@id\":\"https:\\\/\\\/www.panoramabettmeralp.ch\\\/#\\\/schema\\\/logo\\\/image\\\/\"}}]}<\/script>\n<!-- \/ Yoast SEO plugin. -->","yoast_head_json":{"title":"Piccolo Trekking con le capre - Hotel Panorama Bettmeralp","robots":{"index":"index","follow":"follow","max-snippet":"max-snippet:-1","max-image-preview":"max-image-preview:large","max-video-preview":"max-video-preview:-1"},"canonical":"https:\/\/www.panoramabettmeralp.ch\/it\/outdoor\/piccolo-trekking-con-le-capre\/","og_locale":"it_IT","og_type":"article","og_title":"Piccolo Trekking con le capre - Hotel Panorama Bettmeralp","og_description":"Il tuo tempo libero Piccolo Trekking con le capre Il breve tour inizia sulla Bettmeralp, dove in estate pascolano le capre. Una magnifica vista panoramica ci accompagna a ogni passo. Le capre sono il miglior intrattenimento. Questo tour \u00e8 adatto anche ai bambini. Le capre camminano piuttosto tranquillamente. Se i bambini sono pi\u00f9 piccoli, possiamo [&hellip;]","og_url":"https:\/\/www.panoramabettmeralp.ch\/it\/outdoor\/piccolo-trekking-con-le-capre\/","og_site_name":"Hotel Panorama Bettmeralp","article_modified_time":"2024-03-25T12:45:58+00:00","og_image":[{"url":"https:\/\/www.panoramabettmeralp.ch\/wp-content\/uploads\/2023\/01\/2022-12studio.vorbenpanoramabettmeralp-0522-scaled.jpg","type":"","width":"","height":""}],"twitter_card":"summary_large_image","twitter_misc":{"Tempo di lettura stimato":"2 minuti"},"schema":{"@context":"https:\/\/schema.org","@graph":[{"@type":"WebPage","@id":"https:\/\/www.panoramabettmeralp.ch\/it\/outdoor\/piccolo-trekking-con-le-capre\/","url":"https:\/\/www.panoramabettmeralp.ch\/it\/outdoor\/piccolo-trekking-con-le-capre\/","name":"Piccolo Trekking con le capre - Hotel Panorama Bettmeralp","isPartOf":{"@id":"https:\/\/www.panoramabettmeralp.ch\/#website"},"primaryImageOfPage":{"@id":"https:\/\/www.panoramabettmeralp.ch\/it\/outdoor\/piccolo-trekking-con-le-capre\/#primaryimage"},"image":{"@id":"https:\/\/www.panoramabettmeralp.ch\/it\/outdoor\/piccolo-trekking-con-le-capre\/#primaryimage"},"thumbnailUrl":"https:\/\/www.panoramabettmeralp.ch\/wp-content\/uploads\/2023\/01\/2022-12studio.vorbenpanoramabettmeralp-0522-scaled.jpg","datePublished":"2023-01-11T13:45:36+00:00","dateModified":"2024-03-25T12:45:58+00:00","breadcrumb":{"@id":"https:\/\/www.panoramabettmeralp.ch\/it\/outdoor\/piccolo-trekking-con-le-capre\/#breadcrumb"},"inLanguage":"it-IT","potentialAction":[{"@type":"ReadAction","target":["https:\/\/www.panoramabettmeralp.ch\/it\/outdoor\/piccolo-trekking-con-le-capre\/"]}]},{"@type":"ImageObject","inLanguage":"it-IT","@id":"https:\/\/www.panoramabettmeralp.ch\/it\/outdoor\/piccolo-trekking-con-le-capre\/#primaryimage","url":"https:\/\/www.panoramabettmeralp.ch\/wp-content\/uploads\/2023\/01\/2022-12studio.vorbenpanoramabettmeralp-0522-scaled.jpg","contentUrl":"https:\/\/www.panoramabettmeralp.ch\/wp-content\/uploads\/2023\/01\/2022-12studio.vorbenpanoramabettmeralp-0522-scaled.jpg"},{"@type":"BreadcrumbList","@id":"https:\/\/www.panoramabettmeralp.ch\/it\/outdoor\/piccolo-trekking-con-le-capre\/#breadcrumb","itemListElement":[{"@type":"ListItem","position":1,"name":"Startseite","item":"https:\/\/www.panoramabettmeralp.ch\/it\/"},{"@type":"ListItem","position":2,"name":"Outdoor","item":"https:\/\/www.panoramabettmeralp.ch\/it\/outdoor\/"},{"@type":"ListItem","position":3,"name":"Piccolo Trekking con le capre"}]},{"@type":"WebSite","@id":"https:\/\/www.panoramabettmeralp.ch\/#website","url":"https:\/\/www.panoramabettmeralp.ch\/","name":"Hotel Panorama Bettmeralp","description":"","publisher":{"@id":"https:\/\/www.panoramabettmeralp.ch\/#organization"},"potentialAction":[{"@type":"SearchAction","target":{"@type":"EntryPoint","urlTemplate":"https:\/\/www.panoramabettmeralp.ch\/?s={search_term_string}"},"query-input":{"@type":"PropertyValueSpecification","valueRequired":true,"valueName":"search_term_string"}}],"inLanguage":"it-IT"},{"@type":"Organization","@id":"https:\/\/www.panoramabettmeralp.ch\/#organization","name":"Hotel Panorama Bettmeralp","url":"https:\/\/www.panoramabettmeralp.ch\/","logo":{"@type":"ImageObject","inLanguage":"it-IT","@id":"https:\/\/www.panoramabettmeralp.ch\/#\/schema\/logo\/image\/","url":"https:\/\/www.panoramabettmeralp.ch\/wp-content\/uploads\/2022\/11\/Logo-Hotel-Panorama-Bettmeralp.svg","contentUrl":"https:\/\/www.panoramabettmeralp.ch\/wp-content\/uploads\/2022\/11\/Logo-Hotel-Panorama-Bettmeralp.svg","width":297,"height":60,"caption":"Hotel Panorama Bettmeralp"},"image":{"@id":"https:\/\/www.panoramabettmeralp.ch\/#\/schema\/logo\/image\/"}}]}},"_links":{"self":[{"href":"https:\/\/www.panoramabettmeralp.ch\/it\/wp-json\/wp\/v2\/pages\/5696","targetHints":{"allow":["GET"]}}],"collection":[{"href":"https:\/\/www.panoramabettmeralp.ch\/it\/wp-json\/wp\/v2\/pages"}],"about":[{"href":"https:\/\/www.panoramabettmeralp.ch\/it\/wp-json\/wp\/v2\/types\/page"}],"author":[{"embeddable":true,"href":"https:\/\/www.panoramabettmeralp.ch\/it\/wp-json\/wp\/v2\/users\/2"}],"replies":[{"embeddable":true,"href":"https:\/\/www.panoramabettmeralp.ch\/it\/wp-json\/wp\/v2\/comments?post=5696"}],"version-history":[{"count":5,"href":"https:\/\/www.panoramabettmeralp.ch\/it\/wp-json\/wp\/v2\/pages\/5696\/revisions"}],"predecessor-version":[{"id":6641,"href":"https:\/\/www.panoramabettmeralp.ch\/it\/wp-json\/wp\/v2\/pages\/5696\/revisions\/6641"}],"up":[{"embeddable":true,"href":"https:\/\/www.panoramabettmeralp.ch\/it\/wp-json\/wp\/v2\/pages\/4846"}],"wp:attachment":[{"href":"https:\/\/www.panoramabettmeralp.ch\/it\/wp-json\/wp\/v2\/media?parent=5696"}],"curies":[{"name":"wp","href":"https:\/\/api.w.org\/{rel}","templated":true}]}}