{"id":5517,"date":"2022-12-23T14:00:51","date_gmt":"2022-12-23T14:00:51","guid":{"rendered":"https:\/\/www.panoramabettmeralp.ch\/outdoor\/romantische-uebernachtung\/"},"modified":"2022-12-23T14:00:51","modified_gmt":"2022-12-23T14:00:51","slug":"romantische-uebernachtung","status":"publish","type":"page","link":"https:\/\/www.panoramabettmeralp.ch\/it\/outdoor\/romantische-uebernachtung\/","title":{"rendered":"Romantische \u00dcbernachtung"},"content":{"rendered":"<p><img decoding=\"async\" src=\"https:\/\/www.panoramabettmeralp.ch\/wp-content\/uploads\/2023\/01\/2022-12studio.vorbenpanoramabettmeralp-1002772-scaled.jpg\" alt=\"\" \/><\/p>\n<h3>Deine Auszeit<\/h3>\n<h1>Romantische \u00dcbernachtung<\/h1>\n<p>Die neue Suite im Alpenchic hat ein modernes Design.\u00a0 Das Zimmer verf\u00fcgt \u00fcber eine freistehende Badewanne mit dem Blick auf das Bergpanorama. Ausserdem k\u00f6nnen Sie auf dem Balkon die atemberaubende Aussicht geniessen und sich von einem fantastischen Tag in den Bergen erholen.<\/p>\n<ul>\n<li>Pro Person:<\/li>\n<li>Gep\u00e4cktransport<\/li>\n<li>Eintritt Hallenbad Bachtla<\/li>\n<li>1 x Ap\u00e9rogutschein<\/li>\n<\/ul>\n<table>\n<tbody>\n<tr>\n<td>Winter<\/td>\n<td>Junior Suite S\u00fcd inkl. Fr\u00fchst\u00fccksbuffet<\/td>\n<td>pro Person\/Nacht<\/td>\n<td>chf 150\u2013170<\/td>\n<\/tr>\n<tr>\n<td>Sommer<\/td>\n<td>Junior Suite S\u00fcd inkl. Fr\u00fchst\u00fccksbuffet<\/td>\n<td>pro Person\/Nacht<\/td>\n<td>chf 142<\/td>\n<\/tr>\n<\/tbody>\n<\/table>\n<p>Jede weitere Nacht wird mit den normalen Zimmerpreisen verrechnet.<\/p>\n<p>Die Junior Suite S\u00fcd ist wie folgt eingerichtet: Ger\u00e4umiges 23 m2 Zimmer, mit einem Himmelbett (180 x 200cm), Badewanne im Zimmer und Badezimmer mit Dusche. Alle Zimmer sind mit WC, TV, Telefon, Safe, Schreibtisch ausgestattet, Nichtraucherzimmer, Preise inkl. MwSt., Kurtaxen, G\u00e4stekarte Aletsch, Internet\/W-LAN.<\/p>\n<p><a href=\"mailto:info@panoramabettmeralp.ch\">Buchen<\/a><\/p>\n","protected":false},"excerpt":{"rendered":"<p>Deine Auszeit Romantische \u00dcbernachtung Die neue Suite im Alpenchic hat ein modernes Design.\u00a0 Das Zimmer verf\u00fcgt \u00fcber eine freistehende Badewanne mit dem Blick auf das Bergpanorama. Ausserdem k\u00f6nnen Sie auf dem Balkon die atemberaubende Aussicht geniessen und sich von einem fantastischen Tag in den Bergen erholen. Pro Person: Gep\u00e4cktransport Eintritt Hallenbad Bachtla 1 x Ap\u00e9rogutschein [&hellip;]<\/p>\n","protected":false},"author":2,"featured_media":0,"parent":4846,"menu_order":0,"comment_status":"closed","ping_status":"closed","template":"","meta":{"_acf_changed":false,"footnotes":""},"class_list":["post-5517","page","type-page","status-publish","hentry"],"acf":[],"yoast_head":"<!-- This site is optimized with the Yoast SEO plugin v27.4 - https:\/\/yoast.com\/product\/yoast-seo-wordpress\/ -->\n<title>Romantische \u00dcbernachtung - Hotel Panorama Bettmeralp<\/title>\n<meta name=\"robots\" content=\"index, follow, max-snippet:-1, max-image-preview:large, max-video-preview:-1\" \/>\n<link rel=\"canonical\" href=\"https:\/\/www.panoramabettmeralp.ch\/it\/outdoor\/romantische-uebernachtung\/\" \/>\n<meta property=\"og:locale\" content=\"it_IT\" \/>\n<meta property=\"og:type\" content=\"article\" \/>\n<meta property=\"og:title\" content=\"Romantische \u00dcbernachtung - Hotel Panorama Bettmeralp\" \/>\n<meta property=\"og:description\" content=\"Deine Auszeit Romantische \u00dcbernachtung Die neue Suite im Alpenchic hat ein modernes Design.\u00a0 Das Zimmer verf\u00fcgt \u00fcber eine freistehende Badewanne mit dem Blick auf das Bergpanorama. Ausserdem k\u00f6nnen Sie auf dem Balkon die atemberaubende Aussicht geniessen und sich von einem fantastischen Tag in den Bergen erholen. Pro Person: Gep\u00e4cktransport Eintritt Hallenbad Bachtla 1 x Ap\u00e9rogutschein [&hellip;]\" \/>\n<meta property=\"og:url\" content=\"https:\/\/www.panoramabettmeralp.ch\/it\/outdoor\/romantische-uebernachtung\/\" \/>\n<meta property=\"og:site_name\" content=\"Hotel Panorama Bettmeralp\" \/>\n<meta property=\"og:image\" content=\"https:\/\/www.panoramabettmeralp.ch\/wp-content\/uploads\/2023\/01\/2022-12studio.vorbenpanoramabettmeralp-1002772-scaled.jpg\" \/>\n<meta name=\"twitter:card\" content=\"summary_large_image\" \/>\n<meta name=\"twitter:label1\" content=\"Tempo di lettura stimato\" \/>\n\t<meta name=\"twitter:data1\" content=\"1 minuto\" \/>\n<script type=\"application\/ld+json\" class=\"yoast-schema-graph\">{\"@context\":\"https:\\\/\\\/schema.org\",\"@graph\":[{\"@type\":\"WebPage\",\"@id\":\"https:\\\/\\\/www.panoramabettmeralp.ch\\\/it\\\/outdoor\\\/romantische-uebernachtung\\\/\",\"url\":\"https:\\\/\\\/www.panoramabettmeralp.ch\\\/it\\\/outdoor\\\/romantische-uebernachtung\\\/\",\"name\":\"Romantische \u00dcbernachtung - Hotel Panorama Bettmeralp\",\"isPartOf\":{\"@id\":\"https:\\\/\\\/www.panoramabettmeralp.ch\\\/#website\"},\"primaryImageOfPage\":{\"@id\":\"https:\\\/\\\/www.panoramabettmeralp.ch\\\/it\\\/outdoor\\\/romantische-uebernachtung\\\/#primaryimage\"},\"image\":{\"@id\":\"https:\\\/\\\/www.panoramabettmeralp.ch\\\/it\\\/outdoor\\\/romantische-uebernachtung\\\/#primaryimage\"},\"thumbnailUrl\":\"https:\\\/\\\/www.panoramabettmeralp.ch\\\/wp-content\\\/uploads\\\/2023\\\/01\\\/2022-12studio.vorbenpanoramabettmeralp-1002772-scaled.jpg\",\"datePublished\":\"2022-12-23T14:00:51+00:00\",\"breadcrumb\":{\"@id\":\"https:\\\/\\\/www.panoramabettmeralp.ch\\\/it\\\/outdoor\\\/romantische-uebernachtung\\\/#breadcrumb\"},\"inLanguage\":\"it-IT\",\"potentialAction\":[{\"@type\":\"ReadAction\",\"target\":[\"https:\\\/\\\/www.panoramabettmeralp.ch\\\/it\\\/outdoor\\\/romantische-uebernachtung\\\/\"]}]},{\"@type\":\"ImageObject\",\"inLanguage\":\"it-IT\",\"@id\":\"https:\\\/\\\/www.panoramabettmeralp.ch\\\/it\\\/outdoor\\\/romantische-uebernachtung\\\/#primaryimage\",\"url\":\"https:\\\/\\\/www.panoramabettmeralp.ch\\\/wp-content\\\/uploads\\\/2023\\\/01\\\/2022-12studio.vorbenpanoramabettmeralp-1002772-scaled.jpg\",\"contentUrl\":\"https:\\\/\\\/www.panoramabettmeralp.ch\\\/wp-content\\\/uploads\\\/2023\\\/01\\\/2022-12studio.vorbenpanoramabettmeralp-1002772-scaled.jpg\"},{\"@type\":\"BreadcrumbList\",\"@id\":\"https:\\\/\\\/www.panoramabettmeralp.ch\\\/it\\\/outdoor\\\/romantische-uebernachtung\\\/#breadcrumb\",\"itemListElement\":[{\"@type\":\"ListItem\",\"position\":1,\"name\":\"Startseite\",\"item\":\"https:\\\/\\\/www.panoramabettmeralp.ch\\\/it\\\/\"},{\"@type\":\"ListItem\",\"position\":2,\"name\":\"Outdoor\",\"item\":\"https:\\\/\\\/www.panoramabettmeralp.ch\\\/it\\\/outdoor\\\/\"},{\"@type\":\"ListItem\",\"position\":3,\"name\":\"Romantische \u00dcbernachtung\"}]},{\"@type\":\"WebSite\",\"@id\":\"https:\\\/\\\/www.panoramabettmeralp.ch\\\/#website\",\"url\":\"https:\\\/\\\/www.panoramabettmeralp.ch\\\/\",\"name\":\"Hotel Panorama Bettmeralp\",\"description\":\"\",\"publisher\":{\"@id\":\"https:\\\/\\\/www.panoramabettmeralp.ch\\\/#organization\"},\"potentialAction\":[{\"@type\":\"SearchAction\",\"target\":{\"@type\":\"EntryPoint\",\"urlTemplate\":\"https:\\\/\\\/www.panoramabettmeralp.ch\\\/?s={search_term_string}\"},\"query-input\":{\"@type\":\"PropertyValueSpecification\",\"valueRequired\":true,\"valueName\":\"search_term_string\"}}],\"inLanguage\":\"it-IT\"},{\"@type\":\"Organization\",\"@id\":\"https:\\\/\\\/www.panoramabettmeralp.ch\\\/#organization\",\"name\":\"Hotel Panorama Bettmeralp\",\"url\":\"https:\\\/\\\/www.panoramabettmeralp.ch\\\/\",\"logo\":{\"@type\":\"ImageObject\",\"inLanguage\":\"it-IT\",\"@id\":\"https:\\\/\\\/www.panoramabettmeralp.ch\\\/#\\\/schema\\\/logo\\\/image\\\/\",\"url\":\"https:\\\/\\\/www.panoramabettmeralp.ch\\\/wp-content\\\/uploads\\\/2022\\\/11\\\/Logo-Hotel-Panorama-Bettmeralp.svg\",\"contentUrl\":\"https:\\\/\\\/www.panoramabettmeralp.ch\\\/wp-content\\\/uploads\\\/2022\\\/11\\\/Logo-Hotel-Panorama-Bettmeralp.svg\",\"width\":297,\"height\":60,\"caption\":\"Hotel Panorama Bettmeralp\"},\"image\":{\"@id\":\"https:\\\/\\\/www.panoramabettmeralp.ch\\\/#\\\/schema\\\/logo\\\/image\\\/\"}}]}<\/script>\n<!-- \/ Yoast SEO plugin. -->","yoast_head_json":{"title":"Romantische \u00dcbernachtung - Hotel Panorama Bettmeralp","robots":{"index":"index","follow":"follow","max-snippet":"max-snippet:-1","max-image-preview":"max-image-preview:large","max-video-preview":"max-video-preview:-1"},"canonical":"https:\/\/www.panoramabettmeralp.ch\/it\/outdoor\/romantische-uebernachtung\/","og_locale":"it_IT","og_type":"article","og_title":"Romantische \u00dcbernachtung - Hotel Panorama Bettmeralp","og_description":"Deine Auszeit Romantische \u00dcbernachtung Die neue Suite im Alpenchic hat ein modernes Design.\u00a0 Das Zimmer verf\u00fcgt \u00fcber eine freistehende Badewanne mit dem Blick auf das Bergpanorama. Ausserdem k\u00f6nnen Sie auf dem Balkon die atemberaubende Aussicht geniessen und sich von einem fantastischen Tag in den Bergen erholen. Pro Person: Gep\u00e4cktransport Eintritt Hallenbad Bachtla 1 x Ap\u00e9rogutschein [&hellip;]","og_url":"https:\/\/www.panoramabettmeralp.ch\/it\/outdoor\/romantische-uebernachtung\/","og_site_name":"Hotel Panorama Bettmeralp","og_image":[{"url":"https:\/\/www.panoramabettmeralp.ch\/wp-content\/uploads\/2023\/01\/2022-12studio.vorbenpanoramabettmeralp-1002772-scaled.jpg","type":"","width":"","height":""}],"twitter_card":"summary_large_image","twitter_misc":{"Tempo di lettura stimato":"1 minuto"},"schema":{"@context":"https:\/\/schema.org","@graph":[{"@type":"WebPage","@id":"https:\/\/www.panoramabettmeralp.ch\/it\/outdoor\/romantische-uebernachtung\/","url":"https:\/\/www.panoramabettmeralp.ch\/it\/outdoor\/romantische-uebernachtung\/","name":"Romantische \u00dcbernachtung - Hotel Panorama Bettmeralp","isPartOf":{"@id":"https:\/\/www.panoramabettmeralp.ch\/#website"},"primaryImageOfPage":{"@id":"https:\/\/www.panoramabettmeralp.ch\/it\/outdoor\/romantische-uebernachtung\/#primaryimage"},"image":{"@id":"https:\/\/www.panoramabettmeralp.ch\/it\/outdoor\/romantische-uebernachtung\/#primaryimage"},"thumbnailUrl":"https:\/\/www.panoramabettmeralp.ch\/wp-content\/uploads\/2023\/01\/2022-12studio.vorbenpanoramabettmeralp-1002772-scaled.jpg","datePublished":"2022-12-23T14:00:51+00:00","breadcrumb":{"@id":"https:\/\/www.panoramabettmeralp.ch\/it\/outdoor\/romantische-uebernachtung\/#breadcrumb"},"inLanguage":"it-IT","potentialAction":[{"@type":"ReadAction","target":["https:\/\/www.panoramabettmeralp.ch\/it\/outdoor\/romantische-uebernachtung\/"]}]},{"@type":"ImageObject","inLanguage":"it-IT","@id":"https:\/\/www.panoramabettmeralp.ch\/it\/outdoor\/romantische-uebernachtung\/#primaryimage","url":"https:\/\/www.panoramabettmeralp.ch\/wp-content\/uploads\/2023\/01\/2022-12studio.vorbenpanoramabettmeralp-1002772-scaled.jpg","contentUrl":"https:\/\/www.panoramabettmeralp.ch\/wp-content\/uploads\/2023\/01\/2022-12studio.vorbenpanoramabettmeralp-1002772-scaled.jpg"},{"@type":"BreadcrumbList","@id":"https:\/\/www.panoramabettmeralp.ch\/it\/outdoor\/romantische-uebernachtung\/#breadcrumb","itemListElement":[{"@type":"ListItem","position":1,"name":"Startseite","item":"https:\/\/www.panoramabettmeralp.ch\/it\/"},{"@type":"ListItem","position":2,"name":"Outdoor","item":"https:\/\/www.panoramabettmeralp.ch\/it\/outdoor\/"},{"@type":"ListItem","position":3,"name":"Romantische \u00dcbernachtung"}]},{"@type":"WebSite","@id":"https:\/\/www.panoramabettmeralp.ch\/#website","url":"https:\/\/www.panoramabettmeralp.ch\/","name":"Hotel Panorama Bettmeralp","description":"","publisher":{"@id":"https:\/\/www.panoramabettmeralp.ch\/#organization"},"potentialAction":[{"@type":"SearchAction","target":{"@type":"EntryPoint","urlTemplate":"https:\/\/www.panoramabettmeralp.ch\/?s={search_term_string}"},"query-input":{"@type":"PropertyValueSpecification","valueRequired":true,"valueName":"search_term_string"}}],"inLanguage":"it-IT"},{"@type":"Organization","@id":"https:\/\/www.panoramabettmeralp.ch\/#organization","name":"Hotel Panorama Bettmeralp","url":"https:\/\/www.panoramabettmeralp.ch\/","logo":{"@type":"ImageObject","inLanguage":"it-IT","@id":"https:\/\/www.panoramabettmeralp.ch\/#\/schema\/logo\/image\/","url":"https:\/\/www.panoramabettmeralp.ch\/wp-content\/uploads\/2022\/11\/Logo-Hotel-Panorama-Bettmeralp.svg","contentUrl":"https:\/\/www.panoramabettmeralp.ch\/wp-content\/uploads\/2022\/11\/Logo-Hotel-Panorama-Bettmeralp.svg","width":297,"height":60,"caption":"Hotel Panorama Bettmeralp"},"image":{"@id":"https:\/\/www.panoramabettmeralp.ch\/#\/schema\/logo\/image\/"}}]}},"_links":{"self":[{"href":"https:\/\/www.panoramabettmeralp.ch\/it\/wp-json\/wp\/v2\/pages\/5517","targetHints":{"allow":["GET"]}}],"collection":[{"href":"https:\/\/www.panoramabettmeralp.ch\/it\/wp-json\/wp\/v2\/pages"}],"about":[{"href":"https:\/\/www.panoramabettmeralp.ch\/it\/wp-json\/wp\/v2\/types\/page"}],"author":[{"embeddable":true,"href":"https:\/\/www.panoramabettmeralp.ch\/it\/wp-json\/wp\/v2\/users\/2"}],"replies":[{"embeddable":true,"href":"https:\/\/www.panoramabettmeralp.ch\/it\/wp-json\/wp\/v2\/comments?post=5517"}],"version-history":[{"count":0,"href":"https:\/\/www.panoramabettmeralp.ch\/it\/wp-json\/wp\/v2\/pages\/5517\/revisions"}],"up":[{"embeddable":true,"href":"https:\/\/www.panoramabettmeralp.ch\/it\/wp-json\/wp\/v2\/pages\/4846"}],"wp:attachment":[{"href":"https:\/\/www.panoramabettmeralp.ch\/it\/wp-json\/wp\/v2\/media?parent=5517"}],"curies":[{"name":"wp","href":"https:\/\/api.w.org\/{rel}","templated":true}]}}