{"id":6077,"date":"2023-01-26T15:00:58","date_gmt":"2023-01-26T15:00:58","guid":{"rendered":"https:\/\/www.panoramabettmeralp.ch\/datenschutzerklaerung\/"},"modified":"2023-08-15T12:01:21","modified_gmt":"2023-08-15T12:01:21","slug":"declaration-de-confidentialite","status":"publish","type":"page","link":"https:\/\/www.panoramabettmeralp.ch\/fr\/declaration-de-confidentialite\/","title":{"rendered":"D\u00e9claration de confidentialit\u00e9"},"content":{"rendered":"\t\t<div data-elementor-type=\"wp-page\" data-elementor-id=\"6077\" class=\"elementor elementor-6077\" data-elementor-post-type=\"page\">\n\t\t\t\t\t\t<section class=\"elementor-section elementor-top-section elementor-element elementor-element-b9446de elementor-section-boxed elementor-section-height-default elementor-section-height-default\" data-id=\"b9446de\" data-element_type=\"section\" data-e-type=\"section\" data-settings=\"{&quot;background_background&quot;:&quot;classic&quot;}\">\n\t\t\t\t\t\t<div class=\"elementor-container elementor-column-gap-default\">\n\t\t\t\t\t<div class=\"elementor-column elementor-col-100 elementor-top-column elementor-element elementor-element-68002a1\" data-id=\"68002a1\" data-element_type=\"column\" data-e-type=\"column\">\n\t\t\t<div class=\"elementor-widget-wrap elementor-element-populated\">\n\t\t\t\t\t\t<div class=\"elementor-element elementor-element-56cc23e elementor-widget__width-initial elementor-widget elementor-widget-text-editor\" data-id=\"56cc23e\" data-element_type=\"widget\" data-e-type=\"widget\" data-widget_type=\"text-editor.default\">\n\t\t\t\t<div class=\"elementor-widget-container\">\n\t\t\t\t\t\t\t\t\t<h3>Hotel Panorama<\/h3><h1>D\u00e9claration de confidentialit\u00e9<\/h1><p>La d\u00e9claration de protection des donn\u00e9es ci-apr\u00e8s s&rsquo;applique \u00e0 l&rsquo;utilisation du site web www.panoramabettmeralp.ch (ci-apr\u00e8s \u00ab\u00a0site web\u00a0\u00bb). La collecte et le traitement d&rsquo;\u00e9ventuelles donn\u00e9es personnelles s&rsquo;effectuent dans le respect des dispositions l\u00e9gales en vigueur en mati\u00e8re de protection des donn\u00e9es, notamment de la loi f\u00e9d\u00e9rale sur la protection des donn\u00e9es (LPD) et du r\u00e8glement g\u00e9n\u00e9ral sur la protection des donn\u00e9es de l&rsquo;Union europ\u00e9enne (RGPD).<\/p>\t\t\t\t\t\t\t\t<\/div>\n\t\t\t\t<\/div>\n\t\t\t\t\t<\/div>\n\t\t<\/div>\n\t\t\t\t\t<\/div>\n\t\t<\/section>\n\t\t\t\t<section class=\"elementor-section elementor-top-section elementor-element elementor-element-178459f elementor-section-boxed elementor-section-height-default elementor-section-height-default\" data-id=\"178459f\" data-element_type=\"section\" data-e-type=\"section\" data-settings=\"{&quot;background_background&quot;:&quot;classic&quot;}\">\n\t\t\t\t\t\t<div class=\"elementor-container elementor-column-gap-default\">\n\t\t\t\t\t<div class=\"elementor-column elementor-col-100 elementor-top-column elementor-element elementor-element-2b73ea5\" data-id=\"2b73ea5\" data-element_type=\"column\" data-e-type=\"column\">\n\t\t\t<div class=\"elementor-widget-wrap elementor-element-populated\">\n\t\t\t\t\t\t<div class=\"elementor-element elementor-element-97b7690 elementor-widget elementor-widget-html\" data-id=\"97b7690\" data-element_type=\"widget\" data-e-type=\"widget\" data-widget_type=\"html.default\">\n\t\t\t\t<div class=\"elementor-widget-container\">\n\t\t\t\t\t<script src=\"https:\/\/www.privacybee.ch\/widget.js\"><\/script>\n<privacybee-widget website-id=\"cllc8vu803689120vbvd162a2w\" lang=\"fr\"><\/privacybee-widget>\t\t\t\t<\/div>\n\t\t\t\t<\/div>\n\t\t\t\t\t<\/div>\n\t\t<\/div>\n\t\t\t\t\t<\/div>\n\t\t<\/section>\n\t\t\t\t<\/div>\n\t\t","protected":false},"excerpt":{"rendered":"<p>Hotel Panorama D\u00e9claration de confidentialit\u00e9 La d\u00e9claration de protection des donn\u00e9es ci-apr\u00e8s s&rsquo;applique \u00e0 l&rsquo;utilisation du site web www.panoramabettmeralp.ch (ci-apr\u00e8s \u00ab\u00a0site web\u00a0\u00bb). La collecte et le traitement d&rsquo;\u00e9ventuelles donn\u00e9es personnelles s&rsquo;effectuent dans le respect des dispositions l\u00e9gales en vigueur en mati\u00e8re de protection des donn\u00e9es, notamment de la loi f\u00e9d\u00e9rale sur la protection des donn\u00e9es [&hellip;]<\/p>\n","protected":false},"author":1,"featured_media":0,"parent":0,"menu_order":0,"comment_status":"closed","ping_status":"closed","template":"","meta":{"_acf_changed":false,"footnotes":""},"class_list":["post-6077","page","type-page","status-publish","hentry"],"acf":[],"yoast_head":"<!-- This site is optimized with the Yoast SEO plugin v27.4 - https:\/\/yoast.com\/product\/yoast-seo-wordpress\/ -->\n<title>D\u00e9claration de confidentialit\u00e9 - Hotel Panorama Bettmeralp<\/title>\n<meta name=\"robots\" content=\"noindex, nofollow\" \/>\n<meta property=\"og:locale\" content=\"fr_FR\" \/>\n<meta property=\"og:type\" content=\"article\" \/>\n<meta property=\"og:title\" content=\"D\u00e9claration de confidentialit\u00e9 - Hotel Panorama Bettmeralp\" \/>\n<meta property=\"og:description\" content=\"Hotel Panorama D\u00e9claration de confidentialit\u00e9 La d\u00e9claration de protection des donn\u00e9es ci-apr\u00e8s s&rsquo;applique \u00e0 l&rsquo;utilisation du site web www.panoramabettmeralp.ch (ci-apr\u00e8s \u00ab\u00a0site web\u00a0\u00bb). La collecte et le traitement d&rsquo;\u00e9ventuelles donn\u00e9es personnelles s&rsquo;effectuent dans le respect des dispositions l\u00e9gales en vigueur en mati\u00e8re de protection des donn\u00e9es, notamment de la loi f\u00e9d\u00e9rale sur la protection des donn\u00e9es [&hellip;]\" \/>\n<meta property=\"og:url\" content=\"https:\/\/www.panoramabettmeralp.ch\/fr\/declaration-de-confidentialite\/\" \/>\n<meta property=\"og:site_name\" content=\"Hotel Panorama Bettmeralp\" \/>\n<meta property=\"article:modified_time\" content=\"2023-08-15T12:01:21+00:00\" \/>\n<meta name=\"twitter:card\" content=\"summary_large_image\" \/>\n<meta name=\"twitter:label1\" content=\"Dur\u00e9e de lecture estim\u00e9e\" \/>\n\t<meta name=\"twitter:data1\" content=\"18 minutes\" \/>\n<script type=\"application\/ld+json\" class=\"yoast-schema-graph\">{\"@context\":\"https:\\\/\\\/schema.org\",\"@graph\":[{\"@type\":\"WebPage\",\"@id\":\"https:\\\/\\\/www.panoramabettmeralp.ch\\\/fr\\\/declaration-de-confidentialite\\\/\",\"url\":\"https:\\\/\\\/www.panoramabettmeralp.ch\\\/fr\\\/declaration-de-confidentialite\\\/\",\"name\":\"D\u00e9claration de confidentialit\u00e9 - Hotel Panorama Bettmeralp\",\"isPartOf\":{\"@id\":\"https:\\\/\\\/www.panoramabettmeralp.ch\\\/#website\"},\"datePublished\":\"2023-01-26T15:00:58+00:00\",\"dateModified\":\"2023-08-15T12:01:21+00:00\",\"breadcrumb\":{\"@id\":\"https:\\\/\\\/www.panoramabettmeralp.ch\\\/fr\\\/declaration-de-confidentialite\\\/#breadcrumb\"},\"inLanguage\":\"fr-FR\",\"potentialAction\":[{\"@type\":\"ReadAction\",\"target\":[\"https:\\\/\\\/www.panoramabettmeralp.ch\\\/fr\\\/declaration-de-confidentialite\\\/\"]}]},{\"@type\":\"BreadcrumbList\",\"@id\":\"https:\\\/\\\/www.panoramabettmeralp.ch\\\/fr\\\/declaration-de-confidentialite\\\/#breadcrumb\",\"itemListElement\":[{\"@type\":\"ListItem\",\"position\":1,\"name\":\"Startseite\",\"item\":\"https:\\\/\\\/www.panoramabettmeralp.ch\\\/fr\\\/\"},{\"@type\":\"ListItem\",\"position\":2,\"name\":\"D\u00e9claration de confidentialit\u00e9\"}]},{\"@type\":\"WebSite\",\"@id\":\"https:\\\/\\\/www.panoramabettmeralp.ch\\\/#website\",\"url\":\"https:\\\/\\\/www.panoramabettmeralp.ch\\\/\",\"name\":\"Hotel Panorama Bettmeralp\",\"description\":\"\",\"publisher\":{\"@id\":\"https:\\\/\\\/www.panoramabettmeralp.ch\\\/#organization\"},\"potentialAction\":[{\"@type\":\"SearchAction\",\"target\":{\"@type\":\"EntryPoint\",\"urlTemplate\":\"https:\\\/\\\/www.panoramabettmeralp.ch\\\/?s={search_term_string}\"},\"query-input\":{\"@type\":\"PropertyValueSpecification\",\"valueRequired\":true,\"valueName\":\"search_term_string\"}}],\"inLanguage\":\"fr-FR\"},{\"@type\":\"Organization\",\"@id\":\"https:\\\/\\\/www.panoramabettmeralp.ch\\\/#organization\",\"name\":\"Hotel Panorama Bettmeralp\",\"url\":\"https:\\\/\\\/www.panoramabettmeralp.ch\\\/\",\"logo\":{\"@type\":\"ImageObject\",\"inLanguage\":\"fr-FR\",\"@id\":\"https:\\\/\\\/www.panoramabettmeralp.ch\\\/#\\\/schema\\\/logo\\\/image\\\/\",\"url\":\"https:\\\/\\\/www.panoramabettmeralp.ch\\\/wp-content\\\/uploads\\\/2022\\\/11\\\/Logo-Hotel-Panorama-Bettmeralp.svg\",\"contentUrl\":\"https:\\\/\\\/www.panoramabettmeralp.ch\\\/wp-content\\\/uploads\\\/2022\\\/11\\\/Logo-Hotel-Panorama-Bettmeralp.svg\",\"width\":297,\"height\":60,\"caption\":\"Hotel Panorama Bettmeralp\"},\"image\":{\"@id\":\"https:\\\/\\\/www.panoramabettmeralp.ch\\\/#\\\/schema\\\/logo\\\/image\\\/\"}}]}<\/script>\n<!-- \/ Yoast SEO plugin. -->","yoast_head_json":{"title":"D\u00e9claration de confidentialit\u00e9 - Hotel Panorama Bettmeralp","robots":{"index":"noindex","follow":"nofollow"},"og_locale":"fr_FR","og_type":"article","og_title":"D\u00e9claration de confidentialit\u00e9 - Hotel Panorama Bettmeralp","og_description":"Hotel Panorama D\u00e9claration de confidentialit\u00e9 La d\u00e9claration de protection des donn\u00e9es ci-apr\u00e8s s&rsquo;applique \u00e0 l&rsquo;utilisation du site web www.panoramabettmeralp.ch (ci-apr\u00e8s \u00ab\u00a0site web\u00a0\u00bb). La collecte et le traitement d&rsquo;\u00e9ventuelles donn\u00e9es personnelles s&rsquo;effectuent dans le respect des dispositions l\u00e9gales en vigueur en mati\u00e8re de protection des donn\u00e9es, notamment de la loi f\u00e9d\u00e9rale sur la protection des donn\u00e9es [&hellip;]","og_url":"https:\/\/www.panoramabettmeralp.ch\/fr\/declaration-de-confidentialite\/","og_site_name":"Hotel Panorama Bettmeralp","article_modified_time":"2023-08-15T12:01:21+00:00","twitter_card":"summary_large_image","twitter_misc":{"Dur\u00e9e de lecture estim\u00e9e":"18 minutes"},"schema":{"@context":"https:\/\/schema.org","@graph":[{"@type":"WebPage","@id":"https:\/\/www.panoramabettmeralp.ch\/fr\/declaration-de-confidentialite\/","url":"https:\/\/www.panoramabettmeralp.ch\/fr\/declaration-de-confidentialite\/","name":"D\u00e9claration de confidentialit\u00e9 - Hotel Panorama Bettmeralp","isPartOf":{"@id":"https:\/\/www.panoramabettmeralp.ch\/#website"},"datePublished":"2023-01-26T15:00:58+00:00","dateModified":"2023-08-15T12:01:21+00:00","breadcrumb":{"@id":"https:\/\/www.panoramabettmeralp.ch\/fr\/declaration-de-confidentialite\/#breadcrumb"},"inLanguage":"fr-FR","potentialAction":[{"@type":"ReadAction","target":["https:\/\/www.panoramabettmeralp.ch\/fr\/declaration-de-confidentialite\/"]}]},{"@type":"BreadcrumbList","@id":"https:\/\/www.panoramabettmeralp.ch\/fr\/declaration-de-confidentialite\/#breadcrumb","itemListElement":[{"@type":"ListItem","position":1,"name":"Startseite","item":"https:\/\/www.panoramabettmeralp.ch\/fr\/"},{"@type":"ListItem","position":2,"name":"D\u00e9claration de confidentialit\u00e9"}]},{"@type":"WebSite","@id":"https:\/\/www.panoramabettmeralp.ch\/#website","url":"https:\/\/www.panoramabettmeralp.ch\/","name":"Hotel Panorama Bettmeralp","description":"","publisher":{"@id":"https:\/\/www.panoramabettmeralp.ch\/#organization"},"potentialAction":[{"@type":"SearchAction","target":{"@type":"EntryPoint","urlTemplate":"https:\/\/www.panoramabettmeralp.ch\/?s={search_term_string}"},"query-input":{"@type":"PropertyValueSpecification","valueRequired":true,"valueName":"search_term_string"}}],"inLanguage":"fr-FR"},{"@type":"Organization","@id":"https:\/\/www.panoramabettmeralp.ch\/#organization","name":"Hotel Panorama Bettmeralp","url":"https:\/\/www.panoramabettmeralp.ch\/","logo":{"@type":"ImageObject","inLanguage":"fr-FR","@id":"https:\/\/www.panoramabettmeralp.ch\/#\/schema\/logo\/image\/","url":"https:\/\/www.panoramabettmeralp.ch\/wp-content\/uploads\/2022\/11\/Logo-Hotel-Panorama-Bettmeralp.svg","contentUrl":"https:\/\/www.panoramabettmeralp.ch\/wp-content\/uploads\/2022\/11\/Logo-Hotel-Panorama-Bettmeralp.svg","width":297,"height":60,"caption":"Hotel Panorama Bettmeralp"},"image":{"@id":"https:\/\/www.panoramabettmeralp.ch\/#\/schema\/logo\/image\/"}}]}},"_links":{"self":[{"href":"https:\/\/www.panoramabettmeralp.ch\/fr\/wp-json\/wp\/v2\/pages\/6077","targetHints":{"allow":["GET"]}}],"collection":[{"href":"https:\/\/www.panoramabettmeralp.ch\/fr\/wp-json\/wp\/v2\/pages"}],"about":[{"href":"https:\/\/www.panoramabettmeralp.ch\/fr\/wp-json\/wp\/v2\/types\/page"}],"author":[{"embeddable":true,"href":"https:\/\/www.panoramabettmeralp.ch\/fr\/wp-json\/wp\/v2\/users\/1"}],"replies":[{"embeddable":true,"href":"https:\/\/www.panoramabettmeralp.ch\/fr\/wp-json\/wp\/v2\/comments?post=6077"}],"version-history":[{"count":3,"href":"https:\/\/www.panoramabettmeralp.ch\/fr\/wp-json\/wp\/v2\/pages\/6077\/revisions"}],"predecessor-version":[{"id":6122,"href":"https:\/\/www.panoramabettmeralp.ch\/fr\/wp-json\/wp\/v2\/pages\/6077\/revisions\/6122"}],"wp:attachment":[{"href":"https:\/\/www.panoramabettmeralp.ch\/fr\/wp-json\/wp\/v2\/media?parent=6077"}],"curies":[{"name":"wp","href":"https:\/\/api.w.org\/{rel}","templated":true}]}}