{"id":6059,"date":"2023-01-26T14:43:25","date_gmt":"2023-01-26T14:43:25","guid":{"rendered":"https:\/\/www.panoramabettmeralp.ch\/impressum\/"},"modified":"2023-08-15T09:10:00","modified_gmt":"2023-08-15T09:10:00","slug":"mentions-legales","status":"publish","type":"page","link":"https:\/\/www.panoramabettmeralp.ch\/fr\/mentions-legales\/","title":{"rendered":"Mentions l\u00e9gales"},"content":{"rendered":"\t\t<div data-elementor-type=\"wp-page\" data-elementor-id=\"6059\" class=\"elementor elementor-6059\" data-elementor-post-type=\"page\">\n\t\t\t\t\t\t<section class=\"elementor-section elementor-top-section elementor-element elementor-element-b9446de elementor-section-boxed elementor-section-height-default elementor-section-height-default\" data-id=\"b9446de\" data-element_type=\"section\" data-e-type=\"section\" data-settings=\"{&quot;background_background&quot;:&quot;classic&quot;}\">\n\t\t\t\t\t\t<div class=\"elementor-container elementor-column-gap-default\">\n\t\t\t\t\t<div class=\"elementor-column elementor-col-100 elementor-top-column elementor-element elementor-element-68002a1\" data-id=\"68002a1\" data-element_type=\"column\" data-e-type=\"column\">\n\t\t\t<div class=\"elementor-widget-wrap elementor-element-populated\">\n\t\t\t\t\t\t<div class=\"elementor-element elementor-element-56cc23e elementor-widget__width-initial elementor-widget elementor-widget-text-editor\" data-id=\"56cc23e\" data-element_type=\"widget\" data-e-type=\"widget\" data-widget_type=\"text-editor.default\">\n\t\t\t\t<div class=\"elementor-widget-container\">\n\t\t\t\t\t\t\t\t\t<h3>Hotel Panorama<\/h3><h1>Mentions l\u00e9gales<\/h1>\t\t\t\t\t\t\t\t<\/div>\n\t\t\t\t<\/div>\n\t\t\t\t\t<\/div>\n\t\t<\/div>\n\t\t\t\t\t<\/div>\n\t\t<\/section>\n\t\t\t\t<section class=\"elementor-section elementor-top-section elementor-element elementor-element-178459f elementor-section-boxed elementor-section-height-default elementor-section-height-default\" data-id=\"178459f\" data-element_type=\"section\" data-e-type=\"section\" data-settings=\"{&quot;background_background&quot;:&quot;classic&quot;}\">\n\t\t\t\t\t\t<div class=\"elementor-container elementor-column-gap-default\">\n\t\t\t\t\t<div class=\"elementor-column elementor-col-100 elementor-top-column elementor-element elementor-element-2b73ea5\" data-id=\"2b73ea5\" data-element_type=\"column\" data-e-type=\"column\">\n\t\t\t<div class=\"elementor-widget-wrap elementor-element-populated\">\n\t\t\t\t\t\t<div class=\"elementor-element elementor-element-aa83199 elementor-widget elementor-widget-text-editor\" data-id=\"aa83199\" data-element_type=\"widget\" data-e-type=\"widget\" data-widget_type=\"text-editor.default\">\n\t\t\t\t<div class=\"elementor-widget-container\">\n\t\t\t\t\t\t\t\t\t<h2>Responsable du contenu<\/h2><p>Panorama Hotel &amp; Restaurant<br \/>Serge Schmidhalter &amp; Marina Clausen<br \/>Postfach 23<br \/>3992 Bettmeralp<\/p><p>Telefon: +41 27 927 13 75<br \/>E-Mail:\u00a0<a href=\"mailto:info@panoramabettmeralp.ch\">info@panoramabettmeralp.ch<\/a><\/p><h2>Conception et design<\/h2><p>Metaloop AG<br \/>Furkastrasse 3<br \/>CH-3900 Brig<\/p><p>Telefon: +41 27 922 08 50<br \/>E-Mail:\u00a0<a href=\"mailto:info@metaloop.ch\">info@metaloop.ch<\/a><br \/>Website:\u00a0<a href=\"https:\/\/www.metaloop.ch\/\" target=\"_blank\" rel=\"noopener\">www.metaloop.ch<\/a><\/p><h2>Programmation, h\u00e9bergement et maintenance<\/h2><p>Valpix GmbH<br \/>Kehrstrasse 12<br \/>3904 Naters<\/p><p>Telefon: 027 924 60 82<br \/>E-Mail:\u00a0<a href=\"mailto:hallo@valpix.ch\">hallo@valpix.ch<\/a><br \/>Website:\u00a0<a href=\"https:\/\/www.valpix.ch\/\" target=\"_blank\" rel=\"noopener\">www.valpix.ch<\/a><\/p><p><a title=\"WordPress Agentur Wallis\" href=\"https:\/\/www.valpix.ch\/angebot\/\" target=\"_blank\" rel=\"noopener\">Agence WordPress professionnelle du Valais<\/a><\/p><h2>Avis de responsabilit\u00e9<\/h2><p>Le contenu de ces pages web est mis \u00e0 jour avec le plus grand soin. N\u00e9anmoins, aucune responsabilit\u00e9 n&rsquo;est assum\u00e9e pour le contenu. Sous r\u00e9serve de fautes d&rsquo;impression, d&rsquo;erreurs et de modifications. Le contenu est prot\u00e9g\u00e9 par les droits d&rsquo;auteur. Nous n&rsquo;assumons aucune responsabilit\u00e9 pour le contenu des liens externes. Seuls les exploitants des pages li\u00e9es sont responsables de leur contenu.<\/p>\t\t\t\t\t\t\t\t<\/div>\n\t\t\t\t<\/div>\n\t\t\t\t\t<\/div>\n\t\t<\/div>\n\t\t\t\t\t<\/div>\n\t\t<\/section>\n\t\t\t\t<\/div>\n\t\t","protected":false},"excerpt":{"rendered":"<p>Hotel Panorama Mentions l\u00e9gales Responsable du contenu Panorama Hotel &amp; RestaurantSerge Schmidhalter &amp; Marina ClausenPostfach 233992 Bettmeralp Telefon: +41 27 927 13 75E-Mail:\u00a0info@panoramabettmeralp.ch Conception et design Metaloop AGFurkastrasse 3CH-3900 Brig Telefon: +41 27 922 08 50E-Mail:\u00a0info@metaloop.chWebsite:\u00a0www.metaloop.ch Programmation, h\u00e9bergement et maintenance Valpix GmbHKehrstrasse 123904 Naters Telefon: 027 924 60 82E-Mail:\u00a0hallo@valpix.chWebsite:\u00a0www.valpix.ch Agence WordPress professionnelle du Valais Avis [&hellip;]<\/p>\n","protected":false},"author":1,"featured_media":0,"parent":0,"menu_order":0,"comment_status":"closed","ping_status":"closed","template":"","meta":{"_acf_changed":false,"footnotes":""},"class_list":["post-6059","page","type-page","status-publish","hentry"],"acf":[],"yoast_head":"<!-- This site is optimized with the Yoast SEO plugin v27.4 - https:\/\/yoast.com\/product\/yoast-seo-wordpress\/ -->\n<title>Mentions l\u00e9gales - Hotel Panorama Bettmeralp<\/title>\n<meta name=\"robots\" content=\"noindex, nofollow\" \/>\n<meta property=\"og:locale\" content=\"fr_FR\" \/>\n<meta property=\"og:type\" content=\"article\" \/>\n<meta property=\"og:title\" content=\"Mentions l\u00e9gales - Hotel Panorama Bettmeralp\" \/>\n<meta property=\"og:description\" content=\"Hotel Panorama Mentions l\u00e9gales Responsable du contenu Panorama Hotel &amp; RestaurantSerge Schmidhalter &amp; Marina ClausenPostfach 233992 Bettmeralp Telefon: +41 27 927 13 75E-Mail:\u00a0info@panoramabettmeralp.ch Conception et design Metaloop AGFurkastrasse 3CH-3900 Brig Telefon: +41 27 922 08 50E-Mail:\u00a0info@metaloop.chWebsite:\u00a0www.metaloop.ch Programmation, h\u00e9bergement et maintenance Valpix GmbHKehrstrasse 123904 Naters Telefon: 027 924 60 82E-Mail:\u00a0hallo@valpix.chWebsite:\u00a0www.valpix.ch Agence WordPress professionnelle du Valais Avis [&hellip;]\" \/>\n<meta property=\"og:url\" content=\"https:\/\/www.panoramabettmeralp.ch\/it\/impronta\/\" \/>\n<meta property=\"og:site_name\" content=\"Hotel Panorama Bettmeralp\" \/>\n<meta property=\"article:modified_time\" content=\"2023-08-15T09:10:00+00:00\" \/>\n<meta name=\"twitter:card\" content=\"summary_large_image\" \/>\n<meta name=\"twitter:label1\" content=\"Dur\u00e9e de lecture estim\u00e9e\" \/>\n\t<meta name=\"twitter:data1\" content=\"1 minute\" \/>\n<script type=\"application\/ld+json\" class=\"yoast-schema-graph\">{\"@context\":\"https:\\\/\\\/schema.org\",\"@graph\":[{\"@type\":\"WebPage\",\"@id\":\"https:\\\/\\\/www.panoramabettmeralp.ch\\\/it\\\/impronta\\\/\",\"url\":\"https:\\\/\\\/www.panoramabettmeralp.ch\\\/it\\\/impronta\\\/\",\"name\":\"Mentions l\u00e9gales - Hotel Panorama Bettmeralp\",\"isPartOf\":{\"@id\":\"https:\\\/\\\/www.panoramabettmeralp.ch\\\/#website\"},\"datePublished\":\"2023-01-26T14:43:25+00:00\",\"dateModified\":\"2023-08-15T09:10:00+00:00\",\"breadcrumb\":{\"@id\":\"https:\\\/\\\/www.panoramabettmeralp.ch\\\/it\\\/impronta\\\/#breadcrumb\"},\"inLanguage\":\"fr-FR\",\"potentialAction\":[{\"@type\":\"ReadAction\",\"target\":[\"https:\\\/\\\/www.panoramabettmeralp.ch\\\/it\\\/impronta\\\/\"]}]},{\"@type\":\"BreadcrumbList\",\"@id\":\"https:\\\/\\\/www.panoramabettmeralp.ch\\\/it\\\/impronta\\\/#breadcrumb\",\"itemListElement\":[{\"@type\":\"ListItem\",\"position\":1,\"name\":\"Startseite\",\"item\":\"https:\\\/\\\/www.panoramabettmeralp.ch\\\/fr\\\/\"},{\"@type\":\"ListItem\",\"position\":2,\"name\":\"Mentions l\u00e9gales\"}]},{\"@type\":\"WebSite\",\"@id\":\"https:\\\/\\\/www.panoramabettmeralp.ch\\\/#website\",\"url\":\"https:\\\/\\\/www.panoramabettmeralp.ch\\\/\",\"name\":\"Hotel Panorama Bettmeralp\",\"description\":\"\",\"publisher\":{\"@id\":\"https:\\\/\\\/www.panoramabettmeralp.ch\\\/#organization\"},\"potentialAction\":[{\"@type\":\"SearchAction\",\"target\":{\"@type\":\"EntryPoint\",\"urlTemplate\":\"https:\\\/\\\/www.panoramabettmeralp.ch\\\/?s={search_term_string}\"},\"query-input\":{\"@type\":\"PropertyValueSpecification\",\"valueRequired\":true,\"valueName\":\"search_term_string\"}}],\"inLanguage\":\"fr-FR\"},{\"@type\":\"Organization\",\"@id\":\"https:\\\/\\\/www.panoramabettmeralp.ch\\\/#organization\",\"name\":\"Hotel Panorama Bettmeralp\",\"url\":\"https:\\\/\\\/www.panoramabettmeralp.ch\\\/\",\"logo\":{\"@type\":\"ImageObject\",\"inLanguage\":\"fr-FR\",\"@id\":\"https:\\\/\\\/www.panoramabettmeralp.ch\\\/#\\\/schema\\\/logo\\\/image\\\/\",\"url\":\"https:\\\/\\\/www.panoramabettmeralp.ch\\\/wp-content\\\/uploads\\\/2022\\\/11\\\/Logo-Hotel-Panorama-Bettmeralp.svg\",\"contentUrl\":\"https:\\\/\\\/www.panoramabettmeralp.ch\\\/wp-content\\\/uploads\\\/2022\\\/11\\\/Logo-Hotel-Panorama-Bettmeralp.svg\",\"width\":297,\"height\":60,\"caption\":\"Hotel Panorama Bettmeralp\"},\"image\":{\"@id\":\"https:\\\/\\\/www.panoramabettmeralp.ch\\\/#\\\/schema\\\/logo\\\/image\\\/\"}}]}<\/script>\n<!-- \/ Yoast SEO plugin. -->","yoast_head_json":{"title":"Mentions l\u00e9gales - Hotel Panorama Bettmeralp","robots":{"index":"noindex","follow":"nofollow"},"og_locale":"fr_FR","og_type":"article","og_title":"Mentions l\u00e9gales - Hotel Panorama Bettmeralp","og_description":"Hotel Panorama Mentions l\u00e9gales Responsable du contenu Panorama Hotel &amp; RestaurantSerge Schmidhalter &amp; Marina ClausenPostfach 233992 Bettmeralp Telefon: +41 27 927 13 75E-Mail:\u00a0info@panoramabettmeralp.ch Conception et design Metaloop AGFurkastrasse 3CH-3900 Brig Telefon: +41 27 922 08 50E-Mail:\u00a0info@metaloop.chWebsite:\u00a0www.metaloop.ch Programmation, h\u00e9bergement et maintenance Valpix GmbHKehrstrasse 123904 Naters Telefon: 027 924 60 82E-Mail:\u00a0hallo@valpix.chWebsite:\u00a0www.valpix.ch Agence WordPress professionnelle du Valais Avis [&hellip;]","og_url":"https:\/\/www.panoramabettmeralp.ch\/it\/impronta\/","og_site_name":"Hotel Panorama Bettmeralp","article_modified_time":"2023-08-15T09:10:00+00:00","twitter_card":"summary_large_image","twitter_misc":{"Dur\u00e9e de lecture estim\u00e9e":"1 minute"},"schema":{"@context":"https:\/\/schema.org","@graph":[{"@type":"WebPage","@id":"https:\/\/www.panoramabettmeralp.ch\/it\/impronta\/","url":"https:\/\/www.panoramabettmeralp.ch\/it\/impronta\/","name":"Mentions l\u00e9gales - Hotel Panorama Bettmeralp","isPartOf":{"@id":"https:\/\/www.panoramabettmeralp.ch\/#website"},"datePublished":"2023-01-26T14:43:25+00:00","dateModified":"2023-08-15T09:10:00+00:00","breadcrumb":{"@id":"https:\/\/www.panoramabettmeralp.ch\/it\/impronta\/#breadcrumb"},"inLanguage":"fr-FR","potentialAction":[{"@type":"ReadAction","target":["https:\/\/www.panoramabettmeralp.ch\/it\/impronta\/"]}]},{"@type":"BreadcrumbList","@id":"https:\/\/www.panoramabettmeralp.ch\/it\/impronta\/#breadcrumb","itemListElement":[{"@type":"ListItem","position":1,"name":"Startseite","item":"https:\/\/www.panoramabettmeralp.ch\/fr\/"},{"@type":"ListItem","position":2,"name":"Mentions l\u00e9gales"}]},{"@type":"WebSite","@id":"https:\/\/www.panoramabettmeralp.ch\/#website","url":"https:\/\/www.panoramabettmeralp.ch\/","name":"Hotel Panorama Bettmeralp","description":"","publisher":{"@id":"https:\/\/www.panoramabettmeralp.ch\/#organization"},"potentialAction":[{"@type":"SearchAction","target":{"@type":"EntryPoint","urlTemplate":"https:\/\/www.panoramabettmeralp.ch\/?s={search_term_string}"},"query-input":{"@type":"PropertyValueSpecification","valueRequired":true,"valueName":"search_term_string"}}],"inLanguage":"fr-FR"},{"@type":"Organization","@id":"https:\/\/www.panoramabettmeralp.ch\/#organization","name":"Hotel Panorama Bettmeralp","url":"https:\/\/www.panoramabettmeralp.ch\/","logo":{"@type":"ImageObject","inLanguage":"fr-FR","@id":"https:\/\/www.panoramabettmeralp.ch\/#\/schema\/logo\/image\/","url":"https:\/\/www.panoramabettmeralp.ch\/wp-content\/uploads\/2022\/11\/Logo-Hotel-Panorama-Bettmeralp.svg","contentUrl":"https:\/\/www.panoramabettmeralp.ch\/wp-content\/uploads\/2022\/11\/Logo-Hotel-Panorama-Bettmeralp.svg","width":297,"height":60,"caption":"Hotel Panorama Bettmeralp"},"image":{"@id":"https:\/\/www.panoramabettmeralp.ch\/#\/schema\/logo\/image\/"}}]}},"_links":{"self":[{"href":"https:\/\/www.panoramabettmeralp.ch\/fr\/wp-json\/wp\/v2\/pages\/6059","targetHints":{"allow":["GET"]}}],"collection":[{"href":"https:\/\/www.panoramabettmeralp.ch\/fr\/wp-json\/wp\/v2\/pages"}],"about":[{"href":"https:\/\/www.panoramabettmeralp.ch\/fr\/wp-json\/wp\/v2\/types\/page"}],"author":[{"embeddable":true,"href":"https:\/\/www.panoramabettmeralp.ch\/fr\/wp-json\/wp\/v2\/users\/1"}],"replies":[{"embeddable":true,"href":"https:\/\/www.panoramabettmeralp.ch\/fr\/wp-json\/wp\/v2\/comments?post=6059"}],"version-history":[{"count":3,"href":"https:\/\/www.panoramabettmeralp.ch\/fr\/wp-json\/wp\/v2\/pages\/6059\/revisions"}],"predecessor-version":[{"id":6072,"href":"https:\/\/www.panoramabettmeralp.ch\/fr\/wp-json\/wp\/v2\/pages\/6059\/revisions\/6072"}],"wp:attachment":[{"href":"https:\/\/www.panoramabettmeralp.ch\/fr\/wp-json\/wp\/v2\/media?parent=6059"}],"curies":[{"name":"wp","href":"https:\/\/api.w.org\/{rel}","templated":true}]}}