{"id":5695,"date":"2023-01-11T13:45:36","date_gmt":"2023-01-11T13:45:36","guid":{"rendered":"https:\/\/www.panoramabettmeralp.ch\/outdoor\/geissen-trekking-tagestour\/"},"modified":"2024-03-25T12:41:57","modified_gmt":"2024-03-25T12:41:57","slug":"trekking-des-chevres-a-la-journee","status":"publish","type":"page","link":"https:\/\/www.panoramabettmeralp.ch\/fr\/outdoor\/trekking-des-chevres-a-la-journee\/","title":{"rendered":"Trekking des ch\u00e8vres \u00e0 la journ\u00e9e"},"content":{"rendered":"\t\t<div data-elementor-type=\"wp-page\" data-elementor-id=\"5695\" class=\"elementor elementor-5695\" data-elementor-post-type=\"page\">\n\t\t\t\t\t\t<section class=\"elementor-section elementor-top-section elementor-element elementor-element-6bbaed71 elementor-section-full_width introslider elementor-section-height-default elementor-section-height-default\" data-id=\"6bbaed71\" data-element_type=\"section\" data-e-type=\"section\">\n\t\t\t\t\t\t<div class=\"elementor-container elementor-column-gap-default\">\n\t\t\t\t\t<div class=\"elementor-column elementor-col-100 elementor-top-column elementor-element elementor-element-7496de52\" data-id=\"7496de52\" data-element_type=\"column\" data-e-type=\"column\">\n\t\t\t<div class=\"elementor-widget-wrap elementor-element-populated\">\n\t\t\t\t\t\t<div class=\"elementor-element elementor-element-80b6fb5 elementor-widget elementor-widget-introslider\" data-id=\"80b6fb5\" data-element_type=\"widget\" data-e-type=\"widget\" data-widget_type=\"introslider.default\">\n\t\t\t\t<div class=\"elementor-widget-container\">\n\t\t\t\t\t\t\t<div class=\"swiper-container swiper-intro\">\n\t\t\t<div class=\"swiper-wrapper\">\n\t\t\t\t\t\t\t\t<div class=\"swiper-slide\"> \n\t\t\t\t\t<div class=\"img-container\">\n\t\t\t\t\t\t<img decoding=\"async\" src=\"https:\/\/www.panoramabettmeralp.ch\/wp-content\/uploads\/2023\/01\/2022-12studio.vorbenpanoramabettmeralp-0522-scaled.jpg\" class=\"blur-up img-streched grayscale\" alt=\"\">               \n\t\t\t\t\t<\/div>\n\t\t\t\t<\/div>\n\t\t\t\t\t\t\t<\/div>\n\t\t\t<div class=\"swiper-pagination\"><\/div>\n\t\t<\/div>\n\t\t\t\t\t\t<\/div>\n\t\t\t\t<\/div>\n\t\t\t\t\t<\/div>\n\t\t<\/div>\n\t\t\t\t\t<\/div>\n\t\t<\/section>\n\t\t\t\t<section class=\"elementor-section elementor-top-section elementor-element elementor-element-0b0e2da offerintro elementor-section-boxed elementor-section-height-default elementor-section-height-default\" data-id=\"0b0e2da\" data-element_type=\"section\" data-e-type=\"section\" data-settings=\"{&quot;background_background&quot;:&quot;classic&quot;}\">\n\t\t\t\t\t\t<div class=\"elementor-container elementor-column-gap-default\">\n\t\t\t\t\t<div class=\"elementor-column elementor-col-50 elementor-top-column elementor-element elementor-element-993d92c\" data-id=\"993d92c\" data-element_type=\"column\" data-e-type=\"column\">\n\t\t\t<div class=\"elementor-widget-wrap elementor-element-populated\">\n\t\t\t\t\t\t<div class=\"elementor-element elementor-element-296a19a elementor-widget elementor-widget-text-editor\" data-id=\"296a19a\" data-element_type=\"widget\" data-e-type=\"widget\" data-widget_type=\"text-editor.default\">\n\t\t\t\t<div class=\"elementor-widget-container\">\n\t\t\t\t\t\t\t\t\t<h3>Ton temps libre<\/h3>\t\t\t\t\t\t\t\t<\/div>\n\t\t\t\t<\/div>\n\t\t\t\t<div class=\"elementor-element elementor-element-97de0c8 elementor-widget elementor-widget-text-editor\" data-id=\"97de0c8\" data-element_type=\"widget\" data-e-type=\"widget\" data-widget_type=\"text-editor.default\">\n\t\t\t\t<div class=\"elementor-widget-container\">\n\t\t\t\t\t\t\t\t\t<h1>Trekking des ch\u00e8vres \u00e0 la journ\u00e9e<\/h1><p>La randonn\u00e9e d\u00e9bute sur la Bettmeralp, o\u00f9 les ch\u00e8vres paissent en \u00e9t\u00e9. Une vue magnifique au loin nous accompagne \u00e0 chaque pas. Les ch\u00e8vres assurent le divertissement. Cette randonn\u00e9e est \u00e9galement adapt\u00e9e aux enfants. Les ch\u00e8vres sont plut\u00f4t des promeneurs tranquilles. Si les enfants sont plus jeunes, nous pouvons demander \u00e0 Renato, le fermier des ch\u00e8vres, un itin\u00e9raire plus petit.<\/p><p>Recommandation : \u00e0 partir de 5- 6 ans<\/p><p><span style=\"font-family: var( --e-global-typography-text-font-family ), Sans-serif; font-size: var( --e-global-typography-text-font-size ); font-weight: var( --e-global-typography-text-font-weight );\">Temps de marche : env. 4 heures<\/span><\/p><p>\u00c9quipement : chaussures de marche, pantalons longs, protection contre la pluie, cr\u00e8me solaire, picnic<\/p>\t\t\t\t\t\t\t\t<\/div>\n\t\t\t\t<\/div>\n\t\t\t\t\t<\/div>\n\t\t<\/div>\n\t\t\t\t<div class=\"elementor-column elementor-col-50 elementor-top-column elementor-element elementor-element-3e3f67c\" data-id=\"3e3f67c\" data-element_type=\"column\" data-e-type=\"column\">\n\t\t\t<div class=\"elementor-widget-wrap elementor-element-populated\">\n\t\t\t\t\t\t<div class=\"elementor-element elementor-element-8876f96 elementor-widget elementor-widget-text-editor\" data-id=\"8876f96\" data-element_type=\"widget\" data-e-type=\"widget\" data-widget_type=\"text-editor.default\">\n\t\t\t\t<div class=\"elementor-widget-container\">\n\t\t\t\t\t\t\t\t\t<ul><li>Par personne :<\/li><li>Boisson de bienvenue<\/li><li>Transport des bagages<\/li><li>Entr\u00e9e \u00e0 la piscine couverte de Bachtla<\/li><li>1 x panier-repas<\/li><li>1 x Trekking des ch\u00e8vres<\/li><\/ul>\t\t\t\t\t\t\t\t<\/div>\n\t\t\t\t<\/div>\n\t\t\t\t\t<\/div>\n\t\t<\/div>\n\t\t\t\t\t<\/div>\n\t\t<\/section>\n\t\t\t\t<section class=\"elementor-section elementor-top-section elementor-element elementor-element-1f0724b offerinfos elementor-section-boxed elementor-section-height-default elementor-section-height-default\" data-id=\"1f0724b\" data-element_type=\"section\" data-e-type=\"section\">\n\t\t\t\t\t\t<div class=\"elementor-container elementor-column-gap-default\">\n\t\t\t\t\t<div class=\"elementor-column elementor-col-100 elementor-top-column elementor-element elementor-element-d1fab50\" data-id=\"d1fab50\" data-element_type=\"column\" data-e-type=\"column\">\n\t\t\t<div class=\"elementor-widget-wrap elementor-element-populated\">\n\t\t\t\t\t\t<div class=\"elementor-element elementor-element-0d7b3a7 elementor-widget elementor-widget-text-editor\" data-id=\"0d7b3a7\" data-element_type=\"widget\" data-e-type=\"widget\" data-widget_type=\"text-editor.default\">\n\t\t\t\t<div class=\"elementor-widget-container\">\n\t\t\t\t\t\t\t\t\t<table>\n<tbody>\n<tr>\n<td>2 nuits<\/td>\n<td>chambre familiale y compris buffet petit-d\u00e9jeuner<\/td>\n<td>4 personnes<\/td>\n<td>chf 796<\/td>\n<\/tr>\n<\/tbody>\n<\/table>\n<p>Chaque nuit suppl\u00e9mentaire est factur\u00e9e au prix normal de la chambre.<\/p>\n<p>Les chambres familiales sont am\u00e9nag\u00e9es comme suit : Chambre \u00e0 coucher des parents avec une chambre d&rsquo;enfants s\u00e9par\u00e9e. Toutes les chambres sont \u00e9quip\u00e9es de douche ou bain, WC, TV, coffre-fort, bureau, chambres non-fumeurs, prix y compris TVA, carte d&rsquo;h\u00f4te Aletsch, Internet\/W-LAN.<\/p>\n<p><a href=\"mailto:info@panoramabettmeralp.ch\">R\u00e9server<\/a><\/p>\t\t\t\t\t\t\t\t<\/div>\n\t\t\t\t<\/div>\n\t\t\t\t\t<\/div>\n\t\t<\/div>\n\t\t\t\t\t<\/div>\n\t\t<\/section>\n\t\t\t\t<\/div>\n\t\t","protected":false},"excerpt":{"rendered":"<p>Ton temps libre Trekking des ch\u00e8vres \u00e0 la journ\u00e9e La randonn\u00e9e d\u00e9bute sur la Bettmeralp, o\u00f9 les ch\u00e8vres paissent en \u00e9t\u00e9. Une vue magnifique au loin nous accompagne \u00e0 chaque pas. Les ch\u00e8vres assurent le divertissement. Cette randonn\u00e9e est \u00e9galement adapt\u00e9e aux enfants. Les ch\u00e8vres sont plut\u00f4t des promeneurs tranquilles. Si les enfants sont plus [&hellip;]<\/p>\n","protected":false},"author":2,"featured_media":0,"parent":4401,"menu_order":0,"comment_status":"closed","ping_status":"closed","template":"","meta":{"_acf_changed":false,"footnotes":""},"class_list":["post-5695","page","type-page","status-publish","hentry"],"acf":[],"yoast_head":"<!-- This site is optimized with the Yoast SEO plugin v27.4 - https:\/\/yoast.com\/product\/yoast-seo-wordpress\/ -->\n<title>Trekking des ch\u00e8vres \u00e0 la journ\u00e9e - Hotel Panorama Bettmeralp<\/title>\n<meta name=\"robots\" content=\"index, follow, max-snippet:-1, max-image-preview:large, max-video-preview:-1\" \/>\n<link rel=\"canonical\" href=\"https:\/\/www.panoramabettmeralp.ch\/fr\/outdoor\/trekking-des-chevres-a-la-journee\/\" \/>\n<meta property=\"og:locale\" content=\"fr_FR\" \/>\n<meta property=\"og:type\" content=\"article\" \/>\n<meta property=\"og:title\" content=\"Trekking des ch\u00e8vres \u00e0 la journ\u00e9e - Hotel Panorama Bettmeralp\" \/>\n<meta property=\"og:description\" content=\"Ton temps libre Trekking des ch\u00e8vres \u00e0 la journ\u00e9e La randonn\u00e9e d\u00e9bute sur la Bettmeralp, o\u00f9 les ch\u00e8vres paissent en \u00e9t\u00e9. Une vue magnifique au loin nous accompagne \u00e0 chaque pas. Les ch\u00e8vres assurent le divertissement. Cette randonn\u00e9e est \u00e9galement adapt\u00e9e aux enfants. Les ch\u00e8vres sont plut\u00f4t des promeneurs tranquilles. Si les enfants sont plus [&hellip;]\" \/>\n<meta property=\"og:url\" content=\"https:\/\/www.panoramabettmeralp.ch\/fr\/outdoor\/trekking-des-chevres-a-la-journee\/\" \/>\n<meta property=\"og:site_name\" content=\"Hotel Panorama Bettmeralp\" \/>\n<meta property=\"article:modified_time\" content=\"2024-03-25T12:41:57+00:00\" \/>\n<meta property=\"og:image\" content=\"https:\/\/www.panoramabettmeralp.ch\/wp-content\/uploads\/2023\/01\/2022-12studio.vorbenpanoramabettmeralp-0522-scaled.jpg\" \/>\n<meta name=\"twitter:card\" content=\"summary_large_image\" \/>\n<meta name=\"twitter:label1\" content=\"Dur\u00e9e de lecture estim\u00e9e\" \/>\n\t<meta name=\"twitter:data1\" content=\"2 minutes\" \/>\n<script type=\"application\/ld+json\" class=\"yoast-schema-graph\">{\"@context\":\"https:\\\/\\\/schema.org\",\"@graph\":[{\"@type\":\"WebPage\",\"@id\":\"https:\\\/\\\/www.panoramabettmeralp.ch\\\/fr\\\/outdoor\\\/trekking-des-chevres-a-la-journee\\\/\",\"url\":\"https:\\\/\\\/www.panoramabettmeralp.ch\\\/fr\\\/outdoor\\\/trekking-des-chevres-a-la-journee\\\/\",\"name\":\"Trekking des ch\u00e8vres \u00e0 la journ\u00e9e - Hotel Panorama Bettmeralp\",\"isPartOf\":{\"@id\":\"https:\\\/\\\/www.panoramabettmeralp.ch\\\/#website\"},\"primaryImageOfPage\":{\"@id\":\"https:\\\/\\\/www.panoramabettmeralp.ch\\\/fr\\\/outdoor\\\/trekking-des-chevres-a-la-journee\\\/#primaryimage\"},\"image\":{\"@id\":\"https:\\\/\\\/www.panoramabettmeralp.ch\\\/fr\\\/outdoor\\\/trekking-des-chevres-a-la-journee\\\/#primaryimage\"},\"thumbnailUrl\":\"https:\\\/\\\/www.panoramabettmeralp.ch\\\/wp-content\\\/uploads\\\/2023\\\/01\\\/2022-12studio.vorbenpanoramabettmeralp-0522-scaled.jpg\",\"datePublished\":\"2023-01-11T13:45:36+00:00\",\"dateModified\":\"2024-03-25T12:41:57+00:00\",\"breadcrumb\":{\"@id\":\"https:\\\/\\\/www.panoramabettmeralp.ch\\\/fr\\\/outdoor\\\/trekking-des-chevres-a-la-journee\\\/#breadcrumb\"},\"inLanguage\":\"fr-FR\",\"potentialAction\":[{\"@type\":\"ReadAction\",\"target\":[\"https:\\\/\\\/www.panoramabettmeralp.ch\\\/fr\\\/outdoor\\\/trekking-des-chevres-a-la-journee\\\/\"]}]},{\"@type\":\"ImageObject\",\"inLanguage\":\"fr-FR\",\"@id\":\"https:\\\/\\\/www.panoramabettmeralp.ch\\\/fr\\\/outdoor\\\/trekking-des-chevres-a-la-journee\\\/#primaryimage\",\"url\":\"https:\\\/\\\/www.panoramabettmeralp.ch\\\/wp-content\\\/uploads\\\/2023\\\/01\\\/2022-12studio.vorbenpanoramabettmeralp-0522-scaled.jpg\",\"contentUrl\":\"https:\\\/\\\/www.panoramabettmeralp.ch\\\/wp-content\\\/uploads\\\/2023\\\/01\\\/2022-12studio.vorbenpanoramabettmeralp-0522-scaled.jpg\"},{\"@type\":\"BreadcrumbList\",\"@id\":\"https:\\\/\\\/www.panoramabettmeralp.ch\\\/fr\\\/outdoor\\\/trekking-des-chevres-a-la-journee\\\/#breadcrumb\",\"itemListElement\":[{\"@type\":\"ListItem\",\"position\":1,\"name\":\"Startseite\",\"item\":\"https:\\\/\\\/www.panoramabettmeralp.ch\\\/fr\\\/\"},{\"@type\":\"ListItem\",\"position\":2,\"name\":\"Outdoor\",\"item\":\"https:\\\/\\\/www.panoramabettmeralp.ch\\\/fr\\\/outdoor\\\/\"},{\"@type\":\"ListItem\",\"position\":3,\"name\":\"Trekking des ch\u00e8vres \u00e0 la journ\u00e9e\"}]},{\"@type\":\"WebSite\",\"@id\":\"https:\\\/\\\/www.panoramabettmeralp.ch\\\/#website\",\"url\":\"https:\\\/\\\/www.panoramabettmeralp.ch\\\/\",\"name\":\"Hotel Panorama Bettmeralp\",\"description\":\"\",\"publisher\":{\"@id\":\"https:\\\/\\\/www.panoramabettmeralp.ch\\\/#organization\"},\"potentialAction\":[{\"@type\":\"SearchAction\",\"target\":{\"@type\":\"EntryPoint\",\"urlTemplate\":\"https:\\\/\\\/www.panoramabettmeralp.ch\\\/?s={search_term_string}\"},\"query-input\":{\"@type\":\"PropertyValueSpecification\",\"valueRequired\":true,\"valueName\":\"search_term_string\"}}],\"inLanguage\":\"fr-FR\"},{\"@type\":\"Organization\",\"@id\":\"https:\\\/\\\/www.panoramabettmeralp.ch\\\/#organization\",\"name\":\"Hotel Panorama Bettmeralp\",\"url\":\"https:\\\/\\\/www.panoramabettmeralp.ch\\\/\",\"logo\":{\"@type\":\"ImageObject\",\"inLanguage\":\"fr-FR\",\"@id\":\"https:\\\/\\\/www.panoramabettmeralp.ch\\\/#\\\/schema\\\/logo\\\/image\\\/\",\"url\":\"https:\\\/\\\/www.panoramabettmeralp.ch\\\/wp-content\\\/uploads\\\/2022\\\/11\\\/Logo-Hotel-Panorama-Bettmeralp.svg\",\"contentUrl\":\"https:\\\/\\\/www.panoramabettmeralp.ch\\\/wp-content\\\/uploads\\\/2022\\\/11\\\/Logo-Hotel-Panorama-Bettmeralp.svg\",\"width\":297,\"height\":60,\"caption\":\"Hotel Panorama Bettmeralp\"},\"image\":{\"@id\":\"https:\\\/\\\/www.panoramabettmeralp.ch\\\/#\\\/schema\\\/logo\\\/image\\\/\"}}]}<\/script>\n<!-- \/ Yoast SEO plugin. -->","yoast_head_json":{"title":"Trekking des ch\u00e8vres \u00e0 la journ\u00e9e - Hotel Panorama Bettmeralp","robots":{"index":"index","follow":"follow","max-snippet":"max-snippet:-1","max-image-preview":"max-image-preview:large","max-video-preview":"max-video-preview:-1"},"canonical":"https:\/\/www.panoramabettmeralp.ch\/fr\/outdoor\/trekking-des-chevres-a-la-journee\/","og_locale":"fr_FR","og_type":"article","og_title":"Trekking des ch\u00e8vres \u00e0 la journ\u00e9e - Hotel Panorama Bettmeralp","og_description":"Ton temps libre Trekking des ch\u00e8vres \u00e0 la journ\u00e9e La randonn\u00e9e d\u00e9bute sur la Bettmeralp, o\u00f9 les ch\u00e8vres paissent en \u00e9t\u00e9. Une vue magnifique au loin nous accompagne \u00e0 chaque pas. Les ch\u00e8vres assurent le divertissement. Cette randonn\u00e9e est \u00e9galement adapt\u00e9e aux enfants. Les ch\u00e8vres sont plut\u00f4t des promeneurs tranquilles. Si les enfants sont plus [&hellip;]","og_url":"https:\/\/www.panoramabettmeralp.ch\/fr\/outdoor\/trekking-des-chevres-a-la-journee\/","og_site_name":"Hotel Panorama Bettmeralp","article_modified_time":"2024-03-25T12:41:57+00:00","og_image":[{"url":"https:\/\/www.panoramabettmeralp.ch\/wp-content\/uploads\/2023\/01\/2022-12studio.vorbenpanoramabettmeralp-0522-scaled.jpg","type":"","width":"","height":""}],"twitter_card":"summary_large_image","twitter_misc":{"Dur\u00e9e de lecture estim\u00e9e":"2 minutes"},"schema":{"@context":"https:\/\/schema.org","@graph":[{"@type":"WebPage","@id":"https:\/\/www.panoramabettmeralp.ch\/fr\/outdoor\/trekking-des-chevres-a-la-journee\/","url":"https:\/\/www.panoramabettmeralp.ch\/fr\/outdoor\/trekking-des-chevres-a-la-journee\/","name":"Trekking des ch\u00e8vres \u00e0 la journ\u00e9e - Hotel Panorama Bettmeralp","isPartOf":{"@id":"https:\/\/www.panoramabettmeralp.ch\/#website"},"primaryImageOfPage":{"@id":"https:\/\/www.panoramabettmeralp.ch\/fr\/outdoor\/trekking-des-chevres-a-la-journee\/#primaryimage"},"image":{"@id":"https:\/\/www.panoramabettmeralp.ch\/fr\/outdoor\/trekking-des-chevres-a-la-journee\/#primaryimage"},"thumbnailUrl":"https:\/\/www.panoramabettmeralp.ch\/wp-content\/uploads\/2023\/01\/2022-12studio.vorbenpanoramabettmeralp-0522-scaled.jpg","datePublished":"2023-01-11T13:45:36+00:00","dateModified":"2024-03-25T12:41:57+00:00","breadcrumb":{"@id":"https:\/\/www.panoramabettmeralp.ch\/fr\/outdoor\/trekking-des-chevres-a-la-journee\/#breadcrumb"},"inLanguage":"fr-FR","potentialAction":[{"@type":"ReadAction","target":["https:\/\/www.panoramabettmeralp.ch\/fr\/outdoor\/trekking-des-chevres-a-la-journee\/"]}]},{"@type":"ImageObject","inLanguage":"fr-FR","@id":"https:\/\/www.panoramabettmeralp.ch\/fr\/outdoor\/trekking-des-chevres-a-la-journee\/#primaryimage","url":"https:\/\/www.panoramabettmeralp.ch\/wp-content\/uploads\/2023\/01\/2022-12studio.vorbenpanoramabettmeralp-0522-scaled.jpg","contentUrl":"https:\/\/www.panoramabettmeralp.ch\/wp-content\/uploads\/2023\/01\/2022-12studio.vorbenpanoramabettmeralp-0522-scaled.jpg"},{"@type":"BreadcrumbList","@id":"https:\/\/www.panoramabettmeralp.ch\/fr\/outdoor\/trekking-des-chevres-a-la-journee\/#breadcrumb","itemListElement":[{"@type":"ListItem","position":1,"name":"Startseite","item":"https:\/\/www.panoramabettmeralp.ch\/fr\/"},{"@type":"ListItem","position":2,"name":"Outdoor","item":"https:\/\/www.panoramabettmeralp.ch\/fr\/outdoor\/"},{"@type":"ListItem","position":3,"name":"Trekking des ch\u00e8vres \u00e0 la journ\u00e9e"}]},{"@type":"WebSite","@id":"https:\/\/www.panoramabettmeralp.ch\/#website","url":"https:\/\/www.panoramabettmeralp.ch\/","name":"Hotel Panorama Bettmeralp","description":"","publisher":{"@id":"https:\/\/www.panoramabettmeralp.ch\/#organization"},"potentialAction":[{"@type":"SearchAction","target":{"@type":"EntryPoint","urlTemplate":"https:\/\/www.panoramabettmeralp.ch\/?s={search_term_string}"},"query-input":{"@type":"PropertyValueSpecification","valueRequired":true,"valueName":"search_term_string"}}],"inLanguage":"fr-FR"},{"@type":"Organization","@id":"https:\/\/www.panoramabettmeralp.ch\/#organization","name":"Hotel Panorama Bettmeralp","url":"https:\/\/www.panoramabettmeralp.ch\/","logo":{"@type":"ImageObject","inLanguage":"fr-FR","@id":"https:\/\/www.panoramabettmeralp.ch\/#\/schema\/logo\/image\/","url":"https:\/\/www.panoramabettmeralp.ch\/wp-content\/uploads\/2022\/11\/Logo-Hotel-Panorama-Bettmeralp.svg","contentUrl":"https:\/\/www.panoramabettmeralp.ch\/wp-content\/uploads\/2022\/11\/Logo-Hotel-Panorama-Bettmeralp.svg","width":297,"height":60,"caption":"Hotel Panorama Bettmeralp"},"image":{"@id":"https:\/\/www.panoramabettmeralp.ch\/#\/schema\/logo\/image\/"}}]}},"_links":{"self":[{"href":"https:\/\/www.panoramabettmeralp.ch\/fr\/wp-json\/wp\/v2\/pages\/5695","targetHints":{"allow":["GET"]}}],"collection":[{"href":"https:\/\/www.panoramabettmeralp.ch\/fr\/wp-json\/wp\/v2\/pages"}],"about":[{"href":"https:\/\/www.panoramabettmeralp.ch\/fr\/wp-json\/wp\/v2\/types\/page"}],"author":[{"embeddable":true,"href":"https:\/\/www.panoramabettmeralp.ch\/fr\/wp-json\/wp\/v2\/users\/2"}],"replies":[{"embeddable":true,"href":"https:\/\/www.panoramabettmeralp.ch\/fr\/wp-json\/wp\/v2\/comments?post=5695"}],"version-history":[{"count":5,"href":"https:\/\/www.panoramabettmeralp.ch\/fr\/wp-json\/wp\/v2\/pages\/5695\/revisions"}],"predecessor-version":[{"id":6632,"href":"https:\/\/www.panoramabettmeralp.ch\/fr\/wp-json\/wp\/v2\/pages\/5695\/revisions\/6632"}],"up":[{"embeddable":true,"href":"https:\/\/www.panoramabettmeralp.ch\/fr\/wp-json\/wp\/v2\/pages\/4401"}],"wp:attachment":[{"href":"https:\/\/www.panoramabettmeralp.ch\/fr\/wp-json\/wp\/v2\/media?parent=5695"}],"curies":[{"name":"wp","href":"https:\/\/api.w.org\/{rel}","templated":true}]}}