{"id":5523,"date":"2022-12-23T14:00:51","date_gmt":"2022-12-23T14:00:51","guid":{"rendered":"https:\/\/www.panoramabettmeralp.ch\/outdoor\/romantische-uebernachtung-2\/"},"modified":"2024-12-09T21:31:53","modified_gmt":"2024-12-09T21:31:53","slug":"nuit-romantique","status":"publish","type":"page","link":"https:\/\/www.panoramabettmeralp.ch\/fr\/outdoor\/nuit-romantique\/","title":{"rendered":"Nuit romantique"},"content":{"rendered":"\t\t<div data-elementor-type=\"wp-page\" data-elementor-id=\"5523\" class=\"elementor elementor-5523\" data-elementor-post-type=\"page\">\n\t\t\t\t\t\t<section class=\"elementor-section elementor-top-section elementor-element elementor-element-6bbaed71 elementor-section-full_width introslider elementor-section-height-default elementor-section-height-default\" data-id=\"6bbaed71\" data-element_type=\"section\" data-e-type=\"section\">\n\t\t\t\t\t\t<div class=\"elementor-container elementor-column-gap-default\">\n\t\t\t\t\t<div class=\"elementor-column elementor-col-100 elementor-top-column elementor-element elementor-element-7496de52\" data-id=\"7496de52\" data-element_type=\"column\" data-e-type=\"column\">\n\t\t\t<div class=\"elementor-widget-wrap elementor-element-populated\">\n\t\t\t\t\t\t<div class=\"elementor-element elementor-element-80b6fb5 elementor-widget elementor-widget-introslider\" data-id=\"80b6fb5\" data-element_type=\"widget\" data-e-type=\"widget\" data-widget_type=\"introslider.default\">\n\t\t\t\t<div class=\"elementor-widget-container\">\n\t\t\t\t\t\t\t<div class=\"swiper-container swiper-intro\">\n\t\t\t<div class=\"swiper-wrapper\">\n\t\t\t\t\t\t\t\t<div class=\"swiper-slide\"> \n\t\t\t\t\t<div class=\"img-container\">\n\t\t\t\t\t\t<img decoding=\"async\" src=\"https:\/\/www.panoramabettmeralp.ch\/wp-content\/uploads\/2023\/01\/2022-12studio.vorbenpanoramabettmeralp-1002772-scaled.jpg\" class=\"blur-up img-streched grayscale\" alt=\"\">               \n\t\t\t\t\t<\/div>\n\t\t\t\t<\/div>\n\t\t\t\t\t\t\t<\/div>\n\t\t\t<div class=\"swiper-pagination\"><\/div>\n\t\t<\/div>\n\t\t\t\t\t\t<\/div>\n\t\t\t\t<\/div>\n\t\t\t\t\t<\/div>\n\t\t<\/div>\n\t\t\t\t\t<\/div>\n\t\t<\/section>\n\t\t\t\t<section class=\"elementor-section elementor-top-section elementor-element elementor-element-0b0e2da offerintro elementor-section-boxed elementor-section-height-default elementor-section-height-default\" data-id=\"0b0e2da\" data-element_type=\"section\" data-e-type=\"section\" data-settings=\"{&quot;background_background&quot;:&quot;classic&quot;}\">\n\t\t\t\t\t\t<div class=\"elementor-container elementor-column-gap-default\">\n\t\t\t\t\t<div class=\"elementor-column elementor-col-50 elementor-top-column elementor-element elementor-element-993d92c\" data-id=\"993d92c\" data-element_type=\"column\" data-e-type=\"column\">\n\t\t\t<div class=\"elementor-widget-wrap elementor-element-populated\">\n\t\t\t\t\t\t<div class=\"elementor-element elementor-element-296a19a elementor-widget elementor-widget-text-editor\" data-id=\"296a19a\" data-element_type=\"widget\" data-e-type=\"widget\" data-widget_type=\"text-editor.default\">\n\t\t\t\t<div class=\"elementor-widget-container\">\n\t\t\t\t\t\t\t\t\t<h3>Ton temps mort<\/h3>\t\t\t\t\t\t\t\t<\/div>\n\t\t\t\t<\/div>\n\t\t\t\t<div class=\"elementor-element elementor-element-97de0c8 elementor-widget elementor-widget-text-editor\" data-id=\"97de0c8\" data-element_type=\"widget\" data-e-type=\"widget\" data-widget_type=\"text-editor.default\">\n\t\t\t\t<div class=\"elementor-widget-container\">\n\t\t\t\t\t\t\t\t\t<h1>Nuit romantique<\/h1><p>La nouvelle suite de l&rsquo;Alpenchic a un design moderne. Elle dispose d&rsquo;une baignoire sur pied avec vue sur le panorama de montagne. En outre, le balcon permet de profiter d&rsquo;une vue \u00e0 couper le souffle et de se reposer d&rsquo;une fantastique journ\u00e9e en montagne.<\/p>\t\t\t\t\t\t\t\t<\/div>\n\t\t\t\t<\/div>\n\t\t\t\t\t<\/div>\n\t\t<\/div>\n\t\t\t\t<div class=\"elementor-column elementor-col-50 elementor-top-column elementor-element elementor-element-3e3f67c\" data-id=\"3e3f67c\" data-element_type=\"column\" data-e-type=\"column\">\n\t\t\t<div class=\"elementor-widget-wrap elementor-element-populated\">\n\t\t\t\t\t\t<div class=\"elementor-element elementor-element-8876f96 elementor-widget elementor-widget-text-editor\" data-id=\"8876f96\" data-element_type=\"widget\" data-e-type=\"widget\" data-widget_type=\"text-editor.default\">\n\t\t\t\t<div class=\"elementor-widget-container\">\n\t\t\t\t\t\t\t\t\t<ul><li>Par personne :<\/li><li>Transport des bagages<\/li><li>Entr\u00e9e \u00e0 la piscine couverte Bachtla<\/li><li>1 x bon pour l&rsquo;ap\u00e9ro<\/li><\/ul>\t\t\t\t\t\t\t\t<\/div>\n\t\t\t\t<\/div>\n\t\t\t\t\t<\/div>\n\t\t<\/div>\n\t\t\t\t\t<\/div>\n\t\t<\/section>\n\t\t\t\t<section class=\"elementor-section elementor-top-section elementor-element elementor-element-1f0724b offerinfos elementor-section-boxed elementor-section-height-default elementor-section-height-default\" data-id=\"1f0724b\" data-element_type=\"section\" data-e-type=\"section\">\n\t\t\t\t\t\t<div class=\"elementor-container elementor-column-gap-default\">\n\t\t\t\t\t<div class=\"elementor-column elementor-col-100 elementor-top-column elementor-element elementor-element-d1fab50\" data-id=\"d1fab50\" data-element_type=\"column\" data-e-type=\"column\">\n\t\t\t<div class=\"elementor-widget-wrap elementor-element-populated\">\n\t\t\t\t\t\t<div class=\"elementor-element elementor-element-0d7b3a7 elementor-widget elementor-widget-text-editor\" data-id=\"0d7b3a7\" data-element_type=\"widget\" data-e-type=\"widget\" data-widget_type=\"text-editor.default\">\n\t\t\t\t<div class=\"elementor-widget-container\">\n\t\t\t\t\t\t\t\t\t<table><tbody><tr><td>Hiver<\/td><td>Junior Suite Sud y compris buffet de petit-d\u00e9jeuner<\/td><td>par personne\/nuit<\/td><td>chf 150\u2013170<\/td><\/tr><tr><td>\u00c9t\u00e9<\/td><td>Junior Suite Sud y compris buffet de petit-d\u00e9jeuner<\/td><td>par personne\/nuit<\/td><td>chf 142<\/td><\/tr><\/tbody><\/table><p>Chaque nuit suppl\u00e9mentaire est factur\u00e9e au prix normal de la chambre.<\/p><p>La Junior Suite Sud est am\u00e9nag\u00e9e comme suit : Chambre spacieuse de 23 m2, avec un lit \u00e0 baldaquin (180 x 200cm), baignoire dans la chambre et salle de bains avec douche. Toutes les chambres sont \u00e9quip\u00e9es de WC, TV, coffre-fort, bureau, chambres non-fumeurs, prix y compris TVA, carte d&rsquo;h\u00f4te Aletsch, Internet\/W-LAN.<\/p><p><a href=\"mailto:info@panoramabettmeralp.ch\">R\u00e9server<\/a><\/p>\t\t\t\t\t\t\t\t<\/div>\n\t\t\t\t<\/div>\n\t\t\t\t\t<\/div>\n\t\t<\/div>\n\t\t\t\t\t<\/div>\n\t\t<\/section>\n\t\t\t\t<\/div>\n\t\t","protected":false},"excerpt":{"rendered":"<p>Ton temps mort Nuit romantique La nouvelle suite de l&rsquo;Alpenchic a un design moderne. Elle dispose d&rsquo;une baignoire sur pied avec vue sur le panorama de montagne. En outre, le balcon permet de profiter d&rsquo;une vue \u00e0 couper le souffle et de se reposer d&rsquo;une fantastique journ\u00e9e en montagne. Par personne : Transport des bagages [&hellip;]<\/p>\n","protected":false},"author":2,"featured_media":0,"parent":4401,"menu_order":0,"comment_status":"closed","ping_status":"closed","template":"","meta":{"_acf_changed":false,"footnotes":""},"class_list":["post-5523","page","type-page","status-publish","hentry"],"acf":[],"yoast_head":"<!-- This site is optimized with the Yoast SEO plugin v27.4 - https:\/\/yoast.com\/product\/yoast-seo-wordpress\/ -->\n<title>Nuit romantique - Hotel Panorama Bettmeralp<\/title>\n<meta name=\"description\" content=\"Romantische \u00dcbernachtung - Die neue Suite im Alpenchic hat ein modernes Design. Das Zimmer verf\u00fcgt \u00fcber eine freistehende Badewanne mit dem Blick auf das Bergpanorama. Ausserdem k\u00f6nnen Sie auf dem Balkon die atemberaubende Aussicht geniessen und sich von einem fantastischen Tag in den Bergen erholen.\" \/>\n<meta name=\"robots\" content=\"index, follow, max-snippet:-1, max-image-preview:large, max-video-preview:-1\" \/>\n<link rel=\"canonical\" href=\"https:\/\/www.panoramabettmeralp.ch\/outdoor\/romantische-uebernachtung\/\" \/>\n<meta property=\"og:locale\" content=\"fr_FR\" \/>\n<meta property=\"og:type\" content=\"article\" \/>\n<meta property=\"og:title\" content=\"Nuit romantique - Hotel Panorama Bettmeralp\" \/>\n<meta property=\"og:description\" content=\"Romantische \u00dcbernachtung - Die neue Suite im Alpenchic hat ein modernes Design. Das Zimmer verf\u00fcgt \u00fcber eine freistehende Badewanne mit dem Blick auf das Bergpanorama. Ausserdem k\u00f6nnen Sie auf dem Balkon die atemberaubende Aussicht geniessen und sich von einem fantastischen Tag in den Bergen erholen.\" \/>\n<meta property=\"og:url\" content=\"https:\/\/www.panoramabettmeralp.ch\/outdoor\/romantische-uebernachtung\/\" \/>\n<meta property=\"og:site_name\" content=\"Hotel Panorama Bettmeralp\" \/>\n<meta property=\"article:modified_time\" content=\"2024-12-09T21:31:53+00:00\" \/>\n<meta property=\"og:image\" content=\"https:\/\/www.panoramabettmeralp.ch\/wp-content\/uploads\/2023\/01\/2022-12studio.vorbenpanoramabettmeralp-1002772-scaled.jpg\" \/>\n<meta name=\"twitter:card\" content=\"summary_large_image\" \/>\n<meta name=\"twitter:label1\" content=\"Dur\u00e9e de lecture estim\u00e9e\" \/>\n\t<meta name=\"twitter:data1\" content=\"2 minutes\" \/>\n<script type=\"application\/ld+json\" class=\"yoast-schema-graph\">{\"@context\":\"https:\\\/\\\/schema.org\",\"@graph\":[{\"@type\":\"WebPage\",\"@id\":\"https:\\\/\\\/www.panoramabettmeralp.ch\\\/outdoor\\\/romantische-uebernachtung\\\/\",\"url\":\"https:\\\/\\\/www.panoramabettmeralp.ch\\\/outdoor\\\/romantische-uebernachtung\\\/\",\"name\":\"Nuit romantique - Hotel Panorama Bettmeralp\",\"isPartOf\":{\"@id\":\"https:\\\/\\\/www.panoramabettmeralp.ch\\\/#website\"},\"primaryImageOfPage\":{\"@id\":\"https:\\\/\\\/www.panoramabettmeralp.ch\\\/outdoor\\\/romantische-uebernachtung\\\/#primaryimage\"},\"image\":{\"@id\":\"https:\\\/\\\/www.panoramabettmeralp.ch\\\/outdoor\\\/romantische-uebernachtung\\\/#primaryimage\"},\"thumbnailUrl\":\"https:\\\/\\\/www.panoramabettmeralp.ch\\\/wp-content\\\/uploads\\\/2023\\\/01\\\/2022-12studio.vorbenpanoramabettmeralp-1002772-scaled.jpg\",\"datePublished\":\"2022-12-23T14:00:51+00:00\",\"dateModified\":\"2024-12-09T21:31:53+00:00\",\"description\":\"Romantische \u00dcbernachtung - Die neue Suite im Alpenchic hat ein modernes Design. Das Zimmer verf\u00fcgt \u00fcber eine freistehende Badewanne mit dem Blick auf das Bergpanorama. Ausserdem k\u00f6nnen Sie auf dem Balkon die atemberaubende Aussicht geniessen und sich von einem fantastischen Tag in den Bergen erholen.\",\"breadcrumb\":{\"@id\":\"https:\\\/\\\/www.panoramabettmeralp.ch\\\/outdoor\\\/romantische-uebernachtung\\\/#breadcrumb\"},\"inLanguage\":\"fr-FR\",\"potentialAction\":[{\"@type\":\"ReadAction\",\"target\":[\"https:\\\/\\\/www.panoramabettmeralp.ch\\\/outdoor\\\/romantische-uebernachtung\\\/\"]}]},{\"@type\":\"ImageObject\",\"inLanguage\":\"fr-FR\",\"@id\":\"https:\\\/\\\/www.panoramabettmeralp.ch\\\/outdoor\\\/romantische-uebernachtung\\\/#primaryimage\",\"url\":\"https:\\\/\\\/www.panoramabettmeralp.ch\\\/wp-content\\\/uploads\\\/2023\\\/01\\\/2022-12studio.vorbenpanoramabettmeralp-1002772-scaled.jpg\",\"contentUrl\":\"https:\\\/\\\/www.panoramabettmeralp.ch\\\/wp-content\\\/uploads\\\/2023\\\/01\\\/2022-12studio.vorbenpanoramabettmeralp-1002772-scaled.jpg\"},{\"@type\":\"BreadcrumbList\",\"@id\":\"https:\\\/\\\/www.panoramabettmeralp.ch\\\/outdoor\\\/romantische-uebernachtung\\\/#breadcrumb\",\"itemListElement\":[{\"@type\":\"ListItem\",\"position\":1,\"name\":\"Startseite\",\"item\":\"https:\\\/\\\/www.panoramabettmeralp.ch\\\/fr\\\/\"},{\"@type\":\"ListItem\",\"position\":2,\"name\":\"Outdoor\",\"item\":\"https:\\\/\\\/www.panoramabettmeralp.ch\\\/fr\\\/outdoor\\\/\"},{\"@type\":\"ListItem\",\"position\":3,\"name\":\"Nuit romantique\"}]},{\"@type\":\"WebSite\",\"@id\":\"https:\\\/\\\/www.panoramabettmeralp.ch\\\/#website\",\"url\":\"https:\\\/\\\/www.panoramabettmeralp.ch\\\/\",\"name\":\"Hotel Panorama Bettmeralp\",\"description\":\"\",\"publisher\":{\"@id\":\"https:\\\/\\\/www.panoramabettmeralp.ch\\\/#organization\"},\"potentialAction\":[{\"@type\":\"SearchAction\",\"target\":{\"@type\":\"EntryPoint\",\"urlTemplate\":\"https:\\\/\\\/www.panoramabettmeralp.ch\\\/?s={search_term_string}\"},\"query-input\":{\"@type\":\"PropertyValueSpecification\",\"valueRequired\":true,\"valueName\":\"search_term_string\"}}],\"inLanguage\":\"fr-FR\"},{\"@type\":\"Organization\",\"@id\":\"https:\\\/\\\/www.panoramabettmeralp.ch\\\/#organization\",\"name\":\"Hotel Panorama Bettmeralp\",\"url\":\"https:\\\/\\\/www.panoramabettmeralp.ch\\\/\",\"logo\":{\"@type\":\"ImageObject\",\"inLanguage\":\"fr-FR\",\"@id\":\"https:\\\/\\\/www.panoramabettmeralp.ch\\\/#\\\/schema\\\/logo\\\/image\\\/\",\"url\":\"https:\\\/\\\/www.panoramabettmeralp.ch\\\/wp-content\\\/uploads\\\/2022\\\/11\\\/Logo-Hotel-Panorama-Bettmeralp.svg\",\"contentUrl\":\"https:\\\/\\\/www.panoramabettmeralp.ch\\\/wp-content\\\/uploads\\\/2022\\\/11\\\/Logo-Hotel-Panorama-Bettmeralp.svg\",\"width\":297,\"height\":60,\"caption\":\"Hotel Panorama Bettmeralp\"},\"image\":{\"@id\":\"https:\\\/\\\/www.panoramabettmeralp.ch\\\/#\\\/schema\\\/logo\\\/image\\\/\"}}]}<\/script>\n<!-- \/ Yoast SEO plugin. -->","yoast_head_json":{"title":"Nuit romantique - Hotel Panorama Bettmeralp","description":"Romantische \u00dcbernachtung - Die neue Suite im Alpenchic hat ein modernes Design. Das Zimmer verf\u00fcgt \u00fcber eine freistehende Badewanne mit dem Blick auf das Bergpanorama. Ausserdem k\u00f6nnen Sie auf dem Balkon die atemberaubende Aussicht geniessen und sich von einem fantastischen Tag in den Bergen erholen.","robots":{"index":"index","follow":"follow","max-snippet":"max-snippet:-1","max-image-preview":"max-image-preview:large","max-video-preview":"max-video-preview:-1"},"canonical":"https:\/\/www.panoramabettmeralp.ch\/outdoor\/romantische-uebernachtung\/","og_locale":"fr_FR","og_type":"article","og_title":"Nuit romantique - Hotel Panorama Bettmeralp","og_description":"Romantische \u00dcbernachtung - Die neue Suite im Alpenchic hat ein modernes Design. Das Zimmer verf\u00fcgt \u00fcber eine freistehende Badewanne mit dem Blick auf das Bergpanorama. Ausserdem k\u00f6nnen Sie auf dem Balkon die atemberaubende Aussicht geniessen und sich von einem fantastischen Tag in den Bergen erholen.","og_url":"https:\/\/www.panoramabettmeralp.ch\/outdoor\/romantische-uebernachtung\/","og_site_name":"Hotel Panorama Bettmeralp","article_modified_time":"2024-12-09T21:31:53+00:00","og_image":[{"url":"https:\/\/www.panoramabettmeralp.ch\/wp-content\/uploads\/2023\/01\/2022-12studio.vorbenpanoramabettmeralp-1002772-scaled.jpg","type":"","width":"","height":""}],"twitter_card":"summary_large_image","twitter_misc":{"Dur\u00e9e de lecture estim\u00e9e":"2 minutes"},"schema":{"@context":"https:\/\/schema.org","@graph":[{"@type":"WebPage","@id":"https:\/\/www.panoramabettmeralp.ch\/outdoor\/romantische-uebernachtung\/","url":"https:\/\/www.panoramabettmeralp.ch\/outdoor\/romantische-uebernachtung\/","name":"Nuit romantique - Hotel Panorama Bettmeralp","isPartOf":{"@id":"https:\/\/www.panoramabettmeralp.ch\/#website"},"primaryImageOfPage":{"@id":"https:\/\/www.panoramabettmeralp.ch\/outdoor\/romantische-uebernachtung\/#primaryimage"},"image":{"@id":"https:\/\/www.panoramabettmeralp.ch\/outdoor\/romantische-uebernachtung\/#primaryimage"},"thumbnailUrl":"https:\/\/www.panoramabettmeralp.ch\/wp-content\/uploads\/2023\/01\/2022-12studio.vorbenpanoramabettmeralp-1002772-scaled.jpg","datePublished":"2022-12-23T14:00:51+00:00","dateModified":"2024-12-09T21:31:53+00:00","description":"Romantische \u00dcbernachtung - Die neue Suite im Alpenchic hat ein modernes Design. Das Zimmer verf\u00fcgt \u00fcber eine freistehende Badewanne mit dem Blick auf das Bergpanorama. Ausserdem k\u00f6nnen Sie auf dem Balkon die atemberaubende Aussicht geniessen und sich von einem fantastischen Tag in den Bergen erholen.","breadcrumb":{"@id":"https:\/\/www.panoramabettmeralp.ch\/outdoor\/romantische-uebernachtung\/#breadcrumb"},"inLanguage":"fr-FR","potentialAction":[{"@type":"ReadAction","target":["https:\/\/www.panoramabettmeralp.ch\/outdoor\/romantische-uebernachtung\/"]}]},{"@type":"ImageObject","inLanguage":"fr-FR","@id":"https:\/\/www.panoramabettmeralp.ch\/outdoor\/romantische-uebernachtung\/#primaryimage","url":"https:\/\/www.panoramabettmeralp.ch\/wp-content\/uploads\/2023\/01\/2022-12studio.vorbenpanoramabettmeralp-1002772-scaled.jpg","contentUrl":"https:\/\/www.panoramabettmeralp.ch\/wp-content\/uploads\/2023\/01\/2022-12studio.vorbenpanoramabettmeralp-1002772-scaled.jpg"},{"@type":"BreadcrumbList","@id":"https:\/\/www.panoramabettmeralp.ch\/outdoor\/romantische-uebernachtung\/#breadcrumb","itemListElement":[{"@type":"ListItem","position":1,"name":"Startseite","item":"https:\/\/www.panoramabettmeralp.ch\/fr\/"},{"@type":"ListItem","position":2,"name":"Outdoor","item":"https:\/\/www.panoramabettmeralp.ch\/fr\/outdoor\/"},{"@type":"ListItem","position":3,"name":"Nuit romantique"}]},{"@type":"WebSite","@id":"https:\/\/www.panoramabettmeralp.ch\/#website","url":"https:\/\/www.panoramabettmeralp.ch\/","name":"Hotel Panorama Bettmeralp","description":"","publisher":{"@id":"https:\/\/www.panoramabettmeralp.ch\/#organization"},"potentialAction":[{"@type":"SearchAction","target":{"@type":"EntryPoint","urlTemplate":"https:\/\/www.panoramabettmeralp.ch\/?s={search_term_string}"},"query-input":{"@type":"PropertyValueSpecification","valueRequired":true,"valueName":"search_term_string"}}],"inLanguage":"fr-FR"},{"@type":"Organization","@id":"https:\/\/www.panoramabettmeralp.ch\/#organization","name":"Hotel Panorama Bettmeralp","url":"https:\/\/www.panoramabettmeralp.ch\/","logo":{"@type":"ImageObject","inLanguage":"fr-FR","@id":"https:\/\/www.panoramabettmeralp.ch\/#\/schema\/logo\/image\/","url":"https:\/\/www.panoramabettmeralp.ch\/wp-content\/uploads\/2022\/11\/Logo-Hotel-Panorama-Bettmeralp.svg","contentUrl":"https:\/\/www.panoramabettmeralp.ch\/wp-content\/uploads\/2022\/11\/Logo-Hotel-Panorama-Bettmeralp.svg","width":297,"height":60,"caption":"Hotel Panorama Bettmeralp"},"image":{"@id":"https:\/\/www.panoramabettmeralp.ch\/#\/schema\/logo\/image\/"}}]}},"_links":{"self":[{"href":"https:\/\/www.panoramabettmeralp.ch\/fr\/wp-json\/wp\/v2\/pages\/5523","targetHints":{"allow":["GET"]}}],"collection":[{"href":"https:\/\/www.panoramabettmeralp.ch\/fr\/wp-json\/wp\/v2\/pages"}],"about":[{"href":"https:\/\/www.panoramabettmeralp.ch\/fr\/wp-json\/wp\/v2\/types\/page"}],"author":[{"embeddable":true,"href":"https:\/\/www.panoramabettmeralp.ch\/fr\/wp-json\/wp\/v2\/users\/2"}],"replies":[{"embeddable":true,"href":"https:\/\/www.panoramabettmeralp.ch\/fr\/wp-json\/wp\/v2\/comments?post=5523"}],"version-history":[{"count":5,"href":"https:\/\/www.panoramabettmeralp.ch\/fr\/wp-json\/wp\/v2\/pages\/5523\/revisions"}],"predecessor-version":[{"id":6838,"href":"https:\/\/www.panoramabettmeralp.ch\/fr\/wp-json\/wp\/v2\/pages\/5523\/revisions\/6838"}],"up":[{"embeddable":true,"href":"https:\/\/www.panoramabettmeralp.ch\/fr\/wp-json\/wp\/v2\/pages\/4401"}],"wp:attachment":[{"href":"https:\/\/www.panoramabettmeralp.ch\/fr\/wp-json\/wp\/v2\/media?parent=5523"}],"curies":[{"name":"wp","href":"https:\/\/api.w.org\/{rel}","templated":true}]}}