{"id":4387,"date":"2022-12-09T13:59:59","date_gmt":"2022-12-09T13:59:59","guid":{"rendered":"https:\/\/www.panoramabettmeralp.ch\/gutscheine\/"},"modified":"2023-01-27T19:14:34","modified_gmt":"2023-01-27T19:14:34","slug":"bons","status":"publish","type":"page","link":"https:\/\/www.panoramabettmeralp.ch\/fr\/bons\/","title":{"rendered":"Bons"},"content":{"rendered":"\t\t<div data-elementor-type=\"wp-page\" data-elementor-id=\"4387\" class=\"elementor elementor-4387\" data-elementor-post-type=\"page\">\n\t\t\t\t\t\t<section class=\"elementor-section elementor-top-section elementor-element elementor-element-3926c9ca elementor-section-full_width introslider elementor-section-height-default elementor-section-height-default\" data-id=\"3926c9ca\" data-element_type=\"section\" data-e-type=\"section\">\n\t\t\t\t\t\t<div class=\"elementor-container elementor-column-gap-default\">\n\t\t\t\t\t<div class=\"elementor-column elementor-col-100 elementor-top-column elementor-element elementor-element-47263474\" data-id=\"47263474\" data-element_type=\"column\" data-e-type=\"column\">\n\t\t\t<div class=\"elementor-widget-wrap elementor-element-populated\">\n\t\t\t\t\t\t<div class=\"elementor-element elementor-element-73dd6b06 elementor-widget elementor-widget-introslider\" data-id=\"73dd6b06\" data-element_type=\"widget\" data-e-type=\"widget\" data-widget_type=\"introslider.default\">\n\t\t\t\t<div class=\"elementor-widget-container\">\n\t\t\t\t\t\t\t<div class=\"swiper-container swiper-intro\">\n\t\t\t<div class=\"swiper-wrapper\">\n\t\t\t\t\t\t\t\t<div class=\"swiper-slide\"> \n\t\t\t\t\t<div class=\"img-container\">\n\t\t\t\t\t\t<img decoding=\"async\" src=\"https:\/\/www.panoramabettmeralp.ch\/wp-content\/uploads\/2022\/12\/2022-12studio.vorbenpanoramabettmeralp-1660519-1-scaled.jpg\" class=\"blur-up img-streched grayscale\" alt=\"\">               \n\t\t\t\t\t<\/div>\n\t\t\t\t<\/div>\n\t\t\t\t\t\t\t\t<div class=\"swiper-slide\"> \n\t\t\t\t\t<div class=\"img-container\">\n\t\t\t\t\t\t<img decoding=\"async\" src=\"https:\/\/www.panoramabettmeralp.ch\/wp-content\/uploads\/2022\/12\/2022-12studio.vorbenpanoramabettmeralp-1002839-1-scaled.jpg\" class=\"blur-up img-streched grayscale\" alt=\"\">               \n\t\t\t\t\t<\/div>\n\t\t\t\t<\/div>\n\t\t\t\t\t\t\t\t<div class=\"swiper-slide\"> \n\t\t\t\t\t<div class=\"img-container\">\n\t\t\t\t\t\t<img decoding=\"async\" src=\"https:\/\/www.panoramabettmeralp.ch\/wp-content\/uploads\/2022\/12\/2022-12studio.vorbenpanoramabettmeralp-1670282-scaled.jpg\" class=\"blur-up img-streched grayscale\" alt=\"\">               \n\t\t\t\t\t<\/div>\n\t\t\t\t<\/div>\n\t\t\t\t\t\t\t<\/div>\n\t\t\t<div class=\"swiper-pagination\"><\/div>\n\t\t<\/div>\n\t\t\t\t\t\t<\/div>\n\t\t\t\t<\/div>\n\t\t\t\t\t<\/div>\n\t\t<\/div>\n\t\t\t\t\t<\/div>\n\t\t<\/section>\n\t\t\t\t<section class=\"elementor-section elementor-top-section elementor-element elementor-element-0b0e2da elementor-section-boxed elementor-section-height-default elementor-section-height-default\" data-id=\"0b0e2da\" data-element_type=\"section\" data-e-type=\"section\" data-settings=\"{&quot;background_background&quot;:&quot;classic&quot;}\">\n\t\t\t\t\t\t<div class=\"elementor-container elementor-column-gap-default\">\n\t\t\t\t\t<div class=\"elementor-column elementor-col-50 elementor-top-column elementor-element elementor-element-993d92c\" data-id=\"993d92c\" data-element_type=\"column\" data-e-type=\"column\">\n\t\t\t<div class=\"elementor-widget-wrap elementor-element-populated\">\n\t\t\t\t\t\t<div class=\"elementor-element elementor-element-99f74bb specialmoments animated-slow elementor-invisible elementor-widget elementor-widget-image\" data-id=\"99f74bb\" data-element_type=\"widget\" data-e-type=\"widget\" data-settings=\"{&quot;_animation&quot;:&quot;headShake&quot;,&quot;_animation_delay&quot;:500}\" data-widget_type=\"image.default\">\n\t\t\t\t<div class=\"elementor-widget-container\">\n\t\t\t\t\t\t\t\t\t\t\t\t\t\t\t<img decoding=\"async\" width=\"153\" height=\"226\" src=\"https:\/\/www.panoramabettmeralp.ch\/wp-content\/uploads\/2023\/01\/Hotel-Panorama-Bettmeralp-de-petits-plaisirs-apportent-des-moments-particuliers.svg\" class=\"attachment-large size-large wp-image-5240\" alt=\"\" \/>\t\t\t\t\t\t\t\t\t\t\t\t\t\t\t<\/div>\n\t\t\t\t<\/div>\n\t\t\t\t\t<\/div>\n\t\t<\/div>\n\t\t\t\t<div class=\"elementor-column elementor-col-50 elementor-top-column elementor-element elementor-element-dc95450\" data-id=\"dc95450\" data-element_type=\"column\" data-e-type=\"column\">\n\t\t\t<div class=\"elementor-widget-wrap elementor-element-populated\">\n\t\t\t\t\t\t<div class=\"elementor-element elementor-element-e787f65 elementor-widget elementor-widget-text-editor\" data-id=\"e787f65\" data-element_type=\"widget\" data-e-type=\"widget\" data-widget_type=\"text-editor.default\">\n\t\t\t\t<div class=\"elementor-widget-container\">\n\t\t\t\t\t\t\t\t\t<h3><strong>Moments de bonheur<\/strong><\/h3>\t\t\t\t\t\t\t\t<\/div>\n\t\t\t\t<\/div>\n\t\t\t\t<section class=\"elementor-section elementor-inner-section elementor-element elementor-element-0323700 elementor-section-full_width elementor-section-height-default elementor-section-height-default\" data-id=\"0323700\" data-element_type=\"section\" data-e-type=\"section\">\n\t\t\t\t\t\t<div class=\"elementor-container elementor-column-gap-default\">\n\t\t\t\t\t<div class=\"elementor-column elementor-col-50 elementor-inner-column elementor-element elementor-element-2384c6d\" data-id=\"2384c6d\" data-element_type=\"column\" data-e-type=\"column\">\n\t\t\t<div class=\"elementor-widget-wrap elementor-element-populated\">\n\t\t\t\t\t\t<div class=\"elementor-element elementor-element-4dd7eda elementor-widget elementor-widget-text-editor\" data-id=\"4dd7eda\" data-element_type=\"widget\" data-e-type=\"widget\" data-widget_type=\"text-editor.default\">\n\t\t\t\t<div class=\"elementor-widget-container\">\n\t\t\t\t\t\t\t\t\t<h1>Bons<\/h1>\t\t\t\t\t\t\t\t<\/div>\n\t\t\t\t<\/div>\n\t\t\t\t\t<\/div>\n\t\t<\/div>\n\t\t\t\t<div class=\"elementor-column elementor-col-50 elementor-inner-column elementor-element elementor-element-acb9f71\" data-id=\"acb9f71\" data-element_type=\"column\" data-e-type=\"column\">\n\t\t\t<div class=\"elementor-widget-wrap elementor-element-populated\">\n\t\t\t\t\t\t<div class=\"elementor-element elementor-element-a15a4db elementor-widget elementor-widget-text-editor\" data-id=\"a15a4db\" data-element_type=\"widget\" data-e-type=\"widget\" data-widget_type=\"text-editor.default\">\n\t\t\t\t<div class=\"elementor-widget-container\">\n\t\t\t\t\t\t\t\t\t<p>Cherchez-vous un cadeau appropri\u00e9\u00a0? Nous vous proposons divers bons pour l\u2019h\u00f4tel et le restaurant. Est-ce que ce peut \u00eatre quelque chose de particulier\u00a0? D\u00e8s l\u2019hiver 22, nous disposons d\u2019une suite junior sud \u00e9quip\u00e9e d\u2019une baignoire \u00eelot et d\u2019une vue panoramique.<\/p><p>Annoncez-vous chez nous par mail (info@panorama-bettmeralp.ch) ou <strong>par t\u00e9l\u00e9phone<\/strong>. Nous vous pr\u00e9parerons volontiers le bon de la valeur correspondante.<\/p>\t\t\t\t\t\t\t\t<\/div>\n\t\t\t\t<\/div>\n\t\t\t\t\t<\/div>\n\t\t<\/div>\n\t\t\t\t\t<\/div>\n\t\t<\/section>\n\t\t\t\t\t<\/div>\n\t\t<\/div>\n\t\t\t\t\t<\/div>\n\t\t<\/section>\n\t\t\t\t<section class=\"elementor-section elementor-top-section elementor-element elementor-element-6380bbff sectionrestaurant elementor-section-boxed elementor-section-height-default elementor-section-height-default\" data-id=\"6380bbff\" data-element_type=\"section\" data-e-type=\"section\">\n\t\t\t\t\t\t<div class=\"elementor-container elementor-column-gap-default\">\n\t\t\t\t\t<div class=\"elementor-column elementor-col-50 elementor-top-column elementor-element elementor-element-638c6c86\" data-id=\"638c6c86\" data-element_type=\"column\" data-e-type=\"column\">\n\t\t\t<div class=\"elementor-widget-wrap elementor-element-populated\">\n\t\t\t\t\t\t<div class=\"elementor-element elementor-element-6d44bc76 elementor-widget elementor-widget-image\" data-id=\"6d44bc76\" data-element_type=\"widget\" data-e-type=\"widget\" data-widget_type=\"image.default\">\n\t\t\t\t<div class=\"elementor-widget-container\">\n\t\t\t\t\t\t\t\t\t\t\t\t\t\t\t<img fetchpriority=\"high\" decoding=\"async\" width=\"800\" height=\"534\" src=\"https:\/\/www.panoramabettmeralp.ch\/wp-content\/uploads\/2022\/12\/2022-12studio.vorbenpanoramabettmeralp-1002761-1024x683.jpg\" class=\"attachment-large size-large wp-image-3183\" alt=\"\" srcset=\"https:\/\/www.panoramabettmeralp.ch\/wp-content\/uploads\/2022\/12\/2022-12studio.vorbenpanoramabettmeralp-1002761-1024x683.jpg 1024w, https:\/\/www.panoramabettmeralp.ch\/wp-content\/uploads\/2022\/12\/2022-12studio.vorbenpanoramabettmeralp-1002761-300x200.jpg 300w, https:\/\/www.panoramabettmeralp.ch\/wp-content\/uploads\/2022\/12\/2022-12studio.vorbenpanoramabettmeralp-1002761-768x512.jpg 768w, https:\/\/www.panoramabettmeralp.ch\/wp-content\/uploads\/2022\/12\/2022-12studio.vorbenpanoramabettmeralp-1002761.jpg 1500w\" sizes=\"(max-width: 800px) 100vw, 800px\" \/>\t\t\t\t\t\t\t\t\t\t\t\t\t\t\t<\/div>\n\t\t\t\t<\/div>\n\t\t\t\t\t<\/div>\n\t\t<\/div>\n\t\t\t\t<div class=\"elementor-column elementor-col-50 elementor-top-column elementor-element elementor-element-48586d1e\" data-id=\"48586d1e\" data-element_type=\"column\" data-e-type=\"column\">\n\t\t\t<div class=\"elementor-widget-wrap elementor-element-populated\">\n\t\t\t\t\t\t<div class=\"elementor-element elementor-element-5d55e049 elementor-widget elementor-widget-text-editor\" data-id=\"5d55e049\" data-element_type=\"widget\" data-e-type=\"widget\" data-widget_type=\"text-editor.default\">\n\t\t\t\t<div class=\"elementor-widget-container\">\n\t\t\t\t\t\t\t\t\t<h2>Offrir une parcelle de bonheur<\/h2>\t\t\t\t\t\t\t\t<\/div>\n\t\t\t\t<\/div>\n\t\t\t\t<div class=\"elementor-element elementor-element-1136765b elementor-widget elementor-widget-text-editor\" data-id=\"1136765b\" data-element_type=\"widget\" data-e-type=\"widget\" data-widget_type=\"text-editor.default\">\n\t\t\t\t<div class=\"elementor-widget-container\">\n\t\t\t\t\t\t\t\t\t<p>Offrir du plaisir \u00e0 ses proches et leur proposer une parcelle de bonheur\u00a0?<\/p><p>C\u2019est tout simple avec un bon de l\u2019h\u00f4tel-restaurant Panorama, \u00e0 Bettmeralp. Que ce soit un jour de plaisir avec fondue, un tour passionnant en montagne avec descente fulgurante vers la vall\u00e9e se terminant par un ap\u00e9ritif ou un petit moment de d\u00e9tente dans une chambre d\u2019h\u00f4tel avec panorama alpin \u2013 les possibilit\u00e9s sont vari\u00e9es et illuminent, dans tous les cas, le visage d\u2019un sourire. Nous vous conseillons volontiers.<\/p>\t\t\t\t\t\t\t\t<\/div>\n\t\t\t\t<\/div>\n\t\t\t\t\t<\/div>\n\t\t<\/div>\n\t\t\t\t\t<\/div>\n\t\t<\/section>\n\t\t\t\t<\/div>\n\t\t","protected":false},"excerpt":{"rendered":"<p>Moments de bonheur Bons Cherchez-vous un cadeau appropri\u00e9\u00a0? Nous vous proposons divers bons pour l\u2019h\u00f4tel et le restaurant. Est-ce que ce peut \u00eatre quelque chose de particulier\u00a0? D\u00e8s l\u2019hiver 22, nous disposons d\u2019une suite junior sud \u00e9quip\u00e9e d\u2019une baignoire \u00eelot et d\u2019une vue panoramique. Annoncez-vous chez nous par mail (info@panorama-bettmeralp.ch) ou par t\u00e9l\u00e9phone. Nous vous [&hellip;]<\/p>\n","protected":false},"author":1,"featured_media":0,"parent":0,"menu_order":0,"comment_status":"closed","ping_status":"closed","template":"","meta":{"_acf_changed":false,"footnotes":""},"class_list":["post-4387","page","type-page","status-publish","hentry"],"acf":[],"yoast_head":"<!-- This site is optimized with the Yoast SEO plugin v27.4 - https:\/\/yoast.com\/product\/yoast-seo-wordpress\/ -->\n<title>Bons - Hotel Panorama Bettmeralp<\/title>\n<meta name=\"description\" content=\"Cherchez-vous un cadeau appropri\u00e9 ? Nous vous proposons divers bons pour l\u2019h\u00f4tel et le restaurant. Est-ce que ce peut \u00eatre quelque chose de particulier ? D\u00e8s l\u2019hiver 22, nous disposons d\u2019une suite junior sud \u00e9quip\u00e9e d\u2019une baignoire \u00eelot et d\u2019une vue panoramique.\" \/>\n<meta name=\"robots\" content=\"index, follow, max-snippet:-1, max-image-preview:large, max-video-preview:-1\" \/>\n<link rel=\"canonical\" href=\"https:\/\/www.panoramabettmeralp.ch\/fr\/bons\/\" \/>\n<meta property=\"og:locale\" content=\"fr_FR\" \/>\n<meta property=\"og:type\" content=\"article\" \/>\n<meta property=\"og:title\" content=\"Bons - Hotel Panorama Bettmeralp\" \/>\n<meta property=\"og:description\" content=\"Cherchez-vous un cadeau appropri\u00e9 ? Nous vous proposons divers bons pour l\u2019h\u00f4tel et le restaurant. Est-ce que ce peut \u00eatre quelque chose de particulier ? D\u00e8s l\u2019hiver 22, nous disposons d\u2019une suite junior sud \u00e9quip\u00e9e d\u2019une baignoire \u00eelot et d\u2019une vue panoramique.\" \/>\n<meta property=\"og:url\" content=\"https:\/\/www.panoramabettmeralp.ch\/fr\/bons\/\" \/>\n<meta property=\"og:site_name\" content=\"Hotel Panorama Bettmeralp\" \/>\n<meta property=\"article:modified_time\" content=\"2023-01-27T19:14:34+00:00\" \/>\n<meta property=\"og:image\" content=\"https:\/\/www.panoramabettmeralp.ch\/wp-content\/uploads\/2022\/12\/2022-12studio.vorbenpanoramabettmeralp-1660519-1-scaled.jpg\" \/>\n<meta name=\"twitter:card\" content=\"summary_large_image\" \/>\n<meta name=\"twitter:label1\" content=\"Dur\u00e9e de lecture estim\u00e9e\" \/>\n\t<meta name=\"twitter:data1\" content=\"2 minutes\" \/>\n<script type=\"application\/ld+json\" class=\"yoast-schema-graph\">{\"@context\":\"https:\\\/\\\/schema.org\",\"@graph\":[{\"@type\":\"WebPage\",\"@id\":\"https:\\\/\\\/www.panoramabettmeralp.ch\\\/fr\\\/bons\\\/\",\"url\":\"https:\\\/\\\/www.panoramabettmeralp.ch\\\/fr\\\/bons\\\/\",\"name\":\"Bons - Hotel Panorama Bettmeralp\",\"isPartOf\":{\"@id\":\"https:\\\/\\\/www.panoramabettmeralp.ch\\\/#website\"},\"primaryImageOfPage\":{\"@id\":\"https:\\\/\\\/www.panoramabettmeralp.ch\\\/fr\\\/bons\\\/#primaryimage\"},\"image\":{\"@id\":\"https:\\\/\\\/www.panoramabettmeralp.ch\\\/fr\\\/bons\\\/#primaryimage\"},\"thumbnailUrl\":\"https:\\\/\\\/www.panoramabettmeralp.ch\\\/wp-content\\\/uploads\\\/2022\\\/12\\\/2022-12studio.vorbenpanoramabettmeralp-1660519-1-scaled.jpg\",\"datePublished\":\"2022-12-09T13:59:59+00:00\",\"dateModified\":\"2023-01-27T19:14:34+00:00\",\"description\":\"Cherchez-vous un cadeau appropri\u00e9 ? Nous vous proposons divers bons pour l\u2019h\u00f4tel et le restaurant. Est-ce que ce peut \u00eatre quelque chose de particulier ? D\u00e8s l\u2019hiver 22, nous disposons d\u2019une suite junior sud \u00e9quip\u00e9e d\u2019une baignoire \u00eelot et d\u2019une vue panoramique.\",\"breadcrumb\":{\"@id\":\"https:\\\/\\\/www.panoramabettmeralp.ch\\\/fr\\\/bons\\\/#breadcrumb\"},\"inLanguage\":\"fr-FR\",\"potentialAction\":[{\"@type\":\"ReadAction\",\"target\":[\"https:\\\/\\\/www.panoramabettmeralp.ch\\\/fr\\\/bons\\\/\"]}]},{\"@type\":\"ImageObject\",\"inLanguage\":\"fr-FR\",\"@id\":\"https:\\\/\\\/www.panoramabettmeralp.ch\\\/fr\\\/bons\\\/#primaryimage\",\"url\":\"https:\\\/\\\/www.panoramabettmeralp.ch\\\/wp-content\\\/uploads\\\/2022\\\/12\\\/2022-12studio.vorbenpanoramabettmeralp-1660519-1-scaled.jpg\",\"contentUrl\":\"https:\\\/\\\/www.panoramabettmeralp.ch\\\/wp-content\\\/uploads\\\/2022\\\/12\\\/2022-12studio.vorbenpanoramabettmeralp-1660519-1-scaled.jpg\"},{\"@type\":\"BreadcrumbList\",\"@id\":\"https:\\\/\\\/www.panoramabettmeralp.ch\\\/fr\\\/bons\\\/#breadcrumb\",\"itemListElement\":[{\"@type\":\"ListItem\",\"position\":1,\"name\":\"Startseite\",\"item\":\"https:\\\/\\\/www.panoramabettmeralp.ch\\\/fr\\\/\"},{\"@type\":\"ListItem\",\"position\":2,\"name\":\"Bons\"}]},{\"@type\":\"WebSite\",\"@id\":\"https:\\\/\\\/www.panoramabettmeralp.ch\\\/#website\",\"url\":\"https:\\\/\\\/www.panoramabettmeralp.ch\\\/\",\"name\":\"Hotel Panorama Bettmeralp\",\"description\":\"\",\"publisher\":{\"@id\":\"https:\\\/\\\/www.panoramabettmeralp.ch\\\/#organization\"},\"potentialAction\":[{\"@type\":\"SearchAction\",\"target\":{\"@type\":\"EntryPoint\",\"urlTemplate\":\"https:\\\/\\\/www.panoramabettmeralp.ch\\\/?s={search_term_string}\"},\"query-input\":{\"@type\":\"PropertyValueSpecification\",\"valueRequired\":true,\"valueName\":\"search_term_string\"}}],\"inLanguage\":\"fr-FR\"},{\"@type\":\"Organization\",\"@id\":\"https:\\\/\\\/www.panoramabettmeralp.ch\\\/#organization\",\"name\":\"Hotel Panorama Bettmeralp\",\"url\":\"https:\\\/\\\/www.panoramabettmeralp.ch\\\/\",\"logo\":{\"@type\":\"ImageObject\",\"inLanguage\":\"fr-FR\",\"@id\":\"https:\\\/\\\/www.panoramabettmeralp.ch\\\/#\\\/schema\\\/logo\\\/image\\\/\",\"url\":\"https:\\\/\\\/www.panoramabettmeralp.ch\\\/wp-content\\\/uploads\\\/2022\\\/11\\\/Logo-Hotel-Panorama-Bettmeralp.svg\",\"contentUrl\":\"https:\\\/\\\/www.panoramabettmeralp.ch\\\/wp-content\\\/uploads\\\/2022\\\/11\\\/Logo-Hotel-Panorama-Bettmeralp.svg\",\"width\":297,\"height\":60,\"caption\":\"Hotel Panorama Bettmeralp\"},\"image\":{\"@id\":\"https:\\\/\\\/www.panoramabettmeralp.ch\\\/#\\\/schema\\\/logo\\\/image\\\/\"}}]}<\/script>\n<!-- \/ Yoast SEO plugin. -->","yoast_head_json":{"title":"Bons - Hotel Panorama Bettmeralp","description":"Cherchez-vous un cadeau appropri\u00e9 ? Nous vous proposons divers bons pour l\u2019h\u00f4tel et le restaurant. Est-ce que ce peut \u00eatre quelque chose de particulier ? D\u00e8s l\u2019hiver 22, nous disposons d\u2019une suite junior sud \u00e9quip\u00e9e d\u2019une baignoire \u00eelot et d\u2019une vue panoramique.","robots":{"index":"index","follow":"follow","max-snippet":"max-snippet:-1","max-image-preview":"max-image-preview:large","max-video-preview":"max-video-preview:-1"},"canonical":"https:\/\/www.panoramabettmeralp.ch\/fr\/bons\/","og_locale":"fr_FR","og_type":"article","og_title":"Bons - Hotel Panorama Bettmeralp","og_description":"Cherchez-vous un cadeau appropri\u00e9 ? Nous vous proposons divers bons pour l\u2019h\u00f4tel et le restaurant. Est-ce que ce peut \u00eatre quelque chose de particulier ? D\u00e8s l\u2019hiver 22, nous disposons d\u2019une suite junior sud \u00e9quip\u00e9e d\u2019une baignoire \u00eelot et d\u2019une vue panoramique.","og_url":"https:\/\/www.panoramabettmeralp.ch\/fr\/bons\/","og_site_name":"Hotel Panorama Bettmeralp","article_modified_time":"2023-01-27T19:14:34+00:00","og_image":[{"url":"https:\/\/www.panoramabettmeralp.ch\/wp-content\/uploads\/2022\/12\/2022-12studio.vorbenpanoramabettmeralp-1660519-1-scaled.jpg","type":"","width":"","height":""}],"twitter_card":"summary_large_image","twitter_misc":{"Dur\u00e9e de lecture estim\u00e9e":"2 minutes"},"schema":{"@context":"https:\/\/schema.org","@graph":[{"@type":"WebPage","@id":"https:\/\/www.panoramabettmeralp.ch\/fr\/bons\/","url":"https:\/\/www.panoramabettmeralp.ch\/fr\/bons\/","name":"Bons - Hotel Panorama Bettmeralp","isPartOf":{"@id":"https:\/\/www.panoramabettmeralp.ch\/#website"},"primaryImageOfPage":{"@id":"https:\/\/www.panoramabettmeralp.ch\/fr\/bons\/#primaryimage"},"image":{"@id":"https:\/\/www.panoramabettmeralp.ch\/fr\/bons\/#primaryimage"},"thumbnailUrl":"https:\/\/www.panoramabettmeralp.ch\/wp-content\/uploads\/2022\/12\/2022-12studio.vorbenpanoramabettmeralp-1660519-1-scaled.jpg","datePublished":"2022-12-09T13:59:59+00:00","dateModified":"2023-01-27T19:14:34+00:00","description":"Cherchez-vous un cadeau appropri\u00e9 ? Nous vous proposons divers bons pour l\u2019h\u00f4tel et le restaurant. Est-ce que ce peut \u00eatre quelque chose de particulier ? D\u00e8s l\u2019hiver 22, nous disposons d\u2019une suite junior sud \u00e9quip\u00e9e d\u2019une baignoire \u00eelot et d\u2019une vue panoramique.","breadcrumb":{"@id":"https:\/\/www.panoramabettmeralp.ch\/fr\/bons\/#breadcrumb"},"inLanguage":"fr-FR","potentialAction":[{"@type":"ReadAction","target":["https:\/\/www.panoramabettmeralp.ch\/fr\/bons\/"]}]},{"@type":"ImageObject","inLanguage":"fr-FR","@id":"https:\/\/www.panoramabettmeralp.ch\/fr\/bons\/#primaryimage","url":"https:\/\/www.panoramabettmeralp.ch\/wp-content\/uploads\/2022\/12\/2022-12studio.vorbenpanoramabettmeralp-1660519-1-scaled.jpg","contentUrl":"https:\/\/www.panoramabettmeralp.ch\/wp-content\/uploads\/2022\/12\/2022-12studio.vorbenpanoramabettmeralp-1660519-1-scaled.jpg"},{"@type":"BreadcrumbList","@id":"https:\/\/www.panoramabettmeralp.ch\/fr\/bons\/#breadcrumb","itemListElement":[{"@type":"ListItem","position":1,"name":"Startseite","item":"https:\/\/www.panoramabettmeralp.ch\/fr\/"},{"@type":"ListItem","position":2,"name":"Bons"}]},{"@type":"WebSite","@id":"https:\/\/www.panoramabettmeralp.ch\/#website","url":"https:\/\/www.panoramabettmeralp.ch\/","name":"Hotel Panorama Bettmeralp","description":"","publisher":{"@id":"https:\/\/www.panoramabettmeralp.ch\/#organization"},"potentialAction":[{"@type":"SearchAction","target":{"@type":"EntryPoint","urlTemplate":"https:\/\/www.panoramabettmeralp.ch\/?s={search_term_string}"},"query-input":{"@type":"PropertyValueSpecification","valueRequired":true,"valueName":"search_term_string"}}],"inLanguage":"fr-FR"},{"@type":"Organization","@id":"https:\/\/www.panoramabettmeralp.ch\/#organization","name":"Hotel Panorama Bettmeralp","url":"https:\/\/www.panoramabettmeralp.ch\/","logo":{"@type":"ImageObject","inLanguage":"fr-FR","@id":"https:\/\/www.panoramabettmeralp.ch\/#\/schema\/logo\/image\/","url":"https:\/\/www.panoramabettmeralp.ch\/wp-content\/uploads\/2022\/11\/Logo-Hotel-Panorama-Bettmeralp.svg","contentUrl":"https:\/\/www.panoramabettmeralp.ch\/wp-content\/uploads\/2022\/11\/Logo-Hotel-Panorama-Bettmeralp.svg","width":297,"height":60,"caption":"Hotel Panorama Bettmeralp"},"image":{"@id":"https:\/\/www.panoramabettmeralp.ch\/#\/schema\/logo\/image\/"}}]}},"_links":{"self":[{"href":"https:\/\/www.panoramabettmeralp.ch\/fr\/wp-json\/wp\/v2\/pages\/4387","targetHints":{"allow":["GET"]}}],"collection":[{"href":"https:\/\/www.panoramabettmeralp.ch\/fr\/wp-json\/wp\/v2\/pages"}],"about":[{"href":"https:\/\/www.panoramabettmeralp.ch\/fr\/wp-json\/wp\/v2\/types\/page"}],"author":[{"embeddable":true,"href":"https:\/\/www.panoramabettmeralp.ch\/fr\/wp-json\/wp\/v2\/users\/1"}],"replies":[{"embeddable":true,"href":"https:\/\/www.panoramabettmeralp.ch\/fr\/wp-json\/wp\/v2\/comments?post=4387"}],"version-history":[{"count":3,"href":"https:\/\/www.panoramabettmeralp.ch\/fr\/wp-json\/wp\/v2\/pages\/4387\/revisions"}],"predecessor-version":[{"id":5424,"href":"https:\/\/www.panoramabettmeralp.ch\/fr\/wp-json\/wp\/v2\/pages\/4387\/revisions\/5424"}],"wp:attachment":[{"href":"https:\/\/www.panoramabettmeralp.ch\/fr\/wp-json\/wp\/v2\/media?parent=4387"}],"curies":[{"name":"wp","href":"https:\/\/api.w.org\/{rel}","templated":true}]}}