{"id":4376,"date":"2022-12-09T13:56:12","date_gmt":"2022-12-09T13:56:12","guid":{"rendered":"https:\/\/www.panoramabettmeralp.ch\/hausordnung\/"},"modified":"2023-01-27T19:25:24","modified_gmt":"2023-01-27T19:25:24","slug":"reglement-de-la-maison","status":"publish","type":"page","link":"https:\/\/www.panoramabettmeralp.ch\/fr\/reglement-de-la-maison\/","title":{"rendered":"R\u00e8glement de la maison"},"content":{"rendered":"\t\t<div data-elementor-type=\"wp-page\" data-elementor-id=\"4376\" class=\"elementor elementor-4376\" data-elementor-post-type=\"page\">\n\t\t\t\t\t\t<section class=\"elementor-section elementor-top-section elementor-element elementor-element-b9446de elementor-section-boxed elementor-section-height-default elementor-section-height-default\" data-id=\"b9446de\" data-element_type=\"section\" data-e-type=\"section\" data-settings=\"{&quot;background_background&quot;:&quot;classic&quot;}\">\n\t\t\t\t\t\t<div class=\"elementor-container elementor-column-gap-default\">\n\t\t\t\t\t<div class=\"elementor-column elementor-col-100 elementor-top-column elementor-element elementor-element-68002a1\" data-id=\"68002a1\" data-element_type=\"column\" data-e-type=\"column\">\n\t\t\t<div class=\"elementor-widget-wrap elementor-element-populated\">\n\t\t\t\t\t\t<div class=\"elementor-element elementor-element-56cc23e elementor-widget__width-initial elementor-widget elementor-widget-text-editor\" data-id=\"56cc23e\" data-element_type=\"widget\" data-e-type=\"widget\" data-widget_type=\"text-editor.default\">\n\t\t\t\t<div class=\"elementor-widget-container\">\n\t\t\t\t\t\t\t\t\t<h3>Un moment de d\u00e9tente<\/h3><h1>R\u00e8glement de la maison<\/h1><p>Veuillez lire le r\u00e8glement de la maison qui vous garantit un s\u00e9jour d\u00e9tendu et agr\u00e9able.<\/p>\t\t\t\t\t\t\t\t<\/div>\n\t\t\t\t<\/div>\n\t\t\t\t\t<\/div>\n\t\t<\/div>\n\t\t\t\t\t<\/div>\n\t\t<\/section>\n\t\t\t\t<section class=\"elementor-section elementor-top-section elementor-element elementor-element-178459f elementor-section-boxed elementor-section-height-default elementor-section-height-default\" data-id=\"178459f\" data-element_type=\"section\" data-e-type=\"section\" data-settings=\"{&quot;background_background&quot;:&quot;classic&quot;}\">\n\t\t\t\t\t\t<div class=\"elementor-container elementor-column-gap-default\">\n\t\t\t\t\t<div class=\"elementor-column elementor-col-100 elementor-top-column elementor-element elementor-element-2b73ea5\" data-id=\"2b73ea5\" data-element_type=\"column\" data-e-type=\"column\">\n\t\t\t<div class=\"elementor-widget-wrap elementor-element-populated\">\n\t\t\t\t\t\t<div class=\"elementor-element elementor-element-aa83199 elementor-widget elementor-widget-text-editor\" data-id=\"aa83199\" data-element_type=\"widget\" data-e-type=\"widget\" data-widget_type=\"text-editor.default\">\n\t\t\t\t<div class=\"elementor-widget-container\">\n\t\t\t\t\t\t\t\t\t<p>1. Lors de votre s\u00e9jour dans notre h\u00f4tel, nous vous prions de respecter une attitude \u00e9cologique, surtout dans l\u2019utilisation de l\u2019eau et de l\u2019\u00e9lectricit\u00e9.<\/p><p>2. Connexion \u00e9lectrique 220 V.<\/p><p>3. Les visites, quelles soient priv\u00e9es ou commerciales, ne sont pas autoris\u00e9es dans les chambres. Vous pouvez alors utiliser les locaux communs tels les salons, le bar ou le restaurant.<\/p><p>4. Les animaux de compagnie ne sont pas admis dans le secteur h\u00f4telier.<\/p><p>5. Il n\u2019est pas permis d\u2019allumer des feux ou des bougies, ni de fumer dans les chambres, les escaliers ou les couloirs. L\u2019h\u00f4tel se d\u00e9gage de toute responsabilit\u00e9 si l\u2019alarme incendie est enclench\u00e9e par une activit\u00e9 interdite ou si un d\u00e9tecteur de fum\u00e9e est d\u00e9lib\u00e9r\u00e9ment manipul\u00e9. Les frais r\u00e9sultant de l\u2019intervention des pompiers ou des services de s\u00e9curit\u00e9 seront imm\u00e9diatement pay\u00e9s sur place par le responsable.<\/p><p>6. Nous vous prions d\u2019annoncer tout de suite \u00e0 la r\u00e9ception les r\u00e9clamations concernant la chambre ou les d\u00e9sagr\u00e9ments caus\u00e9s par le personnel de l\u2019h\u00f4tel.<\/p><p>7. Nous vous prions de ne pas endommager les locaux de l\u2019h\u00f4tel et leur am\u00e9nagement, ainsi que ses biens.<\/p><p>8. Nous devons vous informer que les dommages que vous causeriez \u00e0 l\u2019h\u00f4tel vous seront factur\u00e9s.<\/p><p>9. Nous vous prions d\u2019annoncer \u00e0 la direction tout objet trouv\u00e9 ou perdu.<\/p><p>10. Le jour du d\u00e9part, la chambre doit \u00eatre lib\u00e9r\u00e9e \u00e0 10.00 heures au plus tard. Si le s\u00e9jour se prolonge apr\u00e8s 11.00 heures, un jour suppl\u00e9mentaire sera factur\u00e9.<\/p><p>11. Le repos nocturne est impos\u00e9 d\u00e8s 22.00 heures dans toutes les chambres, ainsi que dans les salons. Un non-respect du repos nocturne peut nous pousser \u00e0 une expulsion imm\u00e9diate. Dans ce cas, le client perd son droit \u00e0 l\u2019h\u00e9bergement et au remboursement des arrhes vers\u00e9s. De plus, le client devra payer l\u2019entier des prestations r\u00e9serv\u00e9es. Notre maison attend une attitude respectueuse envers les autres clients et habitants. Lorsque vous quittez l\u2019h\u00f4tel ou que vous rentrez apr\u00e8s 22.00 heures, nous attendons que vous \u00e9vitiez tout bruit, par respect pour les clients et les voisins.<\/p><p>12. En cas d\u2019alarme incendie, l\u2019h\u00f4tel doit \u00eatre quitt\u00e9 par le chemin le plus rapide, selon les sorties de secours indiqu\u00e9es. Dans ce cas, seuls les escaliers et les \u00e9chelles de secours peuvent \u00eatre emprunt\u00e9s. Les issues de secours sont indiqu\u00e9es de mani\u00e8re cons\u00e9quente. Les points de rencontres d\u2019urgence se situent devant ou derri\u00e8re notre b\u00e2timent, selon les circonstances.<\/p><p>13. En cas d\u2019urgence m\u00e9dicale, utilisez directement le num\u00e9ro d\u2019urgence suisse 144.<\/p><p>14. Des modifications \u00e0 notre r\u00e8glement sont toujours possibles. Elles peuvent \u00eatre consult\u00e9es \u00e0 la r\u00e9ception lors du check-in.<\/p><p>15. Nous vous remercions de votre attention et du respect de notre r\u00e8glement. Si vous avez de plus amples questions concernant votre s\u00e9jour, nous sommes tr\u00e8s volontiers \u00e0 votre disposition.<\/p><p>\u00a0<\/p><p>H\u00f4tel et restaurant Panorama<\/p><p>Fam. Schmidhalter- Clausen<\/p>\t\t\t\t\t\t\t\t<\/div>\n\t\t\t\t<\/div>\n\t\t\t\t\t<\/div>\n\t\t<\/div>\n\t\t\t\t\t<\/div>\n\t\t<\/section>\n\t\t\t\t<\/div>\n\t\t","protected":false},"excerpt":{"rendered":"<p>Un moment de d\u00e9tente R\u00e8glement de la maison Veuillez lire le r\u00e8glement de la maison qui vous garantit un s\u00e9jour d\u00e9tendu et agr\u00e9able. 1. Lors de votre s\u00e9jour dans notre h\u00f4tel, nous vous prions de respecter une attitude \u00e9cologique, surtout dans l\u2019utilisation de l\u2019eau et de l\u2019\u00e9lectricit\u00e9. 2. Connexion \u00e9lectrique 220 V. 3. Les visites, [&hellip;]<\/p>\n","protected":false},"author":1,"featured_media":0,"parent":0,"menu_order":0,"comment_status":"closed","ping_status":"closed","template":"","meta":{"_acf_changed":false,"footnotes":""},"class_list":["post-4376","page","type-page","status-publish","hentry"],"acf":[],"yoast_head":"<!-- This site is optimized with the Yoast SEO plugin v27.4 - https:\/\/yoast.com\/product\/yoast-seo-wordpress\/ -->\n<title>R\u00e8glement de la maison - Hotel Panorama Bettmeralp<\/title>\n<meta name=\"description\" content=\"R\u00e8glement de la maison - Veuillez lire le r\u00e8glement de la maison qui vous garantit un s\u00e9jour d\u00e9tendu et agr\u00e9able.\" \/>\n<meta name=\"robots\" content=\"index, follow, max-snippet:-1, max-image-preview:large, max-video-preview:-1\" \/>\n<link rel=\"canonical\" href=\"https:\/\/www.panoramabettmeralp.ch\/fr\/reglement-de-la-maison\/\" \/>\n<meta property=\"og:locale\" content=\"fr_FR\" \/>\n<meta property=\"og:type\" content=\"article\" \/>\n<meta property=\"og:title\" content=\"R\u00e8glement de la maison - Hotel Panorama Bettmeralp\" \/>\n<meta property=\"og:description\" content=\"R\u00e8glement de la maison - Veuillez lire le r\u00e8glement de la maison qui vous garantit un s\u00e9jour d\u00e9tendu et agr\u00e9able.\" \/>\n<meta property=\"og:url\" content=\"https:\/\/www.panoramabettmeralp.ch\/fr\/reglement-de-la-maison\/\" \/>\n<meta property=\"og:site_name\" content=\"Hotel Panorama Bettmeralp\" \/>\n<meta property=\"article:modified_time\" content=\"2023-01-27T19:25:24+00:00\" \/>\n<meta name=\"twitter:card\" content=\"summary_large_image\" \/>\n<meta name=\"twitter:label1\" content=\"Dur\u00e9e de lecture estim\u00e9e\" \/>\n\t<meta name=\"twitter:data1\" content=\"3 minutes\" \/>\n<script type=\"application\/ld+json\" class=\"yoast-schema-graph\">{\"@context\":\"https:\\\/\\\/schema.org\",\"@graph\":[{\"@type\":\"WebPage\",\"@id\":\"https:\\\/\\\/www.panoramabettmeralp.ch\\\/fr\\\/reglement-de-la-maison\\\/\",\"url\":\"https:\\\/\\\/www.panoramabettmeralp.ch\\\/fr\\\/reglement-de-la-maison\\\/\",\"name\":\"R\u00e8glement de la maison - Hotel Panorama Bettmeralp\",\"isPartOf\":{\"@id\":\"https:\\\/\\\/www.panoramabettmeralp.ch\\\/#website\"},\"datePublished\":\"2022-12-09T13:56:12+00:00\",\"dateModified\":\"2023-01-27T19:25:24+00:00\",\"description\":\"R\u00e8glement de la maison - Veuillez lire le r\u00e8glement de la maison qui vous garantit un s\u00e9jour d\u00e9tendu et agr\u00e9able.\",\"breadcrumb\":{\"@id\":\"https:\\\/\\\/www.panoramabettmeralp.ch\\\/fr\\\/reglement-de-la-maison\\\/#breadcrumb\"},\"inLanguage\":\"fr-FR\",\"potentialAction\":[{\"@type\":\"ReadAction\",\"target\":[\"https:\\\/\\\/www.panoramabettmeralp.ch\\\/fr\\\/reglement-de-la-maison\\\/\"]}]},{\"@type\":\"BreadcrumbList\",\"@id\":\"https:\\\/\\\/www.panoramabettmeralp.ch\\\/fr\\\/reglement-de-la-maison\\\/#breadcrumb\",\"itemListElement\":[{\"@type\":\"ListItem\",\"position\":1,\"name\":\"Startseite\",\"item\":\"https:\\\/\\\/www.panoramabettmeralp.ch\\\/fr\\\/\"},{\"@type\":\"ListItem\",\"position\":2,\"name\":\"R\u00e8glement de la maison\"}]},{\"@type\":\"WebSite\",\"@id\":\"https:\\\/\\\/www.panoramabettmeralp.ch\\\/#website\",\"url\":\"https:\\\/\\\/www.panoramabettmeralp.ch\\\/\",\"name\":\"Hotel Panorama Bettmeralp\",\"description\":\"\",\"publisher\":{\"@id\":\"https:\\\/\\\/www.panoramabettmeralp.ch\\\/#organization\"},\"potentialAction\":[{\"@type\":\"SearchAction\",\"target\":{\"@type\":\"EntryPoint\",\"urlTemplate\":\"https:\\\/\\\/www.panoramabettmeralp.ch\\\/?s={search_term_string}\"},\"query-input\":{\"@type\":\"PropertyValueSpecification\",\"valueRequired\":true,\"valueName\":\"search_term_string\"}}],\"inLanguage\":\"fr-FR\"},{\"@type\":\"Organization\",\"@id\":\"https:\\\/\\\/www.panoramabettmeralp.ch\\\/#organization\",\"name\":\"Hotel Panorama Bettmeralp\",\"url\":\"https:\\\/\\\/www.panoramabettmeralp.ch\\\/\",\"logo\":{\"@type\":\"ImageObject\",\"inLanguage\":\"fr-FR\",\"@id\":\"https:\\\/\\\/www.panoramabettmeralp.ch\\\/#\\\/schema\\\/logo\\\/image\\\/\",\"url\":\"https:\\\/\\\/www.panoramabettmeralp.ch\\\/wp-content\\\/uploads\\\/2022\\\/11\\\/Logo-Hotel-Panorama-Bettmeralp.svg\",\"contentUrl\":\"https:\\\/\\\/www.panoramabettmeralp.ch\\\/wp-content\\\/uploads\\\/2022\\\/11\\\/Logo-Hotel-Panorama-Bettmeralp.svg\",\"width\":297,\"height\":60,\"caption\":\"Hotel Panorama Bettmeralp\"},\"image\":{\"@id\":\"https:\\\/\\\/www.panoramabettmeralp.ch\\\/#\\\/schema\\\/logo\\\/image\\\/\"}}]}<\/script>\n<!-- \/ Yoast SEO plugin. -->","yoast_head_json":{"title":"R\u00e8glement de la maison - Hotel Panorama Bettmeralp","description":"R\u00e8glement de la maison - Veuillez lire le r\u00e8glement de la maison qui vous garantit un s\u00e9jour d\u00e9tendu et agr\u00e9able.","robots":{"index":"index","follow":"follow","max-snippet":"max-snippet:-1","max-image-preview":"max-image-preview:large","max-video-preview":"max-video-preview:-1"},"canonical":"https:\/\/www.panoramabettmeralp.ch\/fr\/reglement-de-la-maison\/","og_locale":"fr_FR","og_type":"article","og_title":"R\u00e8glement de la maison - Hotel Panorama Bettmeralp","og_description":"R\u00e8glement de la maison - Veuillez lire le r\u00e8glement de la maison qui vous garantit un s\u00e9jour d\u00e9tendu et agr\u00e9able.","og_url":"https:\/\/www.panoramabettmeralp.ch\/fr\/reglement-de-la-maison\/","og_site_name":"Hotel Panorama Bettmeralp","article_modified_time":"2023-01-27T19:25:24+00:00","twitter_card":"summary_large_image","twitter_misc":{"Dur\u00e9e de lecture estim\u00e9e":"3 minutes"},"schema":{"@context":"https:\/\/schema.org","@graph":[{"@type":"WebPage","@id":"https:\/\/www.panoramabettmeralp.ch\/fr\/reglement-de-la-maison\/","url":"https:\/\/www.panoramabettmeralp.ch\/fr\/reglement-de-la-maison\/","name":"R\u00e8glement de la maison - Hotel Panorama Bettmeralp","isPartOf":{"@id":"https:\/\/www.panoramabettmeralp.ch\/#website"},"datePublished":"2022-12-09T13:56:12+00:00","dateModified":"2023-01-27T19:25:24+00:00","description":"R\u00e8glement de la maison - Veuillez lire le r\u00e8glement de la maison qui vous garantit un s\u00e9jour d\u00e9tendu et agr\u00e9able.","breadcrumb":{"@id":"https:\/\/www.panoramabettmeralp.ch\/fr\/reglement-de-la-maison\/#breadcrumb"},"inLanguage":"fr-FR","potentialAction":[{"@type":"ReadAction","target":["https:\/\/www.panoramabettmeralp.ch\/fr\/reglement-de-la-maison\/"]}]},{"@type":"BreadcrumbList","@id":"https:\/\/www.panoramabettmeralp.ch\/fr\/reglement-de-la-maison\/#breadcrumb","itemListElement":[{"@type":"ListItem","position":1,"name":"Startseite","item":"https:\/\/www.panoramabettmeralp.ch\/fr\/"},{"@type":"ListItem","position":2,"name":"R\u00e8glement de la maison"}]},{"@type":"WebSite","@id":"https:\/\/www.panoramabettmeralp.ch\/#website","url":"https:\/\/www.panoramabettmeralp.ch\/","name":"Hotel Panorama Bettmeralp","description":"","publisher":{"@id":"https:\/\/www.panoramabettmeralp.ch\/#organization"},"potentialAction":[{"@type":"SearchAction","target":{"@type":"EntryPoint","urlTemplate":"https:\/\/www.panoramabettmeralp.ch\/?s={search_term_string}"},"query-input":{"@type":"PropertyValueSpecification","valueRequired":true,"valueName":"search_term_string"}}],"inLanguage":"fr-FR"},{"@type":"Organization","@id":"https:\/\/www.panoramabettmeralp.ch\/#organization","name":"Hotel Panorama Bettmeralp","url":"https:\/\/www.panoramabettmeralp.ch\/","logo":{"@type":"ImageObject","inLanguage":"fr-FR","@id":"https:\/\/www.panoramabettmeralp.ch\/#\/schema\/logo\/image\/","url":"https:\/\/www.panoramabettmeralp.ch\/wp-content\/uploads\/2022\/11\/Logo-Hotel-Panorama-Bettmeralp.svg","contentUrl":"https:\/\/www.panoramabettmeralp.ch\/wp-content\/uploads\/2022\/11\/Logo-Hotel-Panorama-Bettmeralp.svg","width":297,"height":60,"caption":"Hotel Panorama Bettmeralp"},"image":{"@id":"https:\/\/www.panoramabettmeralp.ch\/#\/schema\/logo\/image\/"}}]}},"_links":{"self":[{"href":"https:\/\/www.panoramabettmeralp.ch\/fr\/wp-json\/wp\/v2\/pages\/4376","targetHints":{"allow":["GET"]}}],"collection":[{"href":"https:\/\/www.panoramabettmeralp.ch\/fr\/wp-json\/wp\/v2\/pages"}],"about":[{"href":"https:\/\/www.panoramabettmeralp.ch\/fr\/wp-json\/wp\/v2\/types\/page"}],"author":[{"embeddable":true,"href":"https:\/\/www.panoramabettmeralp.ch\/fr\/wp-json\/wp\/v2\/users\/1"}],"replies":[{"embeddable":true,"href":"https:\/\/www.panoramabettmeralp.ch\/fr\/wp-json\/wp\/v2\/comments?post=4376"}],"version-history":[{"count":3,"href":"https:\/\/www.panoramabettmeralp.ch\/fr\/wp-json\/wp\/v2\/pages\/4376\/revisions"}],"predecessor-version":[{"id":5427,"href":"https:\/\/www.panoramabettmeralp.ch\/fr\/wp-json\/wp\/v2\/pages\/4376\/revisions\/5427"}],"wp:attachment":[{"href":"https:\/\/www.panoramabettmeralp.ch\/fr\/wp-json\/wp\/v2\/media?parent=4376"}],"curies":[{"name":"wp","href":"https:\/\/api.w.org\/{rel}","templated":true}]}}