{"id":4302,"date":"2022-12-23T14:12:20","date_gmt":"2022-12-23T14:12:20","guid":{"rendered":"https:\/\/www.panoramabettmeralp.ch\/fondue-erlebnis\/"},"modified":"2024-03-25T12:38:48","modified_gmt":"2024-03-25T12:38:48","slug":"evenement-fondue","status":"publish","type":"page","link":"https:\/\/www.panoramabettmeralp.ch\/fr\/outdoor\/evenement-fondue\/","title":{"rendered":"Ev\u00e9nement fondue"},"content":{"rendered":"\t\t<div data-elementor-type=\"wp-page\" data-elementor-id=\"4302\" class=\"elementor elementor-4302\" data-elementor-post-type=\"page\">\n\t\t\t\t\t\t<section class=\"elementor-section elementor-top-section elementor-element elementor-element-6bbaed71 elementor-section-full_width introslider elementor-section-height-default elementor-section-height-default\" data-id=\"6bbaed71\" data-element_type=\"section\" data-e-type=\"section\">\n\t\t\t\t\t\t<div class=\"elementor-container elementor-column-gap-default\">\n\t\t\t\t\t<div class=\"elementor-column elementor-col-100 elementor-top-column elementor-element elementor-element-7496de52\" data-id=\"7496de52\" data-element_type=\"column\" data-e-type=\"column\">\n\t\t\t<div class=\"elementor-widget-wrap elementor-element-populated\">\n\t\t\t\t\t\t<div class=\"elementor-element elementor-element-80b6fb5 elementor-widget elementor-widget-introslider\" data-id=\"80b6fb5\" data-element_type=\"widget\" data-e-type=\"widget\" data-widget_type=\"introslider.default\">\n\t\t\t\t<div class=\"elementor-widget-container\">\n\t\t\t\t\t\t\t<div class=\"swiper-container swiper-intro\">\n\t\t\t<div class=\"swiper-wrapper\">\n\t\t\t\t\t\t\t\t<div class=\"swiper-slide\"> \n\t\t\t\t\t<div class=\"img-container\">\n\t\t\t\t\t\t<img decoding=\"async\" src=\"https:\/\/www.panoramabettmeralp.ch\/wp-content\/uploads\/2022\/12\/fondue-2022-11-10-18-51-24-utc-1-scaled.jpg\" class=\"blur-up img-streched grayscale\" alt=\"\">               \n\t\t\t\t\t<\/div>\n\t\t\t\t<\/div>\n\t\t\t\t\t\t\t<\/div>\n\t\t\t<div class=\"swiper-pagination\"><\/div>\n\t\t<\/div>\n\t\t\t\t\t\t<\/div>\n\t\t\t\t<\/div>\n\t\t\t\t\t<\/div>\n\t\t<\/div>\n\t\t\t\t\t<\/div>\n\t\t<\/section>\n\t\t\t\t<section class=\"elementor-section elementor-top-section elementor-element elementor-element-0b0e2da offerintro elementor-section-boxed elementor-section-height-default elementor-section-height-default\" data-id=\"0b0e2da\" data-element_type=\"section\" data-e-type=\"section\" data-settings=\"{&quot;background_background&quot;:&quot;classic&quot;}\">\n\t\t\t\t\t\t<div class=\"elementor-container elementor-column-gap-default\">\n\t\t\t\t\t<div class=\"elementor-column elementor-col-50 elementor-top-column elementor-element elementor-element-993d92c\" data-id=\"993d92c\" data-element_type=\"column\" data-e-type=\"column\">\n\t\t\t<div class=\"elementor-widget-wrap elementor-element-populated\">\n\t\t\t\t\t\t<div class=\"elementor-element elementor-element-296a19a elementor-widget elementor-widget-text-editor\" data-id=\"296a19a\" data-element_type=\"widget\" data-e-type=\"widget\" data-widget_type=\"text-editor.default\">\n\t\t\t\t<div class=\"elementor-widget-container\">\n\t\t\t\t\t\t\t\t\t<h3>Un moment de d\u00e9tente<\/h3>\t\t\t\t\t\t\t\t<\/div>\n\t\t\t\t<\/div>\n\t\t\t\t<div class=\"elementor-element elementor-element-97de0c8 elementor-widget elementor-widget-text-editor\" data-id=\"97de0c8\" data-element_type=\"widget\" data-e-type=\"widget\" data-widget_type=\"text-editor.default\">\n\t\t\t\t<div class=\"elementor-widget-container\">\n\t\t\t\t\t\t\t\t\t<h1>Ev\u00e9nement fondue<\/h1><p>Profiter d\u2019une journ\u00e9e dans la superbe Aletsch Arena. Randonner, se promener ou, pour terminer, une baignade rafraichissante dans le Bettmersee. De retour \u00e0 l\u2019h\u00f4tel, prendre une douche, se reposer et laisser le soleil se coucher en d\u00e9gustant une succulente fondue.<\/p>\t\t\t\t\t\t\t\t<\/div>\n\t\t\t\t<\/div>\n\t\t\t\t\t<\/div>\n\t\t<\/div>\n\t\t\t\t<div class=\"elementor-column elementor-col-50 elementor-top-column elementor-element elementor-element-3e3f67c\" data-id=\"3e3f67c\" data-element_type=\"column\" data-e-type=\"column\">\n\t\t\t<div class=\"elementor-widget-wrap elementor-element-populated\">\n\t\t\t\t\t\t<div class=\"elementor-element elementor-element-8876f96 elementor-widget elementor-widget-text-editor\" data-id=\"8876f96\" data-element_type=\"widget\" data-e-type=\"widget\" data-widget_type=\"text-editor.default\">\n\t\t\t\t<div class=\"elementor-widget-container\">\n\t\t\t\t\t\t\t\t\t<ul><li>Par personne:<\/li><li>Boisson de bienvenue<\/li><li>Transport des bagages<\/li><li>Entr\u00e9e \u00e0 la piscine couverte Bachtla<\/li><li>1 x panier-repas<\/li><li>1 x fondue au fromage<\/li><\/ul>\t\t\t\t\t\t\t\t<\/div>\n\t\t\t\t<\/div>\n\t\t\t\t\t<\/div>\n\t\t<\/div>\n\t\t\t\t\t<\/div>\n\t\t<\/section>\n\t\t\t\t<section class=\"elementor-section elementor-top-section elementor-element elementor-element-1f0724b offerinfos elementor-section-boxed elementor-section-height-default elementor-section-height-default\" data-id=\"1f0724b\" data-element_type=\"section\" data-e-type=\"section\">\n\t\t\t\t\t\t<div class=\"elementor-container elementor-column-gap-default\">\n\t\t\t\t\t<div class=\"elementor-column elementor-col-100 elementor-top-column elementor-element elementor-element-d1fab50\" data-id=\"d1fab50\" data-element_type=\"column\" data-e-type=\"column\">\n\t\t\t<div class=\"elementor-widget-wrap elementor-element-populated\">\n\t\t\t\t\t\t<div class=\"elementor-element elementor-element-0d7b3a7 elementor-widget elementor-widget-text-editor\" data-id=\"0d7b3a7\" data-element_type=\"widget\" data-e-type=\"widget\" data-widget_type=\"text-editor.default\">\n\t\t\t\t<div class=\"elementor-widget-container\">\n\t\t\t\t\t\t\t\t\t<table>\n<tbody>\n<tr>\n<td>3 nuits<\/td>\n<td>Chambre standard nord, buffet de petit d\u00e9jeuner compris<\/td>\n<td>1 personne<\/td>\n<td>chf 305<\/td>\n<\/tr>\n<tr>\n<td>3 nuits<\/td>\n<td>Chambre standard nord, buffet de petit d\u00e9jeuner compris, demi-pension<\/td>\n<td>1 personne<\/td>\n<td>chf 425<\/td>\n<\/tr>\n<tr>\n<td>5 nuits<\/td>\n<td>Chambre standard nord, buffet de petit d\u00e9jeuner compris<\/td>\n<td>1 personne<\/td>\n<td>chf 490<\/td>\n<\/tr>\n<tr>\n<td>5 nuits<\/td>\n<td>Chambre standard nord, buffet de petit d\u00e9jeuner compris, demi-pension<\/td>\n<td>1 personne<\/td>\n<td>chf 610<\/td>\n<\/tr>\n<tr>\n<td>3 nuits<\/td>\n<td>Chambre confort sud, buffet de petit d\u00e9jeuner compris<\/td>\n<td>1 personne<\/td>\n<td>chf 455<\/td>\n<\/tr>\n<tr>\n<td>3 nuits<\/td>\n<td>Chambre confort sud, buffet de petit d\u00e9jeuner compris, demi-pension<\/td>\n<td>1 personne<\/td>\n<td>chf 575<\/td>\n<\/tr>\n<tr>\n<td>5 nuits<\/td>\n<td>Chambre confort sud, buffet de petit d\u00e9jeuner compris<\/td>\n<td>1 personne<\/td>\n<td>chf 615<\/td>\n<\/tr>\n<tr>\n<td>5 nuits<\/td>\n<td>Chambre confort sud, buffet de petit d\u00e9jeuner compris, demi-pension<\/td>\n<td>1 personne<\/td>\n<td>chf 735<\/td>\n<\/tr>\n<\/tbody>\n<\/table>\n<p>Toute nuit suppl\u00e9mentaire est factur\u00e9e au prix normal de la chambre.<\/p>\n<p>Toutes les chambres sont pourvues de douche ou bain, WC, coffre-fort, bureau. Les chambres sont non-fumeur. Le prix comprend TVA, carte d\u2019h\u00f4te Aletsch, wifi.<\/p>\n<p><a href=\"mailto:info@panoramabettmeralp.ch\">R\u00e9server<\/a><\/p>\t\t\t\t\t\t\t\t<\/div>\n\t\t\t\t<\/div>\n\t\t\t\t\t<\/div>\n\t\t<\/div>\n\t\t\t\t\t<\/div>\n\t\t<\/section>\n\t\t\t\t<\/div>\n\t\t","protected":false},"excerpt":{"rendered":"<p>Un moment de d\u00e9tente Ev\u00e9nement fondue Profiter d\u2019une journ\u00e9e dans la superbe Aletsch Arena. Randonner, se promener ou, pour terminer, une baignade rafraichissante dans le Bettmersee. De retour \u00e0 l\u2019h\u00f4tel, prendre une douche, se reposer et laisser le soleil se coucher en d\u00e9gustant une succulente fondue. Par personne: Boisson de bienvenue Transport des bagages Entr\u00e9e [&hellip;]<\/p>\n","protected":false},"author":2,"featured_media":0,"parent":4401,"menu_order":0,"comment_status":"closed","ping_status":"closed","template":"","meta":{"_acf_changed":false,"footnotes":""},"class_list":["post-4302","page","type-page","status-publish","hentry"],"acf":[],"yoast_head":"<!-- This site is optimized with the Yoast SEO plugin v27.4 - https:\/\/yoast.com\/product\/yoast-seo-wordpress\/ -->\n<title>Ev\u00e9nement fondue - Hotel Panorama Bettmeralp<\/title>\n<meta name=\"description\" content=\"Ev\u00e9nement fondue - Profiter d\u2019une journ\u00e9e dans la superbe Aletsch Arena. Randonner, se promener ou, pour terminer, une baignade rafraichissante dans le Bettmersee. De retour \u00e0 l\u2019h\u00f4tel, prendre une douche, se reposer et laisser le soleil se coucher en d\u00e9gustant une succulente fondue.\" \/>\n<meta name=\"robots\" content=\"index, follow, max-snippet:-1, max-image-preview:large, max-video-preview:-1\" \/>\n<link rel=\"canonical\" href=\"https:\/\/www.panoramabettmeralp.ch\/fr\/outdoor\/evenement-fondue\/\" \/>\n<meta property=\"og:locale\" content=\"fr_FR\" \/>\n<meta property=\"og:type\" content=\"article\" \/>\n<meta property=\"og:title\" content=\"Ev\u00e9nement fondue - Hotel Panorama Bettmeralp\" \/>\n<meta property=\"og:description\" content=\"Ev\u00e9nement fondue - Profiter d\u2019une journ\u00e9e dans la superbe Aletsch Arena. Randonner, se promener ou, pour terminer, une baignade rafraichissante dans le Bettmersee. De retour \u00e0 l\u2019h\u00f4tel, prendre une douche, se reposer et laisser le soleil se coucher en d\u00e9gustant une succulente fondue.\" \/>\n<meta property=\"og:url\" content=\"https:\/\/www.panoramabettmeralp.ch\/fr\/outdoor\/evenement-fondue\/\" \/>\n<meta property=\"og:site_name\" content=\"Hotel Panorama Bettmeralp\" \/>\n<meta property=\"article:modified_time\" content=\"2024-03-25T12:38:48+00:00\" \/>\n<meta property=\"og:image\" content=\"https:\/\/www.panoramabettmeralp.ch\/wp-content\/uploads\/2022\/12\/fondue-2022-11-10-18-51-24-utc-1-scaled.jpg\" \/>\n<meta name=\"twitter:card\" content=\"summary_large_image\" \/>\n<meta name=\"twitter:label1\" content=\"Dur\u00e9e de lecture estim\u00e9e\" \/>\n\t<meta name=\"twitter:data1\" content=\"2 minutes\" \/>\n<script type=\"application\/ld+json\" class=\"yoast-schema-graph\">{\"@context\":\"https:\\\/\\\/schema.org\",\"@graph\":[{\"@type\":\"WebPage\",\"@id\":\"https:\\\/\\\/www.panoramabettmeralp.ch\\\/fr\\\/outdoor\\\/evenement-fondue\\\/\",\"url\":\"https:\\\/\\\/www.panoramabettmeralp.ch\\\/fr\\\/outdoor\\\/evenement-fondue\\\/\",\"name\":\"Ev\u00e9nement fondue - Hotel Panorama Bettmeralp\",\"isPartOf\":{\"@id\":\"https:\\\/\\\/www.panoramabettmeralp.ch\\\/#website\"},\"primaryImageOfPage\":{\"@id\":\"https:\\\/\\\/www.panoramabettmeralp.ch\\\/fr\\\/outdoor\\\/evenement-fondue\\\/#primaryimage\"},\"image\":{\"@id\":\"https:\\\/\\\/www.panoramabettmeralp.ch\\\/fr\\\/outdoor\\\/evenement-fondue\\\/#primaryimage\"},\"thumbnailUrl\":\"https:\\\/\\\/www.panoramabettmeralp.ch\\\/wp-content\\\/uploads\\\/2022\\\/12\\\/fondue-2022-11-10-18-51-24-utc-1-scaled.jpg\",\"datePublished\":\"2022-12-23T14:12:20+00:00\",\"dateModified\":\"2024-03-25T12:38:48+00:00\",\"description\":\"Ev\u00e9nement fondue - Profiter d\u2019une journ\u00e9e dans la superbe Aletsch Arena. Randonner, se promener ou, pour terminer, une baignade rafraichissante dans le Bettmersee. De retour \u00e0 l\u2019h\u00f4tel, prendre une douche, se reposer et laisser le soleil se coucher en d\u00e9gustant une succulente fondue.\",\"breadcrumb\":{\"@id\":\"https:\\\/\\\/www.panoramabettmeralp.ch\\\/fr\\\/outdoor\\\/evenement-fondue\\\/#breadcrumb\"},\"inLanguage\":\"fr-FR\",\"potentialAction\":[{\"@type\":\"ReadAction\",\"target\":[\"https:\\\/\\\/www.panoramabettmeralp.ch\\\/fr\\\/outdoor\\\/evenement-fondue\\\/\"]}]},{\"@type\":\"ImageObject\",\"inLanguage\":\"fr-FR\",\"@id\":\"https:\\\/\\\/www.panoramabettmeralp.ch\\\/fr\\\/outdoor\\\/evenement-fondue\\\/#primaryimage\",\"url\":\"https:\\\/\\\/www.panoramabettmeralp.ch\\\/wp-content\\\/uploads\\\/2022\\\/12\\\/fondue-2022-11-10-18-51-24-utc-1-scaled.jpg\",\"contentUrl\":\"https:\\\/\\\/www.panoramabettmeralp.ch\\\/wp-content\\\/uploads\\\/2022\\\/12\\\/fondue-2022-11-10-18-51-24-utc-1-scaled.jpg\"},{\"@type\":\"BreadcrumbList\",\"@id\":\"https:\\\/\\\/www.panoramabettmeralp.ch\\\/fr\\\/outdoor\\\/evenement-fondue\\\/#breadcrumb\",\"itemListElement\":[{\"@type\":\"ListItem\",\"position\":1,\"name\":\"Startseite\",\"item\":\"https:\\\/\\\/www.panoramabettmeralp.ch\\\/fr\\\/\"},{\"@type\":\"ListItem\",\"position\":2,\"name\":\"Outdoor\",\"item\":\"https:\\\/\\\/www.panoramabettmeralp.ch\\\/fr\\\/outdoor\\\/\"},{\"@type\":\"ListItem\",\"position\":3,\"name\":\"Ev\u00e9nement fondue\"}]},{\"@type\":\"WebSite\",\"@id\":\"https:\\\/\\\/www.panoramabettmeralp.ch\\\/#website\",\"url\":\"https:\\\/\\\/www.panoramabettmeralp.ch\\\/\",\"name\":\"Hotel Panorama Bettmeralp\",\"description\":\"\",\"publisher\":{\"@id\":\"https:\\\/\\\/www.panoramabettmeralp.ch\\\/#organization\"},\"potentialAction\":[{\"@type\":\"SearchAction\",\"target\":{\"@type\":\"EntryPoint\",\"urlTemplate\":\"https:\\\/\\\/www.panoramabettmeralp.ch\\\/?s={search_term_string}\"},\"query-input\":{\"@type\":\"PropertyValueSpecification\",\"valueRequired\":true,\"valueName\":\"search_term_string\"}}],\"inLanguage\":\"fr-FR\"},{\"@type\":\"Organization\",\"@id\":\"https:\\\/\\\/www.panoramabettmeralp.ch\\\/#organization\",\"name\":\"Hotel Panorama Bettmeralp\",\"url\":\"https:\\\/\\\/www.panoramabettmeralp.ch\\\/\",\"logo\":{\"@type\":\"ImageObject\",\"inLanguage\":\"fr-FR\",\"@id\":\"https:\\\/\\\/www.panoramabettmeralp.ch\\\/#\\\/schema\\\/logo\\\/image\\\/\",\"url\":\"https:\\\/\\\/www.panoramabettmeralp.ch\\\/wp-content\\\/uploads\\\/2022\\\/11\\\/Logo-Hotel-Panorama-Bettmeralp.svg\",\"contentUrl\":\"https:\\\/\\\/www.panoramabettmeralp.ch\\\/wp-content\\\/uploads\\\/2022\\\/11\\\/Logo-Hotel-Panorama-Bettmeralp.svg\",\"width\":297,\"height\":60,\"caption\":\"Hotel Panorama Bettmeralp\"},\"image\":{\"@id\":\"https:\\\/\\\/www.panoramabettmeralp.ch\\\/#\\\/schema\\\/logo\\\/image\\\/\"}}]}<\/script>\n<!-- \/ Yoast SEO plugin. -->","yoast_head_json":{"title":"Ev\u00e9nement fondue - Hotel Panorama Bettmeralp","description":"Ev\u00e9nement fondue - Profiter d\u2019une journ\u00e9e dans la superbe Aletsch Arena. Randonner, se promener ou, pour terminer, une baignade rafraichissante dans le Bettmersee. De retour \u00e0 l\u2019h\u00f4tel, prendre une douche, se reposer et laisser le soleil se coucher en d\u00e9gustant une succulente fondue.","robots":{"index":"index","follow":"follow","max-snippet":"max-snippet:-1","max-image-preview":"max-image-preview:large","max-video-preview":"max-video-preview:-1"},"canonical":"https:\/\/www.panoramabettmeralp.ch\/fr\/outdoor\/evenement-fondue\/","og_locale":"fr_FR","og_type":"article","og_title":"Ev\u00e9nement fondue - Hotel Panorama Bettmeralp","og_description":"Ev\u00e9nement fondue - Profiter d\u2019une journ\u00e9e dans la superbe Aletsch Arena. Randonner, se promener ou, pour terminer, une baignade rafraichissante dans le Bettmersee. De retour \u00e0 l\u2019h\u00f4tel, prendre une douche, se reposer et laisser le soleil se coucher en d\u00e9gustant une succulente fondue.","og_url":"https:\/\/www.panoramabettmeralp.ch\/fr\/outdoor\/evenement-fondue\/","og_site_name":"Hotel Panorama Bettmeralp","article_modified_time":"2024-03-25T12:38:48+00:00","og_image":[{"url":"https:\/\/www.panoramabettmeralp.ch\/wp-content\/uploads\/2022\/12\/fondue-2022-11-10-18-51-24-utc-1-scaled.jpg","type":"","width":"","height":""}],"twitter_card":"summary_large_image","twitter_misc":{"Dur\u00e9e de lecture estim\u00e9e":"2 minutes"},"schema":{"@context":"https:\/\/schema.org","@graph":[{"@type":"WebPage","@id":"https:\/\/www.panoramabettmeralp.ch\/fr\/outdoor\/evenement-fondue\/","url":"https:\/\/www.panoramabettmeralp.ch\/fr\/outdoor\/evenement-fondue\/","name":"Ev\u00e9nement fondue - Hotel Panorama Bettmeralp","isPartOf":{"@id":"https:\/\/www.panoramabettmeralp.ch\/#website"},"primaryImageOfPage":{"@id":"https:\/\/www.panoramabettmeralp.ch\/fr\/outdoor\/evenement-fondue\/#primaryimage"},"image":{"@id":"https:\/\/www.panoramabettmeralp.ch\/fr\/outdoor\/evenement-fondue\/#primaryimage"},"thumbnailUrl":"https:\/\/www.panoramabettmeralp.ch\/wp-content\/uploads\/2022\/12\/fondue-2022-11-10-18-51-24-utc-1-scaled.jpg","datePublished":"2022-12-23T14:12:20+00:00","dateModified":"2024-03-25T12:38:48+00:00","description":"Ev\u00e9nement fondue - Profiter d\u2019une journ\u00e9e dans la superbe Aletsch Arena. Randonner, se promener ou, pour terminer, une baignade rafraichissante dans le Bettmersee. De retour \u00e0 l\u2019h\u00f4tel, prendre une douche, se reposer et laisser le soleil se coucher en d\u00e9gustant une succulente fondue.","breadcrumb":{"@id":"https:\/\/www.panoramabettmeralp.ch\/fr\/outdoor\/evenement-fondue\/#breadcrumb"},"inLanguage":"fr-FR","potentialAction":[{"@type":"ReadAction","target":["https:\/\/www.panoramabettmeralp.ch\/fr\/outdoor\/evenement-fondue\/"]}]},{"@type":"ImageObject","inLanguage":"fr-FR","@id":"https:\/\/www.panoramabettmeralp.ch\/fr\/outdoor\/evenement-fondue\/#primaryimage","url":"https:\/\/www.panoramabettmeralp.ch\/wp-content\/uploads\/2022\/12\/fondue-2022-11-10-18-51-24-utc-1-scaled.jpg","contentUrl":"https:\/\/www.panoramabettmeralp.ch\/wp-content\/uploads\/2022\/12\/fondue-2022-11-10-18-51-24-utc-1-scaled.jpg"},{"@type":"BreadcrumbList","@id":"https:\/\/www.panoramabettmeralp.ch\/fr\/outdoor\/evenement-fondue\/#breadcrumb","itemListElement":[{"@type":"ListItem","position":1,"name":"Startseite","item":"https:\/\/www.panoramabettmeralp.ch\/fr\/"},{"@type":"ListItem","position":2,"name":"Outdoor","item":"https:\/\/www.panoramabettmeralp.ch\/fr\/outdoor\/"},{"@type":"ListItem","position":3,"name":"Ev\u00e9nement fondue"}]},{"@type":"WebSite","@id":"https:\/\/www.panoramabettmeralp.ch\/#website","url":"https:\/\/www.panoramabettmeralp.ch\/","name":"Hotel Panorama Bettmeralp","description":"","publisher":{"@id":"https:\/\/www.panoramabettmeralp.ch\/#organization"},"potentialAction":[{"@type":"SearchAction","target":{"@type":"EntryPoint","urlTemplate":"https:\/\/www.panoramabettmeralp.ch\/?s={search_term_string}"},"query-input":{"@type":"PropertyValueSpecification","valueRequired":true,"valueName":"search_term_string"}}],"inLanguage":"fr-FR"},{"@type":"Organization","@id":"https:\/\/www.panoramabettmeralp.ch\/#organization","name":"Hotel Panorama Bettmeralp","url":"https:\/\/www.panoramabettmeralp.ch\/","logo":{"@type":"ImageObject","inLanguage":"fr-FR","@id":"https:\/\/www.panoramabettmeralp.ch\/#\/schema\/logo\/image\/","url":"https:\/\/www.panoramabettmeralp.ch\/wp-content\/uploads\/2022\/11\/Logo-Hotel-Panorama-Bettmeralp.svg","contentUrl":"https:\/\/www.panoramabettmeralp.ch\/wp-content\/uploads\/2022\/11\/Logo-Hotel-Panorama-Bettmeralp.svg","width":297,"height":60,"caption":"Hotel Panorama Bettmeralp"},"image":{"@id":"https:\/\/www.panoramabettmeralp.ch\/#\/schema\/logo\/image\/"}}]}},"_links":{"self":[{"href":"https:\/\/www.panoramabettmeralp.ch\/fr\/wp-json\/wp\/v2\/pages\/4302","targetHints":{"allow":["GET"]}}],"collection":[{"href":"https:\/\/www.panoramabettmeralp.ch\/fr\/wp-json\/wp\/v2\/pages"}],"about":[{"href":"https:\/\/www.panoramabettmeralp.ch\/fr\/wp-json\/wp\/v2\/types\/page"}],"author":[{"embeddable":true,"href":"https:\/\/www.panoramabettmeralp.ch\/fr\/wp-json\/wp\/v2\/users\/2"}],"replies":[{"embeddable":true,"href":"https:\/\/www.panoramabettmeralp.ch\/fr\/wp-json\/wp\/v2\/comments?post=4302"}],"version-history":[{"count":5,"href":"https:\/\/www.panoramabettmeralp.ch\/fr\/wp-json\/wp\/v2\/pages\/4302\/revisions"}],"predecessor-version":[{"id":6626,"href":"https:\/\/www.panoramabettmeralp.ch\/fr\/wp-json\/wp\/v2\/pages\/4302\/revisions\/6626"}],"up":[{"embeddable":true,"href":"https:\/\/www.panoramabettmeralp.ch\/fr\/wp-json\/wp\/v2\/pages\/4401"}],"wp:attachment":[{"href":"https:\/\/www.panoramabettmeralp.ch\/fr\/wp-json\/wp\/v2\/media?parent=4302"}],"curies":[{"name":"wp","href":"https:\/\/api.w.org\/{rel}","templated":true}]}}