{"id":4283,"date":"2022-12-12T07:38:49","date_gmt":"2022-12-12T07:38:49","guid":{"rendered":"https:\/\/www.panoramabettmeralp.ch\/e-mountainbike-abenteuer\/"},"modified":"2024-03-25T12:40:08","modified_gmt":"2024-03-25T12:40:08","slug":"aventure-e-bike","status":"publish","type":"page","link":"https:\/\/www.panoramabettmeralp.ch\/fr\/outdoor\/aventure-e-bike\/","title":{"rendered":"Aventure e-bike"},"content":{"rendered":"\t\t<div data-elementor-type=\"wp-page\" data-elementor-id=\"4283\" class=\"elementor elementor-4283\" data-elementor-post-type=\"page\">\n\t\t\t\t\t\t<section class=\"elementor-section elementor-top-section elementor-element elementor-element-6bbaed71 elementor-section-full_width introslider elementor-section-height-default elementor-section-height-default\" data-id=\"6bbaed71\" data-element_type=\"section\" data-e-type=\"section\">\n\t\t\t\t\t\t<div class=\"elementor-container elementor-column-gap-default\">\n\t\t\t\t\t<div class=\"elementor-column elementor-col-100 elementor-top-column elementor-element elementor-element-7496de52\" data-id=\"7496de52\" data-element_type=\"column\" data-e-type=\"column\">\n\t\t\t<div class=\"elementor-widget-wrap elementor-element-populated\">\n\t\t\t\t\t\t<div class=\"elementor-element elementor-element-80b6fb5 elementor-widget elementor-widget-introslider\" data-id=\"80b6fb5\" data-element_type=\"widget\" data-e-type=\"widget\" data-widget_type=\"introslider.default\">\n\t\t\t\t<div class=\"elementor-widget-container\">\n\t\t\t\t\t\t\t<div class=\"swiper-container swiper-intro\">\n\t\t\t<div class=\"swiper-wrapper\">\n\t\t\t\t\t\t\t\t<div class=\"swiper-slide\"> \n\t\t\t\t\t<div class=\"img-container\">\n\t\t\t\t\t\t<img decoding=\"async\" src=\"https:\/\/www.panoramabettmeralp.ch\/wp-content\/uploads\/2023\/01\/mountainbike-4-etappe-moosfluh-moerel-aletsch-arena-pascal-gertschen-17-scaled.jpg\" class=\"blur-up img-streched grayscale\" alt=\"\">               \n\t\t\t\t\t<\/div>\n\t\t\t\t<\/div>\n\t\t\t\t\t\t\t<\/div>\n\t\t\t<div class=\"swiper-pagination\"><\/div>\n\t\t<\/div>\n\t\t\t\t\t\t<\/div>\n\t\t\t\t<\/div>\n\t\t\t\t\t<\/div>\n\t\t<\/div>\n\t\t\t\t\t<\/div>\n\t\t<\/section>\n\t\t\t\t<section class=\"elementor-section elementor-top-section elementor-element elementor-element-0b0e2da offerintro elementor-section-boxed elementor-section-height-default elementor-section-height-default\" data-id=\"0b0e2da\" data-element_type=\"section\" data-e-type=\"section\" data-settings=\"{&quot;background_background&quot;:&quot;classic&quot;}\">\n\t\t\t\t\t\t<div class=\"elementor-container elementor-column-gap-default\">\n\t\t\t\t\t<div class=\"elementor-column elementor-col-50 elementor-top-column elementor-element elementor-element-993d92c\" data-id=\"993d92c\" data-element_type=\"column\" data-e-type=\"column\">\n\t\t\t<div class=\"elementor-widget-wrap elementor-element-populated\">\n\t\t\t\t\t\t<div class=\"elementor-element elementor-element-296a19a elementor-widget elementor-widget-text-editor\" data-id=\"296a19a\" data-element_type=\"widget\" data-e-type=\"widget\" data-widget_type=\"text-editor.default\">\n\t\t\t\t<div class=\"elementor-widget-container\">\n\t\t\t\t\t\t\t\t\t<h3>Un moment de d\u00e9tente<\/h3>\t\t\t\t\t\t\t\t<\/div>\n\t\t\t\t<\/div>\n\t\t\t\t<div class=\"elementor-element elementor-element-97de0c8 elementor-widget elementor-widget-text-editor\" data-id=\"97de0c8\" data-element_type=\"widget\" data-e-type=\"widget\" data-widget_type=\"text-editor.default\">\n\t\t\t\t<div class=\"elementor-widget-container\">\n\t\t\t\t\t\t\t\t\t<h1>Aventure e-bike<\/h1><p>On le sent \u00e0 chaque tour de roue sur les routes de montagne ou les ar\u00eates. Quelles que soient votre endurance ou votre vitesse \u2013 ce qui compte, c\u2019est l\u2019exp\u00e9rience v\u00e9cue.<\/p><p>3 jours de d\u00e9tente et d\u2019inoubliables moments dans les montagnes valaisannes.<\/p>\t\t\t\t\t\t\t\t<\/div>\n\t\t\t\t<\/div>\n\t\t\t\t\t<\/div>\n\t\t<\/div>\n\t\t\t\t<div class=\"elementor-column elementor-col-50 elementor-top-column elementor-element elementor-element-3e3f67c\" data-id=\"3e3f67c\" data-element_type=\"column\" data-e-type=\"column\">\n\t\t\t<div class=\"elementor-widget-wrap elementor-element-populated\">\n\t\t\t\t\t\t<div class=\"elementor-element elementor-element-8876f96 elementor-widget elementor-widget-text-editor\" data-id=\"8876f96\" data-element_type=\"widget\" data-e-type=\"widget\" data-widget_type=\"text-editor.default\">\n\t\t\t\t<div class=\"elementor-widget-container\">\n\t\t\t\t\t\t\t\t\t<ul><li>Par personne:<\/li><li>Boisson de bienvenue<\/li><li>Transport des bagages<\/li><li>Entr\u00e9e \u00e0 la piscine couverte Bachtla<\/li><li>1 x panier-repas Power<\/li><li>1 x jour de location d\u2019un e-bike (Derby Sport)<\/li><\/ul>\t\t\t\t\t\t\t\t<\/div>\n\t\t\t\t<\/div>\n\t\t\t\t\t<\/div>\n\t\t<\/div>\n\t\t\t\t\t<\/div>\n\t\t<\/section>\n\t\t\t\t<section class=\"elementor-section elementor-top-section elementor-element elementor-element-1f0724b offerinfos elementor-section-boxed elementor-section-height-default elementor-section-height-default\" data-id=\"1f0724b\" data-element_type=\"section\" data-e-type=\"section\">\n\t\t\t\t\t\t<div class=\"elementor-container elementor-column-gap-default\">\n\t\t\t\t\t<div class=\"elementor-column elementor-col-100 elementor-top-column elementor-element elementor-element-d1fab50\" data-id=\"d1fab50\" data-element_type=\"column\" data-e-type=\"column\">\n\t\t\t<div class=\"elementor-widget-wrap elementor-element-populated\">\n\t\t\t\t\t\t<div class=\"elementor-element elementor-element-0d7b3a7 elementor-widget elementor-widget-text-editor\" data-id=\"0d7b3a7\" data-element_type=\"widget\" data-e-type=\"widget\" data-widget_type=\"text-editor.default\">\n\t\t\t\t<div class=\"elementor-widget-container\">\n\t\t\t\t\t\t\t\t\t<table>\n<tbody>\n<tr>\n<td>3 nuits<\/td>\n<td>Chambre standard nord, buffet de petit d\u00e9jeuner compris<\/td>\n<td>1 personne<\/td>\n<td>chf 370<\/td>\n<\/tr>\n<tr>\n<td>3 nuits<\/td>\n<td>Chambre standard nord, buffet de petit d\u00e9jeuner compris, demi-pension<\/td>\n<td>1 personne<\/td>\n<td>chf 470<\/td>\n<\/tr>\n<tr>\n<td>5 nuits<\/td>\n<td>Chambre standard nord, buffet de petit d\u00e9jeuner compris<\/td>\n<td>1 personne<\/td>\n<td>chf 555<\/td>\n<\/tr>\n<tr>\n<td>5 nuits<\/td>\n<td>Chambre standard nord, buffet de petit d\u00e9jeuner compris, demi-pension<\/td>\n<td>1 personne<\/td>\n<td>chf 755<\/td>\n<\/tr>\n<tr>\n<td>3 nuits<\/td>\n<td>Chambre confort sud, buffet de petit d\u00e9jeuner compris<\/td>\n<td>1 personne<\/td>\n<td>chf 520<\/td>\n<\/tr>\n<tr>\n<td>3 nuits<\/td>\n<td>Chambre confort sud, buffet de petit d\u00e9jeuner compris, demi-pension<\/td>\n<td>1 personne<\/td>\n<td>chf 640<\/td>\n<\/tr>\n<tr>\n<td>5 nuits<\/td>\n<td>Chambre confort sud, buffet de petit d\u00e9jeuner compris<\/td>\n<td>1 personne<\/td>\n<td>chf 705<\/td>\n<\/tr>\n<tr>\n<td>5 nuits<\/td>\n<td>Chambre confort sud, buffet de petit d\u00e9jeuner compris, demi-pension<\/td>\n<td>1 personne<\/td>\n<td>chf 955<\/td>\n<\/tr>\n<\/tbody>\n<\/table>\n<p>Toute nuit suppl\u00e9mentaire est factur\u00e9e au prix normal de la chambre.<\/p>\n<p>Toutes les chambres sont \u00e9quip\u00e9es de douche ou de bain, de WC, de coffre-fort et d\u2019un bureau. Elles sont non-fumeur. Le prix comprend la TVA, la carte d\u2019h\u00f4te Aletsch, le wifi.<\/p>\n<p>Lors de la r\u00e9servation, nous vous prions de nous indiquer le jour que vous r\u00e9servez au tour \u00e0 v\u00e9lo. Nous r\u00e9servons pour vous les e-bikes aupr\u00e8s de notre partenaire Derby Sport Bettmeralp.<\/p>\n<p><a href=\"mailto:info@panoramabettmeralp.ch\">R\u00e9servation<\/a><\/p>\t\t\t\t\t\t\t\t<\/div>\n\t\t\t\t<\/div>\n\t\t\t\t\t<\/div>\n\t\t<\/div>\n\t\t\t\t\t<\/div>\n\t\t<\/section>\n\t\t\t\t<\/div>\n\t\t","protected":false},"excerpt":{"rendered":"<p>Un moment de d\u00e9tente Aventure e-bike On le sent \u00e0 chaque tour de roue sur les routes de montagne ou les ar\u00eates. Quelles que soient votre endurance ou votre vitesse \u2013 ce qui compte, c\u2019est l\u2019exp\u00e9rience v\u00e9cue. 3 jours de d\u00e9tente et d\u2019inoubliables moments dans les montagnes valaisannes. Par personne: Boisson de bienvenue Transport des [&hellip;]<\/p>\n","protected":false},"author":1,"featured_media":0,"parent":4401,"menu_order":0,"comment_status":"closed","ping_status":"closed","template":"","meta":{"_acf_changed":false,"footnotes":""},"class_list":["post-4283","page","type-page","status-publish","hentry"],"acf":[],"yoast_head":"<!-- This site is optimized with the Yoast SEO plugin v27.4 - https:\/\/yoast.com\/product\/yoast-seo-wordpress\/ -->\n<title>Aventure e-bike - Hotel Panorama Bettmeralp<\/title>\n<meta name=\"description\" content=\"Aventure e-bike - On le sent \u00e0 chaque tour de roue sur les routes de montagne ou les ar\u00eates. Quelles que soient votre endurance ou votre vitesse \u2013 ce qui compte, c\u2019est l\u2019exp\u00e9rience v\u00e9cue.\" \/>\n<meta name=\"robots\" content=\"index, follow, max-snippet:-1, max-image-preview:large, max-video-preview:-1\" \/>\n<link rel=\"canonical\" href=\"https:\/\/www.panoramabettmeralp.ch\/fr\/outdoor\/aventure-e-bike\/\" \/>\n<meta property=\"og:locale\" content=\"fr_FR\" \/>\n<meta property=\"og:type\" content=\"article\" \/>\n<meta property=\"og:title\" content=\"Aventure e-bike - Hotel Panorama Bettmeralp\" \/>\n<meta property=\"og:description\" content=\"Aventure e-bike - On le sent \u00e0 chaque tour de roue sur les routes de montagne ou les ar\u00eates. Quelles que soient votre endurance ou votre vitesse \u2013 ce qui compte, c\u2019est l\u2019exp\u00e9rience v\u00e9cue.\" \/>\n<meta property=\"og:url\" content=\"https:\/\/www.panoramabettmeralp.ch\/fr\/outdoor\/aventure-e-bike\/\" \/>\n<meta property=\"og:site_name\" content=\"Hotel Panorama Bettmeralp\" \/>\n<meta property=\"article:modified_time\" content=\"2024-03-25T12:40:08+00:00\" \/>\n<meta property=\"og:image\" content=\"https:\/\/www.panoramabettmeralp.ch\/wp-content\/uploads\/2023\/01\/mountainbike-4-etappe-moosfluh-moerel-aletsch-arena-pascal-gertschen-17-scaled.jpg\" \/>\n<meta name=\"twitter:card\" content=\"summary_large_image\" \/>\n<meta name=\"twitter:label1\" content=\"Dur\u00e9e de lecture estim\u00e9e\" \/>\n\t<meta name=\"twitter:data1\" content=\"2 minutes\" \/>\n<script type=\"application\/ld+json\" class=\"yoast-schema-graph\">{\"@context\":\"https:\\\/\\\/schema.org\",\"@graph\":[{\"@type\":\"WebPage\",\"@id\":\"https:\\\/\\\/www.panoramabettmeralp.ch\\\/fr\\\/outdoor\\\/aventure-e-bike\\\/\",\"url\":\"https:\\\/\\\/www.panoramabettmeralp.ch\\\/fr\\\/outdoor\\\/aventure-e-bike\\\/\",\"name\":\"Aventure e-bike - Hotel Panorama Bettmeralp\",\"isPartOf\":{\"@id\":\"https:\\\/\\\/www.panoramabettmeralp.ch\\\/#website\"},\"primaryImageOfPage\":{\"@id\":\"https:\\\/\\\/www.panoramabettmeralp.ch\\\/fr\\\/outdoor\\\/aventure-e-bike\\\/#primaryimage\"},\"image\":{\"@id\":\"https:\\\/\\\/www.panoramabettmeralp.ch\\\/fr\\\/outdoor\\\/aventure-e-bike\\\/#primaryimage\"},\"thumbnailUrl\":\"https:\\\/\\\/www.panoramabettmeralp.ch\\\/wp-content\\\/uploads\\\/2023\\\/01\\\/mountainbike-4-etappe-moosfluh-moerel-aletsch-arena-pascal-gertschen-17-scaled.jpg\",\"datePublished\":\"2022-12-12T07:38:49+00:00\",\"dateModified\":\"2024-03-25T12:40:08+00:00\",\"description\":\"Aventure e-bike - On le sent \u00e0 chaque tour de roue sur les routes de montagne ou les ar\u00eates. Quelles que soient votre endurance ou votre vitesse \u2013 ce qui compte, c\u2019est l\u2019exp\u00e9rience v\u00e9cue.\",\"breadcrumb\":{\"@id\":\"https:\\\/\\\/www.panoramabettmeralp.ch\\\/fr\\\/outdoor\\\/aventure-e-bike\\\/#breadcrumb\"},\"inLanguage\":\"fr-FR\",\"potentialAction\":[{\"@type\":\"ReadAction\",\"target\":[\"https:\\\/\\\/www.panoramabettmeralp.ch\\\/fr\\\/outdoor\\\/aventure-e-bike\\\/\"]}]},{\"@type\":\"ImageObject\",\"inLanguage\":\"fr-FR\",\"@id\":\"https:\\\/\\\/www.panoramabettmeralp.ch\\\/fr\\\/outdoor\\\/aventure-e-bike\\\/#primaryimage\",\"url\":\"https:\\\/\\\/www.panoramabettmeralp.ch\\\/wp-content\\\/uploads\\\/2023\\\/01\\\/mountainbike-4-etappe-moosfluh-moerel-aletsch-arena-pascal-gertschen-17-scaled.jpg\",\"contentUrl\":\"https:\\\/\\\/www.panoramabettmeralp.ch\\\/wp-content\\\/uploads\\\/2023\\\/01\\\/mountainbike-4-etappe-moosfluh-moerel-aletsch-arena-pascal-gertschen-17-scaled.jpg\"},{\"@type\":\"BreadcrumbList\",\"@id\":\"https:\\\/\\\/www.panoramabettmeralp.ch\\\/fr\\\/outdoor\\\/aventure-e-bike\\\/#breadcrumb\",\"itemListElement\":[{\"@type\":\"ListItem\",\"position\":1,\"name\":\"Startseite\",\"item\":\"https:\\\/\\\/www.panoramabettmeralp.ch\\\/fr\\\/\"},{\"@type\":\"ListItem\",\"position\":2,\"name\":\"Outdoor\",\"item\":\"https:\\\/\\\/www.panoramabettmeralp.ch\\\/fr\\\/outdoor\\\/\"},{\"@type\":\"ListItem\",\"position\":3,\"name\":\"Aventure e-bike\"}]},{\"@type\":\"WebSite\",\"@id\":\"https:\\\/\\\/www.panoramabettmeralp.ch\\\/#website\",\"url\":\"https:\\\/\\\/www.panoramabettmeralp.ch\\\/\",\"name\":\"Hotel Panorama Bettmeralp\",\"description\":\"\",\"publisher\":{\"@id\":\"https:\\\/\\\/www.panoramabettmeralp.ch\\\/#organization\"},\"potentialAction\":[{\"@type\":\"SearchAction\",\"target\":{\"@type\":\"EntryPoint\",\"urlTemplate\":\"https:\\\/\\\/www.panoramabettmeralp.ch\\\/?s={search_term_string}\"},\"query-input\":{\"@type\":\"PropertyValueSpecification\",\"valueRequired\":true,\"valueName\":\"search_term_string\"}}],\"inLanguage\":\"fr-FR\"},{\"@type\":\"Organization\",\"@id\":\"https:\\\/\\\/www.panoramabettmeralp.ch\\\/#organization\",\"name\":\"Hotel Panorama Bettmeralp\",\"url\":\"https:\\\/\\\/www.panoramabettmeralp.ch\\\/\",\"logo\":{\"@type\":\"ImageObject\",\"inLanguage\":\"fr-FR\",\"@id\":\"https:\\\/\\\/www.panoramabettmeralp.ch\\\/#\\\/schema\\\/logo\\\/image\\\/\",\"url\":\"https:\\\/\\\/www.panoramabettmeralp.ch\\\/wp-content\\\/uploads\\\/2022\\\/11\\\/Logo-Hotel-Panorama-Bettmeralp.svg\",\"contentUrl\":\"https:\\\/\\\/www.panoramabettmeralp.ch\\\/wp-content\\\/uploads\\\/2022\\\/11\\\/Logo-Hotel-Panorama-Bettmeralp.svg\",\"width\":297,\"height\":60,\"caption\":\"Hotel Panorama Bettmeralp\"},\"image\":{\"@id\":\"https:\\\/\\\/www.panoramabettmeralp.ch\\\/#\\\/schema\\\/logo\\\/image\\\/\"}}]}<\/script>\n<!-- \/ Yoast SEO plugin. -->","yoast_head_json":{"title":"Aventure e-bike - Hotel Panorama Bettmeralp","description":"Aventure e-bike - On le sent \u00e0 chaque tour de roue sur les routes de montagne ou les ar\u00eates. Quelles que soient votre endurance ou votre vitesse \u2013 ce qui compte, c\u2019est l\u2019exp\u00e9rience v\u00e9cue.","robots":{"index":"index","follow":"follow","max-snippet":"max-snippet:-1","max-image-preview":"max-image-preview:large","max-video-preview":"max-video-preview:-1"},"canonical":"https:\/\/www.panoramabettmeralp.ch\/fr\/outdoor\/aventure-e-bike\/","og_locale":"fr_FR","og_type":"article","og_title":"Aventure e-bike - Hotel Panorama Bettmeralp","og_description":"Aventure e-bike - On le sent \u00e0 chaque tour de roue sur les routes de montagne ou les ar\u00eates. Quelles que soient votre endurance ou votre vitesse \u2013 ce qui compte, c\u2019est l\u2019exp\u00e9rience v\u00e9cue.","og_url":"https:\/\/www.panoramabettmeralp.ch\/fr\/outdoor\/aventure-e-bike\/","og_site_name":"Hotel Panorama Bettmeralp","article_modified_time":"2024-03-25T12:40:08+00:00","og_image":[{"url":"https:\/\/www.panoramabettmeralp.ch\/wp-content\/uploads\/2023\/01\/mountainbike-4-etappe-moosfluh-moerel-aletsch-arena-pascal-gertschen-17-scaled.jpg","type":"","width":"","height":""}],"twitter_card":"summary_large_image","twitter_misc":{"Dur\u00e9e de lecture estim\u00e9e":"2 minutes"},"schema":{"@context":"https:\/\/schema.org","@graph":[{"@type":"WebPage","@id":"https:\/\/www.panoramabettmeralp.ch\/fr\/outdoor\/aventure-e-bike\/","url":"https:\/\/www.panoramabettmeralp.ch\/fr\/outdoor\/aventure-e-bike\/","name":"Aventure e-bike - Hotel Panorama Bettmeralp","isPartOf":{"@id":"https:\/\/www.panoramabettmeralp.ch\/#website"},"primaryImageOfPage":{"@id":"https:\/\/www.panoramabettmeralp.ch\/fr\/outdoor\/aventure-e-bike\/#primaryimage"},"image":{"@id":"https:\/\/www.panoramabettmeralp.ch\/fr\/outdoor\/aventure-e-bike\/#primaryimage"},"thumbnailUrl":"https:\/\/www.panoramabettmeralp.ch\/wp-content\/uploads\/2023\/01\/mountainbike-4-etappe-moosfluh-moerel-aletsch-arena-pascal-gertschen-17-scaled.jpg","datePublished":"2022-12-12T07:38:49+00:00","dateModified":"2024-03-25T12:40:08+00:00","description":"Aventure e-bike - On le sent \u00e0 chaque tour de roue sur les routes de montagne ou les ar\u00eates. Quelles que soient votre endurance ou votre vitesse \u2013 ce qui compte, c\u2019est l\u2019exp\u00e9rience v\u00e9cue.","breadcrumb":{"@id":"https:\/\/www.panoramabettmeralp.ch\/fr\/outdoor\/aventure-e-bike\/#breadcrumb"},"inLanguage":"fr-FR","potentialAction":[{"@type":"ReadAction","target":["https:\/\/www.panoramabettmeralp.ch\/fr\/outdoor\/aventure-e-bike\/"]}]},{"@type":"ImageObject","inLanguage":"fr-FR","@id":"https:\/\/www.panoramabettmeralp.ch\/fr\/outdoor\/aventure-e-bike\/#primaryimage","url":"https:\/\/www.panoramabettmeralp.ch\/wp-content\/uploads\/2023\/01\/mountainbike-4-etappe-moosfluh-moerel-aletsch-arena-pascal-gertschen-17-scaled.jpg","contentUrl":"https:\/\/www.panoramabettmeralp.ch\/wp-content\/uploads\/2023\/01\/mountainbike-4-etappe-moosfluh-moerel-aletsch-arena-pascal-gertschen-17-scaled.jpg"},{"@type":"BreadcrumbList","@id":"https:\/\/www.panoramabettmeralp.ch\/fr\/outdoor\/aventure-e-bike\/#breadcrumb","itemListElement":[{"@type":"ListItem","position":1,"name":"Startseite","item":"https:\/\/www.panoramabettmeralp.ch\/fr\/"},{"@type":"ListItem","position":2,"name":"Outdoor","item":"https:\/\/www.panoramabettmeralp.ch\/fr\/outdoor\/"},{"@type":"ListItem","position":3,"name":"Aventure e-bike"}]},{"@type":"WebSite","@id":"https:\/\/www.panoramabettmeralp.ch\/#website","url":"https:\/\/www.panoramabettmeralp.ch\/","name":"Hotel Panorama Bettmeralp","description":"","publisher":{"@id":"https:\/\/www.panoramabettmeralp.ch\/#organization"},"potentialAction":[{"@type":"SearchAction","target":{"@type":"EntryPoint","urlTemplate":"https:\/\/www.panoramabettmeralp.ch\/?s={search_term_string}"},"query-input":{"@type":"PropertyValueSpecification","valueRequired":true,"valueName":"search_term_string"}}],"inLanguage":"fr-FR"},{"@type":"Organization","@id":"https:\/\/www.panoramabettmeralp.ch\/#organization","name":"Hotel Panorama Bettmeralp","url":"https:\/\/www.panoramabettmeralp.ch\/","logo":{"@type":"ImageObject","inLanguage":"fr-FR","@id":"https:\/\/www.panoramabettmeralp.ch\/#\/schema\/logo\/image\/","url":"https:\/\/www.panoramabettmeralp.ch\/wp-content\/uploads\/2022\/11\/Logo-Hotel-Panorama-Bettmeralp.svg","contentUrl":"https:\/\/www.panoramabettmeralp.ch\/wp-content\/uploads\/2022\/11\/Logo-Hotel-Panorama-Bettmeralp.svg","width":297,"height":60,"caption":"Hotel Panorama Bettmeralp"},"image":{"@id":"https:\/\/www.panoramabettmeralp.ch\/#\/schema\/logo\/image\/"}}]}},"_links":{"self":[{"href":"https:\/\/www.panoramabettmeralp.ch\/fr\/wp-json\/wp\/v2\/pages\/4283","targetHints":{"allow":["GET"]}}],"collection":[{"href":"https:\/\/www.panoramabettmeralp.ch\/fr\/wp-json\/wp\/v2\/pages"}],"about":[{"href":"https:\/\/www.panoramabettmeralp.ch\/fr\/wp-json\/wp\/v2\/types\/page"}],"author":[{"embeddable":true,"href":"https:\/\/www.panoramabettmeralp.ch\/fr\/wp-json\/wp\/v2\/users\/1"}],"replies":[{"embeddable":true,"href":"https:\/\/www.panoramabettmeralp.ch\/fr\/wp-json\/wp\/v2\/comments?post=4283"}],"version-history":[{"count":5,"href":"https:\/\/www.panoramabettmeralp.ch\/fr\/wp-json\/wp\/v2\/pages\/4283\/revisions"}],"predecessor-version":[{"id":6629,"href":"https:\/\/www.panoramabettmeralp.ch\/fr\/wp-json\/wp\/v2\/pages\/4283\/revisions\/6629"}],"up":[{"embeddable":true,"href":"https:\/\/www.panoramabettmeralp.ch\/fr\/wp-json\/wp\/v2\/pages\/4401"}],"wp:attachment":[{"href":"https:\/\/www.panoramabettmeralp.ch\/fr\/wp-json\/wp\/v2\/media?parent=4283"}],"curies":[{"name":"wp","href":"https:\/\/api.w.org\/{rel}","templated":true}]}}