{"id":4270,"date":"2022-12-08T20:33:51","date_gmt":"2022-12-08T20:33:51","guid":{"rendered":"https:\/\/www.panoramabettmeralp.ch\/pauschalen\/"},"modified":"2023-08-28T12:32:26","modified_gmt":"2023-08-28T12:32:26","slug":"forfaits","status":"publish","type":"page","link":"https:\/\/www.panoramabettmeralp.ch\/fr\/forfaits\/","title":{"rendered":"Forfaits"},"content":{"rendered":"\t\t<div data-elementor-type=\"wp-page\" data-elementor-id=\"4270\" class=\"elementor elementor-4270\" data-elementor-post-type=\"page\">\n\t\t\t\t\t\t<section class=\"elementor-section elementor-top-section elementor-element elementor-element-6e8d38c elementor-section-boxed elementor-section-height-default elementor-section-height-default\" data-id=\"6e8d38c\" data-element_type=\"section\" data-e-type=\"section\" data-settings=\"{&quot;background_background&quot;:&quot;classic&quot;}\">\n\t\t\t\t\t\t<div class=\"elementor-container elementor-column-gap-default\">\n\t\t\t\t\t<div class=\"elementor-column elementor-col-100 elementor-top-column elementor-element elementor-element-dc2d508\" data-id=\"dc2d508\" data-element_type=\"column\" data-e-type=\"column\">\n\t\t\t<div class=\"elementor-widget-wrap elementor-element-populated\">\n\t\t\t\t\t\t<div class=\"elementor-element elementor-element-485fb12 elementor-widget elementor-widget-text-editor\" data-id=\"485fb12\" data-element_type=\"widget\" data-e-type=\"widget\" data-widget_type=\"text-editor.default\">\n\t\t\t\t<div class=\"elementor-widget-container\">\n\t\t\t\t\t\t\t\t\t<h3>Des exp\u00e9riences inoubliables<\/h3>\t\t\t\t\t\t\t\t<\/div>\n\t\t\t\t<\/div>\n\t\t\t\t<div class=\"elementor-element elementor-element-b791824 elementor-widget elementor-widget-text-editor\" data-id=\"b791824\" data-element_type=\"widget\" data-e-type=\"widget\" data-widget_type=\"text-editor.default\">\n\t\t\t\t<div class=\"elementor-widget-container\">\n\t\t\t\t\t\t\t\t\t<h1>Emprunter de nouveaux sentiers<\/h1>\t\t\t\t\t\t\t\t<\/div>\n\t\t\t\t<\/div>\n\t\t\t\t<div class=\"elementor-element elementor-element-6e84f7e elementor-widget elementor-widget-text-editor\" data-id=\"6e84f7e\" data-element_type=\"widget\" data-e-type=\"widget\" data-widget_type=\"text-editor.default\">\n\t\t\t\t<div class=\"elementor-widget-container\">\n\t\t\t\t\t\t\t\t\t<p>Vivre le sentiment de libert\u00e9. Se laisser aller \u00e0 des aventures \u00e9mouvantes ou se lancer sur de nouveaux sentiers. L\u2019H\u00f4tel Panorama et l\u2019ensemble de la r\u00e9gion d\u2019Aletsch rendent possibles ces moments uniques. Que nous nous adressions \u00e0 vous deux, romantiquement, ou \u00e0 toute la famille, que ce soit destin\u00e9 \u00e0 des sportifs actifs ou d\u00e9licieusement inspir\u00e9, nous vous ficelons de captivants paquets qui vous garantissent des vacances vari\u00e9es. Ce sont ces moments de bonheur total qui vous accompagneront longtemps encore dans votre vie quotidienne.<\/p><p>Nous vous prions de r\u00e9server les arrangements directement par mail \u00e0 l\u2019adresse <a href=\"mailto:info@panoramabettmeralp.ch\">info@panoramabettmeralp.ch<\/a>.<\/p>\t\t\t\t\t\t\t\t<\/div>\n\t\t\t\t<\/div>\n\t\t\t\t\t<\/div>\n\t\t<\/div>\n\t\t\t\t\t<\/div>\n\t\t<\/section>\n\t\t\t\t<section class=\"elementor-section elementor-top-section elementor-element elementor-element-f824cd1 offersection elementor-section-boxed elementor-section-height-default elementor-section-height-default\" data-id=\"f824cd1\" data-element_type=\"section\" data-e-type=\"section\">\n\t\t\t\t\t\t<div class=\"elementor-container elementor-column-gap-default\">\n\t\t\t\t\t<div class=\"elementor-column elementor-col-50 elementor-top-column elementor-element elementor-element-af40d45\" data-id=\"af40d45\" data-element_type=\"column\" data-e-type=\"column\">\n\t\t\t<div class=\"elementor-widget-wrap elementor-element-populated\">\n\t\t\t\t\t\t<div class=\"elementor-element elementor-element-180767f elementor-widget elementor-widget-image\" data-id=\"180767f\" data-element_type=\"widget\" data-e-type=\"widget\" data-widget_type=\"image.default\">\n\t\t\t\t<div class=\"elementor-widget-container\">\n\t\t\t\t\t\t\t\t\t\t\t\t\t\t\t<img fetchpriority=\"high\" decoding=\"async\" width=\"683\" height=\"1024\" src=\"https:\/\/www.panoramabettmeralp.ch\/wp-content\/uploads\/2022\/12\/fondue-2022-11-10-18-51-24-utc-683x1024.jpg\" class=\"attachment-large size-large wp-image-3391\" alt=\"\" srcset=\"https:\/\/www.panoramabettmeralp.ch\/wp-content\/uploads\/2022\/12\/fondue-2022-11-10-18-51-24-utc-683x1024.jpg 683w, https:\/\/www.panoramabettmeralp.ch\/wp-content\/uploads\/2022\/12\/fondue-2022-11-10-18-51-24-utc-200x300.jpg 200w, https:\/\/www.panoramabettmeralp.ch\/wp-content\/uploads\/2022\/12\/fondue-2022-11-10-18-51-24-utc-768x1152.jpg 768w, https:\/\/www.panoramabettmeralp.ch\/wp-content\/uploads\/2022\/12\/fondue-2022-11-10-18-51-24-utc.jpg 1000w\" sizes=\"(max-width: 683px) 100vw, 683px\" \/>\t\t\t\t\t\t\t\t\t\t\t\t\t\t\t<\/div>\n\t\t\t\t<\/div>\n\t\t\t\t<div class=\"elementor-element elementor-element-8aa9696 elementor-widget elementor-widget-text-editor\" data-id=\"8aa9696\" data-element_type=\"widget\" data-e-type=\"widget\" data-widget_type=\"text-editor.default\">\n\t\t\t\t<div class=\"elementor-widget-container\">\n\t\t\t\t\t\t\t\t\t<h4>Exp\u00e9rience fondue<\/h4><p>Savourer son s\u00e9jour avec le plat national suisse et un panier-repas de randonn\u00e9e. Le fromage n\u2019est alors pas seul \u00e0 fondre.<\/p><p><a href=\"https:\/\/www.panoramabettmeralp.ch\/fr\/outdoor\/evenement-fondue\/\">Vers l\u2019offre<\/a><\/p>\t\t\t\t\t\t\t\t<\/div>\n\t\t\t\t<\/div>\n\t\t\t\t\t<\/div>\n\t\t<\/div>\n\t\t\t\t<div class=\"elementor-column elementor-col-50 elementor-top-column elementor-element elementor-element-5d8f9b4\" data-id=\"5d8f9b4\" data-element_type=\"column\" data-e-type=\"column\">\n\t\t\t<div class=\"elementor-widget-wrap elementor-element-populated\">\n\t\t\t\t\t\t<div class=\"elementor-element elementor-element-888c848 elementor-widget elementor-widget-image\" data-id=\"888c848\" data-element_type=\"widget\" data-e-type=\"widget\" data-widget_type=\"image.default\">\n\t\t\t\t<div class=\"elementor-widget-container\">\n\t\t\t\t\t\t\t\t\t\t\t\t\t\t\t<img decoding=\"async\" width=\"800\" height=\"534\" src=\"https:\/\/www.panoramabettmeralp.ch\/wp-content\/uploads\/2023\/01\/mountainbike-4-etappe-moosfluh-moerel-aletsch-arena-pascal-gertschen-17-1024x683.jpg\" class=\"attachment-large size-large wp-image-3811\" alt=\"\" srcset=\"https:\/\/www.panoramabettmeralp.ch\/wp-content\/uploads\/2023\/01\/mountainbike-4-etappe-moosfluh-moerel-aletsch-arena-pascal-gertschen-17-1024x683.jpg 1024w, https:\/\/www.panoramabettmeralp.ch\/wp-content\/uploads\/2023\/01\/mountainbike-4-etappe-moosfluh-moerel-aletsch-arena-pascal-gertschen-17-300x200.jpg 300w, https:\/\/www.panoramabettmeralp.ch\/wp-content\/uploads\/2023\/01\/mountainbike-4-etappe-moosfluh-moerel-aletsch-arena-pascal-gertschen-17-768x512.jpg 768w, https:\/\/www.panoramabettmeralp.ch\/wp-content\/uploads\/2023\/01\/mountainbike-4-etappe-moosfluh-moerel-aletsch-arena-pascal-gertschen-17-1536x1024.jpg 1536w, https:\/\/www.panoramabettmeralp.ch\/wp-content\/uploads\/2023\/01\/mountainbike-4-etappe-moosfluh-moerel-aletsch-arena-pascal-gertschen-17-scaled.jpg 2048w\" sizes=\"(max-width: 800px) 100vw, 800px\" \/>\t\t\t\t\t\t\t\t\t\t\t\t\t\t\t<\/div>\n\t\t\t\t<\/div>\n\t\t\t\t<div class=\"elementor-element elementor-element-1696a19 elementor-widget elementor-widget-text-editor\" data-id=\"1696a19\" data-element_type=\"widget\" data-e-type=\"widget\" data-widget_type=\"text-editor.default\">\n\t\t\t\t<div class=\"elementor-widget-container\">\n\t\t\t\t\t\t\t\t\t<h4>Aventure e-bike<\/h4><p>Louer facilement un e-bike sur place et profiter \u00e0 v\u00e9lo d\u2019un panorama alpin \u00e9poustouflant.<\/p><p><a href=\"https:\/\/www.panoramabettmeralp.ch\/fr\/outdoor\/aventure-e-bike\/\">Vers l\u2019offre<\/a><\/p>\t\t\t\t\t\t\t\t<\/div>\n\t\t\t\t<\/div>\n\t\t\t\t\t<\/div>\n\t\t<\/div>\n\t\t\t\t\t<\/div>\n\t\t<\/section>\n\t\t\t\t<section class=\"elementor-section elementor-top-section elementor-element elementor-element-6ac839b offersection elementor-section-boxed elementor-section-height-default elementor-section-height-default\" data-id=\"6ac839b\" data-element_type=\"section\" data-e-type=\"section\">\n\t\t\t\t\t\t<div class=\"elementor-container elementor-column-gap-default\">\n\t\t\t\t\t<div class=\"elementor-column elementor-col-50 elementor-top-column elementor-element elementor-element-d2c6fc8\" data-id=\"d2c6fc8\" data-element_type=\"column\" data-e-type=\"column\">\n\t\t\t<div class=\"elementor-widget-wrap elementor-element-populated\">\n\t\t\t\t\t\t<div class=\"elementor-element elementor-element-66a8ee1 elementor-widget elementor-widget-image\" data-id=\"66a8ee1\" data-element_type=\"widget\" data-e-type=\"widget\" data-widget_type=\"image.default\">\n\t\t\t\t<div class=\"elementor-widget-container\">\n\t\t\t\t\t\t\t\t\t\t\t\t\t\t\t<img decoding=\"async\" width=\"685\" height=\"1024\" src=\"https:\/\/www.panoramabettmeralp.ch\/wp-content\/uploads\/2022\/12\/c1f874a4-f111-4202-8cbb-b626e4b1a1a4-685x1024.jpg\" class=\"attachment-large size-large wp-image-3404\" alt=\"\" srcset=\"https:\/\/www.panoramabettmeralp.ch\/wp-content\/uploads\/2022\/12\/c1f874a4-f111-4202-8cbb-b626e4b1a1a4-685x1024.jpg 685w, https:\/\/www.panoramabettmeralp.ch\/wp-content\/uploads\/2022\/12\/c1f874a4-f111-4202-8cbb-b626e4b1a1a4-201x300.jpg 201w, https:\/\/www.panoramabettmeralp.ch\/wp-content\/uploads\/2022\/12\/c1f874a4-f111-4202-8cbb-b626e4b1a1a4-768x1149.jpg 768w, https:\/\/www.panoramabettmeralp.ch\/wp-content\/uploads\/2022\/12\/c1f874a4-f111-4202-8cbb-b626e4b1a1a4.jpg 1003w\" sizes=\"(max-width: 685px) 100vw, 685px\" \/>\t\t\t\t\t\t\t\t\t\t\t\t\t\t\t<\/div>\n\t\t\t\t<\/div>\n\t\t\t\t<div class=\"elementor-element elementor-element-c213b4e elementor-widget elementor-widget-text-editor\" data-id=\"c213b4e\" data-element_type=\"widget\" data-e-type=\"widget\" data-widget_type=\"text-editor.default\">\n\t\t\t\t<div class=\"elementor-widget-container\">\n\t\t\t\t\t\t\t\t\t<h4>Trekking vers les ch\u00e8vres<\/h4><p>Une vue magnifique nous accompagne. Les ch\u00e8vres contribuent \u00e0 nous divertir. Ce tour s\u2019adresse aussi \u00e0 des enfants habitu\u00e9s \u00e0 marcher.<\/p><p><a href=\"https:\/\/www.panoramabettmeralp.ch\/fr\/outdoor\/trekking-des-chevres-a-la-journee\/\">Vers l\u2019offre<\/a><\/p>\t\t\t\t\t\t\t\t<\/div>\n\t\t\t\t<\/div>\n\t\t\t\t\t<\/div>\n\t\t<\/div>\n\t\t\t\t<div class=\"elementor-column elementor-col-50 elementor-top-column elementor-element elementor-element-f6207d6\" data-id=\"f6207d6\" data-element_type=\"column\" data-e-type=\"column\">\n\t\t\t<div class=\"elementor-widget-wrap elementor-element-populated\">\n\t\t\t\t\t\t<div class=\"elementor-element elementor-element-6f78f7f elementor-widget elementor-widget-image\" data-id=\"6f78f7f\" data-element_type=\"widget\" data-e-type=\"widget\" data-widget_type=\"image.default\">\n\t\t\t\t<div class=\"elementor-widget-container\">\n\t\t\t\t\t\t\t\t\t\t\t\t\t\t\t<img loading=\"lazy\" decoding=\"async\" width=\"800\" height=\"534\" src=\"https:\/\/www.panoramabettmeralp.ch\/wp-content\/uploads\/2023\/01\/2022-12studio.vorbenpanoramabettmeralp-1002772-1024x683.jpg\" class=\"attachment-large size-large wp-image-3981\" alt=\"\" srcset=\"https:\/\/www.panoramabettmeralp.ch\/wp-content\/uploads\/2023\/01\/2022-12studio.vorbenpanoramabettmeralp-1002772-1024x683.jpg 1024w, https:\/\/www.panoramabettmeralp.ch\/wp-content\/uploads\/2023\/01\/2022-12studio.vorbenpanoramabettmeralp-1002772-300x200.jpg 300w, https:\/\/www.panoramabettmeralp.ch\/wp-content\/uploads\/2023\/01\/2022-12studio.vorbenpanoramabettmeralp-1002772-768x512.jpg 768w, https:\/\/www.panoramabettmeralp.ch\/wp-content\/uploads\/2023\/01\/2022-12studio.vorbenpanoramabettmeralp-1002772-1536x1024.jpg 1536w, https:\/\/www.panoramabettmeralp.ch\/wp-content\/uploads\/2023\/01\/2022-12studio.vorbenpanoramabettmeralp-1002772-scaled.jpg 2048w\" sizes=\"(max-width: 800px) 100vw, 800px\" \/>\t\t\t\t\t\t\t\t\t\t\t\t\t\t\t<\/div>\n\t\t\t\t<\/div>\n\t\t\t\t<div class=\"elementor-element elementor-element-2335857 elementor-widget elementor-widget-text-editor\" data-id=\"2335857\" data-element_type=\"widget\" data-e-type=\"widget\" data-widget_type=\"text-editor.default\">\n\t\t\t\t<div class=\"elementor-widget-container\">\n\t\t\t\t\t\t\t\t\t<h4>Nuit romantique<\/h4><p>La nouvelle suite de l&rsquo;Alpenchic a un design moderne. Elle dispose d&rsquo;une baignoire sur pied avec vue sur le panorama de montagne.<\/p><p><a href=\"https:\/\/www.panoramabettmeralp.ch\/fr\/outdoor\/nuit-romantique\/\">Vers l\u2019offre<\/a><\/p>\t\t\t\t\t\t\t\t<\/div>\n\t\t\t\t<\/div>\n\t\t\t\t\t<\/div>\n\t\t<\/div>\n\t\t\t\t\t<\/div>\n\t\t<\/section>\n\t\t\t\t<\/div>\n\t\t","protected":false},"excerpt":{"rendered":"<p>Des exp\u00e9riences inoubliables Emprunter de nouveaux sentiers Vivre le sentiment de libert\u00e9. Se laisser aller \u00e0 des aventures \u00e9mouvantes ou se lancer sur de nouveaux sentiers. L\u2019H\u00f4tel Panorama et l\u2019ensemble de la r\u00e9gion d\u2019Aletsch rendent possibles ces moments uniques. Que nous nous adressions \u00e0 vous deux, romantiquement, ou \u00e0 toute la famille, que ce soit [&hellip;]<\/p>\n","protected":false},"author":1,"featured_media":0,"parent":0,"menu_order":0,"comment_status":"closed","ping_status":"closed","template":"","meta":{"_acf_changed":false,"footnotes":""},"class_list":["post-4270","page","type-page","status-publish","hentry"],"acf":[],"yoast_head":"<!-- This site is optimized with the Yoast SEO plugin v27.4 - https:\/\/yoast.com\/product\/yoast-seo-wordpress\/ -->\n<title>Forfaits - Hotel Panorama Bettmeralp<\/title>\n<meta name=\"description\" content=\"Forfaits - Vivre le sentiment de libert\u00e9. Se laisser aller \u00e0 des aventures \u00e9mouvantes ou se lancer sur de nouveaux sentiers. Nous vous prions de r\u00e9server les arrangements directement par mail \u00e0 l\u2019adresse info@panoramabettmeralp.ch.\" \/>\n<meta name=\"robots\" content=\"index, follow, max-snippet:-1, max-image-preview:large, max-video-preview:-1\" \/>\n<link rel=\"canonical\" href=\"https:\/\/www.panoramabettmeralp.ch\/pauschalen\/\" \/>\n<meta property=\"og:locale\" content=\"fr_FR\" \/>\n<meta property=\"og:type\" content=\"article\" \/>\n<meta property=\"og:title\" content=\"Forfaits - Hotel Panorama Bettmeralp\" \/>\n<meta property=\"og:description\" content=\"Forfaits - Vivre le sentiment de libert\u00e9. Se laisser aller \u00e0 des aventures \u00e9mouvantes ou se lancer sur de nouveaux sentiers. Nous vous prions de r\u00e9server les arrangements directement par mail \u00e0 l\u2019adresse info@panoramabettmeralp.ch.\" \/>\n<meta property=\"og:url\" content=\"https:\/\/www.panoramabettmeralp.ch\/pauschalen\/\" \/>\n<meta property=\"og:site_name\" content=\"Hotel Panorama Bettmeralp\" \/>\n<meta property=\"article:modified_time\" content=\"2023-08-28T12:32:26+00:00\" \/>\n<meta property=\"og:image\" content=\"https:\/\/www.panoramabettmeralp.ch\/wp-content\/uploads\/2022\/12\/fondue-2022-11-10-18-51-24-utc-683x1024.jpg\" \/>\n<meta name=\"twitter:card\" content=\"summary_large_image\" \/>\n<meta name=\"twitter:label1\" content=\"Dur\u00e9e de lecture estim\u00e9e\" \/>\n\t<meta name=\"twitter:data1\" content=\"2 minutes\" \/>\n<script type=\"application\/ld+json\" class=\"yoast-schema-graph\">{\"@context\":\"https:\\\/\\\/schema.org\",\"@graph\":[{\"@type\":\"WebPage\",\"@id\":\"https:\\\/\\\/www.panoramabettmeralp.ch\\\/pauschalen\\\/\",\"url\":\"https:\\\/\\\/www.panoramabettmeralp.ch\\\/pauschalen\\\/\",\"name\":\"Forfaits - Hotel Panorama Bettmeralp\",\"isPartOf\":{\"@id\":\"https:\\\/\\\/www.panoramabettmeralp.ch\\\/#website\"},\"primaryImageOfPage\":{\"@id\":\"https:\\\/\\\/www.panoramabettmeralp.ch\\\/pauschalen\\\/#primaryimage\"},\"image\":{\"@id\":\"https:\\\/\\\/www.panoramabettmeralp.ch\\\/pauschalen\\\/#primaryimage\"},\"thumbnailUrl\":\"https:\\\/\\\/www.panoramabettmeralp.ch\\\/wp-content\\\/uploads\\\/2022\\\/12\\\/fondue-2022-11-10-18-51-24-utc-683x1024.jpg\",\"datePublished\":\"2022-12-08T20:33:51+00:00\",\"dateModified\":\"2023-08-28T12:32:26+00:00\",\"description\":\"Forfaits - Vivre le sentiment de libert\u00e9. Se laisser aller \u00e0 des aventures \u00e9mouvantes ou se lancer sur de nouveaux sentiers. Nous vous prions de r\u00e9server les arrangements directement par mail \u00e0 l\u2019adresse info@panoramabettmeralp.ch.\",\"breadcrumb\":{\"@id\":\"https:\\\/\\\/www.panoramabettmeralp.ch\\\/pauschalen\\\/#breadcrumb\"},\"inLanguage\":\"fr-FR\",\"potentialAction\":[{\"@type\":\"ReadAction\",\"target\":[\"https:\\\/\\\/www.panoramabettmeralp.ch\\\/pauschalen\\\/\"]}]},{\"@type\":\"ImageObject\",\"inLanguage\":\"fr-FR\",\"@id\":\"https:\\\/\\\/www.panoramabettmeralp.ch\\\/pauschalen\\\/#primaryimage\",\"url\":\"https:\\\/\\\/www.panoramabettmeralp.ch\\\/wp-content\\\/uploads\\\/2022\\\/12\\\/fondue-2022-11-10-18-51-24-utc-683x1024.jpg\",\"contentUrl\":\"https:\\\/\\\/www.panoramabettmeralp.ch\\\/wp-content\\\/uploads\\\/2022\\\/12\\\/fondue-2022-11-10-18-51-24-utc-683x1024.jpg\"},{\"@type\":\"BreadcrumbList\",\"@id\":\"https:\\\/\\\/www.panoramabettmeralp.ch\\\/pauschalen\\\/#breadcrumb\",\"itemListElement\":[{\"@type\":\"ListItem\",\"position\":1,\"name\":\"Startseite\",\"item\":\"https:\\\/\\\/www.panoramabettmeralp.ch\\\/fr\\\/\"},{\"@type\":\"ListItem\",\"position\":2,\"name\":\"Forfaits\"}]},{\"@type\":\"WebSite\",\"@id\":\"https:\\\/\\\/www.panoramabettmeralp.ch\\\/#website\",\"url\":\"https:\\\/\\\/www.panoramabettmeralp.ch\\\/\",\"name\":\"Hotel Panorama Bettmeralp\",\"description\":\"\",\"publisher\":{\"@id\":\"https:\\\/\\\/www.panoramabettmeralp.ch\\\/#organization\"},\"potentialAction\":[{\"@type\":\"SearchAction\",\"target\":{\"@type\":\"EntryPoint\",\"urlTemplate\":\"https:\\\/\\\/www.panoramabettmeralp.ch\\\/?s={search_term_string}\"},\"query-input\":{\"@type\":\"PropertyValueSpecification\",\"valueRequired\":true,\"valueName\":\"search_term_string\"}}],\"inLanguage\":\"fr-FR\"},{\"@type\":\"Organization\",\"@id\":\"https:\\\/\\\/www.panoramabettmeralp.ch\\\/#organization\",\"name\":\"Hotel Panorama Bettmeralp\",\"url\":\"https:\\\/\\\/www.panoramabettmeralp.ch\\\/\",\"logo\":{\"@type\":\"ImageObject\",\"inLanguage\":\"fr-FR\",\"@id\":\"https:\\\/\\\/www.panoramabettmeralp.ch\\\/#\\\/schema\\\/logo\\\/image\\\/\",\"url\":\"https:\\\/\\\/www.panoramabettmeralp.ch\\\/wp-content\\\/uploads\\\/2022\\\/11\\\/Logo-Hotel-Panorama-Bettmeralp.svg\",\"contentUrl\":\"https:\\\/\\\/www.panoramabettmeralp.ch\\\/wp-content\\\/uploads\\\/2022\\\/11\\\/Logo-Hotel-Panorama-Bettmeralp.svg\",\"width\":297,\"height\":60,\"caption\":\"Hotel Panorama Bettmeralp\"},\"image\":{\"@id\":\"https:\\\/\\\/www.panoramabettmeralp.ch\\\/#\\\/schema\\\/logo\\\/image\\\/\"}}]}<\/script>\n<!-- \/ Yoast SEO plugin. -->","yoast_head_json":{"title":"Forfaits - Hotel Panorama Bettmeralp","description":"Forfaits - Vivre le sentiment de libert\u00e9. Se laisser aller \u00e0 des aventures \u00e9mouvantes ou se lancer sur de nouveaux sentiers. Nous vous prions de r\u00e9server les arrangements directement par mail \u00e0 l\u2019adresse info@panoramabettmeralp.ch.","robots":{"index":"index","follow":"follow","max-snippet":"max-snippet:-1","max-image-preview":"max-image-preview:large","max-video-preview":"max-video-preview:-1"},"canonical":"https:\/\/www.panoramabettmeralp.ch\/pauschalen\/","og_locale":"fr_FR","og_type":"article","og_title":"Forfaits - Hotel Panorama Bettmeralp","og_description":"Forfaits - Vivre le sentiment de libert\u00e9. Se laisser aller \u00e0 des aventures \u00e9mouvantes ou se lancer sur de nouveaux sentiers. Nous vous prions de r\u00e9server les arrangements directement par mail \u00e0 l\u2019adresse info@panoramabettmeralp.ch.","og_url":"https:\/\/www.panoramabettmeralp.ch\/pauschalen\/","og_site_name":"Hotel Panorama Bettmeralp","article_modified_time":"2023-08-28T12:32:26+00:00","og_image":[{"url":"https:\/\/www.panoramabettmeralp.ch\/wp-content\/uploads\/2022\/12\/fondue-2022-11-10-18-51-24-utc-683x1024.jpg","type":"","width":"","height":""}],"twitter_card":"summary_large_image","twitter_misc":{"Dur\u00e9e de lecture estim\u00e9e":"2 minutes"},"schema":{"@context":"https:\/\/schema.org","@graph":[{"@type":"WebPage","@id":"https:\/\/www.panoramabettmeralp.ch\/pauschalen\/","url":"https:\/\/www.panoramabettmeralp.ch\/pauschalen\/","name":"Forfaits - Hotel Panorama Bettmeralp","isPartOf":{"@id":"https:\/\/www.panoramabettmeralp.ch\/#website"},"primaryImageOfPage":{"@id":"https:\/\/www.panoramabettmeralp.ch\/pauschalen\/#primaryimage"},"image":{"@id":"https:\/\/www.panoramabettmeralp.ch\/pauschalen\/#primaryimage"},"thumbnailUrl":"https:\/\/www.panoramabettmeralp.ch\/wp-content\/uploads\/2022\/12\/fondue-2022-11-10-18-51-24-utc-683x1024.jpg","datePublished":"2022-12-08T20:33:51+00:00","dateModified":"2023-08-28T12:32:26+00:00","description":"Forfaits - Vivre le sentiment de libert\u00e9. Se laisser aller \u00e0 des aventures \u00e9mouvantes ou se lancer sur de nouveaux sentiers. Nous vous prions de r\u00e9server les arrangements directement par mail \u00e0 l\u2019adresse info@panoramabettmeralp.ch.","breadcrumb":{"@id":"https:\/\/www.panoramabettmeralp.ch\/pauschalen\/#breadcrumb"},"inLanguage":"fr-FR","potentialAction":[{"@type":"ReadAction","target":["https:\/\/www.panoramabettmeralp.ch\/pauschalen\/"]}]},{"@type":"ImageObject","inLanguage":"fr-FR","@id":"https:\/\/www.panoramabettmeralp.ch\/pauschalen\/#primaryimage","url":"https:\/\/www.panoramabettmeralp.ch\/wp-content\/uploads\/2022\/12\/fondue-2022-11-10-18-51-24-utc-683x1024.jpg","contentUrl":"https:\/\/www.panoramabettmeralp.ch\/wp-content\/uploads\/2022\/12\/fondue-2022-11-10-18-51-24-utc-683x1024.jpg"},{"@type":"BreadcrumbList","@id":"https:\/\/www.panoramabettmeralp.ch\/pauschalen\/#breadcrumb","itemListElement":[{"@type":"ListItem","position":1,"name":"Startseite","item":"https:\/\/www.panoramabettmeralp.ch\/fr\/"},{"@type":"ListItem","position":2,"name":"Forfaits"}]},{"@type":"WebSite","@id":"https:\/\/www.panoramabettmeralp.ch\/#website","url":"https:\/\/www.panoramabettmeralp.ch\/","name":"Hotel Panorama Bettmeralp","description":"","publisher":{"@id":"https:\/\/www.panoramabettmeralp.ch\/#organization"},"potentialAction":[{"@type":"SearchAction","target":{"@type":"EntryPoint","urlTemplate":"https:\/\/www.panoramabettmeralp.ch\/?s={search_term_string}"},"query-input":{"@type":"PropertyValueSpecification","valueRequired":true,"valueName":"search_term_string"}}],"inLanguage":"fr-FR"},{"@type":"Organization","@id":"https:\/\/www.panoramabettmeralp.ch\/#organization","name":"Hotel Panorama Bettmeralp","url":"https:\/\/www.panoramabettmeralp.ch\/","logo":{"@type":"ImageObject","inLanguage":"fr-FR","@id":"https:\/\/www.panoramabettmeralp.ch\/#\/schema\/logo\/image\/","url":"https:\/\/www.panoramabettmeralp.ch\/wp-content\/uploads\/2022\/11\/Logo-Hotel-Panorama-Bettmeralp.svg","contentUrl":"https:\/\/www.panoramabettmeralp.ch\/wp-content\/uploads\/2022\/11\/Logo-Hotel-Panorama-Bettmeralp.svg","width":297,"height":60,"caption":"Hotel Panorama Bettmeralp"},"image":{"@id":"https:\/\/www.panoramabettmeralp.ch\/#\/schema\/logo\/image\/"}}]}},"_links":{"self":[{"href":"https:\/\/www.panoramabettmeralp.ch\/fr\/wp-json\/wp\/v2\/pages\/4270","targetHints":{"allow":["GET"]}}],"collection":[{"href":"https:\/\/www.panoramabettmeralp.ch\/fr\/wp-json\/wp\/v2\/pages"}],"about":[{"href":"https:\/\/www.panoramabettmeralp.ch\/fr\/wp-json\/wp\/v2\/types\/page"}],"author":[{"embeddable":true,"href":"https:\/\/www.panoramabettmeralp.ch\/fr\/wp-json\/wp\/v2\/users\/1"}],"replies":[{"embeddable":true,"href":"https:\/\/www.panoramabettmeralp.ch\/fr\/wp-json\/wp\/v2\/comments?post=4270"}],"version-history":[{"count":3,"href":"https:\/\/www.panoramabettmeralp.ch\/fr\/wp-json\/wp\/v2\/pages\/4270\/revisions"}],"predecessor-version":[{"id":6249,"href":"https:\/\/www.panoramabettmeralp.ch\/fr\/wp-json\/wp\/v2\/pages\/4270\/revisions\/6249"}],"wp:attachment":[{"href":"https:\/\/www.panoramabettmeralp.ch\/fr\/wp-json\/wp\/v2\/media?parent=4270"}],"curies":[{"name":"wp","href":"https:\/\/api.w.org\/{rel}","templated":true}]}}