{"id":4222,"date":"2022-12-08T09:43:17","date_gmt":"2022-12-08T09:43:17","guid":{"rendered":"https:\/\/www.panoramabettmeralp.ch\/hotelinformationen\/"},"modified":"2023-12-04T10:57:14","modified_gmt":"2023-12-04T10:57:14","slug":"informations-sur-lhotel","status":"publish","type":"page","link":"https:\/\/www.panoramabettmeralp.ch\/fr\/informations-sur-lhotel\/","title":{"rendered":"Informations sur l&rsquo;h\u00f4tel"},"content":{"rendered":"\t\t<div data-elementor-type=\"wp-page\" data-elementor-id=\"4222\" class=\"elementor elementor-4222\" data-elementor-post-type=\"page\">\n\t\t\t\t\t\t<section class=\"elementor-section elementor-top-section elementor-element elementor-element-b9446de elementor-section-boxed elementor-section-height-default elementor-section-height-default\" data-id=\"b9446de\" data-element_type=\"section\" data-e-type=\"section\" data-settings=\"{&quot;background_background&quot;:&quot;classic&quot;}\">\n\t\t\t\t\t\t<div class=\"elementor-container elementor-column-gap-default\">\n\t\t\t\t\t<div class=\"elementor-column elementor-col-100 elementor-top-column elementor-element elementor-element-68002a1\" data-id=\"68002a1\" data-element_type=\"column\" data-e-type=\"column\">\n\t\t\t<div class=\"elementor-widget-wrap elementor-element-populated\">\n\t\t\t\t\t\t<div class=\"elementor-element elementor-element-56cc23e elementor-widget elementor-widget-text-editor\" data-id=\"56cc23e\" data-element_type=\"widget\" data-e-type=\"widget\" data-widget_type=\"text-editor.default\">\n\t\t\t\t<div class=\"elementor-widget-container\">\n\t\t\t\t\t\t\t\t\t<h3><strong>CGV<\/strong><\/h3><h1>Informations h\u00f4teli\u00e8res<\/h1><p>Veuillez lire nos informations afin de vous garantir un s\u00e9jour d\u00e9tendu et agr\u00e9able.<\/p>\t\t\t\t\t\t\t\t<\/div>\n\t\t\t\t<\/div>\n\t\t\t\t<section class=\"elementor-section elementor-inner-section elementor-element elementor-element-53cb0b9 agbbox elementor-section-boxed elementor-section-height-default elementor-section-height-default\" data-id=\"53cb0b9\" data-element_type=\"section\" data-e-type=\"section\" data-settings=\"{&quot;background_background&quot;:&quot;classic&quot;}\">\n\t\t\t\t\t\t<div class=\"elementor-container elementor-column-gap-default\">\n\t\t\t\t\t<div class=\"elementor-column elementor-col-100 elementor-inner-column elementor-element elementor-element-a87b421\" data-id=\"a87b421\" data-element_type=\"column\" data-e-type=\"column\" id=\"information\" data-settings=\"{&quot;background_background&quot;:&quot;classic&quot;}\">\n\t\t\t<div class=\"elementor-widget-wrap elementor-element-populated\">\n\t\t\t\t\t\t<div class=\"elementor-element elementor-element-2284386 elementor-widget elementor-widget-text-editor\" data-id=\"2284386\" data-element_type=\"widget\" data-e-type=\"widget\" data-widget_type=\"text-editor.default\">\n\t\t\t\t<div class=\"elementor-widget-container\">\n\t\t\t\t\t\t\t\t\t<table class=\"tg\"><tbody><tr><td class=\"tg-0pky\">Check In:<\/td><td class=\"tg-0lax\">14.00 \u2013 21.00 heures<\/td><\/tr><tr><td class=\"tg-0pky\">Check Out:<\/td><td class=\"tg-0lax\">08.00 \u2013 10.00 heures<\/td><\/tr><\/tbody><\/table>\t\t\t\t\t\t\t\t<\/div>\n\t\t\t\t<\/div>\n\t\t\t\t<div class=\"elementor-element elementor-element-6f9e1e6 elementor-widget elementor-widget-text-editor\" data-id=\"6f9e1e6\" data-element_type=\"widget\" data-e-type=\"widget\" data-widget_type=\"text-editor.default\">\n\t\t\t\t<div class=\"elementor-widget-container\">\n\t\t\t\t\t\t\t\t\t<p>Le jour de votre d\u00e9part, nous vous prions de lib\u00e9rer votre chambre jusqu\u2019\u00e0 10.00 heures au plus tard. Vous pouvez d\u00e9poser vos bagages dans le salon.<br \/>(En cas d\u2019arriv\u00e9e tardive, veuillez informer la r\u00e9ception).<\/p>\t\t\t\t\t\t\t\t<\/div>\n\t\t\t\t<\/div>\n\t\t\t\t\t<\/div>\n\t\t<\/div>\n\t\t\t\t\t<\/div>\n\t\t<\/section>\n\t\t\t\t\t<\/div>\n\t\t<\/div>\n\t\t\t\t\t<\/div>\n\t\t<\/section>\n\t\t\t\t<section class=\"elementor-section elementor-top-section elementor-element elementor-element-178459f room elementor-section-boxed elementor-section-height-default elementor-section-height-default\" data-id=\"178459f\" data-element_type=\"section\" data-e-type=\"section\" data-settings=\"{&quot;background_background&quot;:&quot;classic&quot;}\">\n\t\t\t\t\t\t<div class=\"elementor-container elementor-column-gap-default\">\n\t\t\t\t\t<div class=\"elementor-column elementor-col-100 elementor-top-column elementor-element elementor-element-2b73ea5\" data-id=\"2b73ea5\" data-element_type=\"column\" data-e-type=\"column\">\n\t\t\t<div class=\"elementor-widget-wrap elementor-element-populated\">\n\t\t\t\t\t\t<div class=\"elementor-element elementor-element-53efff5 elementor-invisible elementor-widget elementor-widget-text-editor\" data-id=\"53efff5\" data-element_type=\"widget\" data-e-type=\"widget\" data-settings=\"{&quot;_animation&quot;:&quot;fadeIn&quot;}\" data-widget_type=\"text-editor.default\">\n\t\t\t\t<div class=\"elementor-widget-container\">\n\t\t\t\t\t\t\t\t\t<h4>Buffet de petit d\u00e9jeuner<\/h4><p>7.30 \u2013 10.30 heures *Modifications r\u00e9serv\u00e9es<\/p>\t\t\t\t\t\t\t\t<\/div>\n\t\t\t\t<\/div>\n\t\t\t\t<div class=\"elementor-element elementor-element-133d76c elementor-invisible elementor-widget elementor-widget-text-editor\" data-id=\"133d76c\" data-element_type=\"widget\" data-e-type=\"widget\" data-settings=\"{&quot;_animation&quot;:&quot;fadeIn&quot;}\" data-widget_type=\"text-editor.default\">\n\t\t\t\t<div class=\"elementor-widget-container\">\n\t\t\t\t\t\t\t\t\t<h4>Annulation<\/h4>\n<p>En \u00e9t\u00e9&nbsp;: jusqu\u2019\u00e0 14 jours avant la date d\u2019arriv\u00e9e, gratuit<br>En hiver : jusqu\u2019\u00e0 30 jours avant la date d\u2019arriv\u00e9e, gratuit<\/p>\n<p>Ce d\u00e9lai pass\u00e9, vous payez 100% du co\u00fbt de l\u2019arrangement.&nbsp;Nous recommandons de souscrire une assurance de remboursement de voyage.<\/p>\n<p>Pour faciliter le processus d\u2019annulation, nous vous conseillons une r\u00e9servation directe aupr\u00e8s de l\u2019h\u00f4tel <a href=\"mailto:info@panoramabettmeralp.ch\">info@panoramabettmeralp.ch<\/a>.<\/p>\t\t\t\t\t\t\t\t<\/div>\n\t\t\t\t<\/div>\n\t\t\t\t<div class=\"elementor-element elementor-element-e2b49d5 elementor-invisible elementor-widget elementor-widget-text-editor\" data-id=\"e2b49d5\" data-element_type=\"widget\" data-e-type=\"widget\" data-settings=\"{&quot;_animation&quot;:&quot;fadeIn&quot;}\" data-widget_type=\"text-editor.default\">\n\t\t\t\t<div class=\"elementor-widget-container\">\n\t\t\t\t\t\t\t\t\t<h4>Arrhes<\/h4><p>En hiver, les arrhes s\u2019\u00e9l\u00e8vent \u00e0 50% du prix total au moins, \u00e0 verser jusqu\u2019\u00e0 30 jours de la date d\u2019arriv\u00e9e. Partir en vacances l\u2019esprit tranquille\u00a0? Vous pouvez aussi payer l\u2019entier de la somme en avance.<\/p><p>Malheureusement, certaines confirmations contiennent un num\u00e9ro IBAN erron\u00e9. Nous nous excusons pour cette erreur.<\/p><p>Vous trouverez ci-dessous les donn\u00e9es correctes.<\/p><p>Important : veuillez toujours noter le jour d&rsquo;arriv\u00e9e et le nom de la r\u00e9servation dans la note, afin que nous puissions attribuer la r\u00e9servation.<\/p><p>H\u00f4tel Restaurant Panorama Bettmeralp AG CH-3992 Bettmeralp<br \/>Banque : UBS AG CH-3992 Bettmeralp<br \/>Num\u00e9ro de clearing bancaire : 263<br \/><strong>IBAN : CH13 0026 3263 6867 3301 L<\/strong><br \/>BIC : UBSWCHZH80A<br \/>N\u00b0 de compte : 263-686733.01L<\/p><p>\u00a0<\/p>\t\t\t\t\t\t\t\t<\/div>\n\t\t\t\t<\/div>\n\t\t\t\t<div class=\"elementor-element elementor-element-cf0fe16 elementor-invisible elementor-widget elementor-widget-text-editor\" data-id=\"cf0fe16\" data-element_type=\"widget\" data-e-type=\"widget\" data-settings=\"{&quot;_animation&quot;:&quot;fadeIn&quot;}\" data-widget_type=\"text-editor.default\">\n\t\t\t\t<div class=\"elementor-widget-container\">\n\t\t\t\t\t\t\t\t\t<h4>Animaux de compagnie<\/h4><p>L\u2019h\u00f4tel n\u2019accepte pas les animaux de compagnie. Nous vous prions de comprendre cette d\u00e9cision.<\/p>\t\t\t\t\t\t\t\t<\/div>\n\t\t\t\t<\/div>\n\t\t\t\t<div class=\"elementor-element elementor-element-c9d901a elementor-invisible elementor-widget elementor-widget-text-editor\" data-id=\"c9d901a\" data-element_type=\"widget\" data-e-type=\"widget\" data-settings=\"{&quot;_animation&quot;:&quot;fadeIn&quot;}\" data-widget_type=\"text-editor.default\">\n\t\t\t\t<div class=\"elementor-widget-container\">\n\t\t\t\t\t\t\t\t\t<h4>Places de parc<\/h4><p>Bettmeralp est une station inaccessible aux voitures. Vous ne pouvez l\u2019atteindre que par t\u00e9l\u00e9cabine. A Betten, o\u00f9 se situe la station inf\u00e9rieure, vous trouverez des places de parcs \u00e0 ciel ouvert et en garage couvert.<\/p><p>\u00a0<\/p><table class=\"hotelinfos\"><thead><tr><th class=\"tg-0pky\">Station inf\u00e9rieure de Betten<\/th><th class=\"tg-0pky\">chf<\/th><\/tr><\/thead><tbody><tr><td class=\"tg-0pky\">1 jour d\u2019\u00e9t\u00e9<\/td><td class=\"tg-0pky\"><strong>10<\/strong><\/td><\/tr><tr><td class=\"tg-0pky\">7 jour d\u2019\u00e9t\u00e9<\/td><td class=\"tg-0pky\"><strong>55<\/strong><\/td><\/tr><tr><td class=\"tg-0pky\">1 jour d\u2019hiver<\/td><td class=\"tg-0pky\"><strong>12<\/strong><\/td><\/tr><tr><td class=\"tg-0pky\">7 jour d\u2019hiver<\/td><td class=\"tg-0pky\"><strong>66<\/strong><\/td><\/tr><\/tbody><\/table><p>** Modifications r\u00e9serv\u00e9es<\/p>\t\t\t\t\t\t\t\t<\/div>\n\t\t\t\t<\/div>\n\t\t\t\t<div class=\"elementor-element elementor-element-fc91a99 elementor-invisible elementor-widget elementor-widget-text-editor\" data-id=\"fc91a99\" data-element_type=\"widget\" data-e-type=\"widget\" data-settings=\"{&quot;_animation&quot;:&quot;fadeIn&quot;}\" data-widget_type=\"text-editor.default\">\n\t\t\t\t<div class=\"elementor-widget-container\">\n\t\t\t\t\t\t\t\t\t<h4>Transport des bagages<\/h4><p>(08.00h\u201320.00h) *Sur demande<br \/>Appelez-nous lorsque vous arrivez \u00e0 la station inf\u00e9rieure. Nous transporterons volontiers vos bagages de la station sup\u00e9rieure \u00e0 l\u2019h\u00f4tel (compris dans le prix). Les autres transports (vers les chalets) sont payants.<\/p>\t\t\t\t\t\t\t\t<\/div>\n\t\t\t\t<\/div>\n\t\t\t\t<div class=\"elementor-element elementor-element-452215e elementor-invisible elementor-widget elementor-widget-text-editor\" data-id=\"452215e\" data-element_type=\"widget\" data-e-type=\"widget\" data-settings=\"{&quot;_animation&quot;:&quot;fadeIn&quot;}\" data-widget_type=\"text-editor.default\">\n\t\t\t\t<div class=\"elementor-widget-container\">\n\t\t\t\t\t\t\t\t\t<h4>Moyens de paiement<\/h4><p>Maestro, Mastercard, Visa, CUP\/ Union Pay, V-PAY, JCB, Twint, Amex, REKA Check+ Carte<\/p>\t\t\t\t\t\t\t\t<\/div>\n\t\t\t\t<\/div>\n\t\t\t\t<div class=\"elementor-element elementor-element-aae1a1b elementor-invisible elementor-widget elementor-widget-text-editor\" data-id=\"aae1a1b\" data-element_type=\"widget\" data-e-type=\"widget\" data-settings=\"{&quot;_animation&quot;:&quot;fadeIn&quot;}\" data-widget_type=\"text-editor.default\">\n\t\t\t\t<div class=\"elementor-widget-container\">\n\t\t\t\t\t\t\t\t\t<h4>Lit suppl\u00e9mentaire<\/h4><p>Veuillez prendre contact directement avec nous. Il n\u2019est pas possible de pr\u00e9voir un lit suppl\u00e9mentaire dans toutes les chambres.<\/p><table class=\"hotelinfos\"><thead><tr><th class=\"tg-0pky\">Prix<\/th><th class=\"tg-0pky\">chf \/ Nuit<\/th><\/tr><\/thead><tbody><tr><td class=\"tg-0pky\">Enfant jusqu\u2019\u00e0 2 ans:<\/td><td class=\"tg-0pky\"><strong>Gratuit<\/strong><\/td><\/tr><tr><td class=\"tg-0pky\">Enfant de 2 \u2013 5 ans<\/td><td class=\"tg-0pky\"><strong>35<\/strong><\/td><\/tr><tr><td class=\"tg-0pky\">Enfant de 6 \u2013 11 ans<\/td><td class=\"tg-0pky\"><strong>45<\/strong><\/td><\/tr><tr><td class=\"tg-0pky\">d\u00e8s 12 ans<\/td><td class=\"tg-0pky\"><strong>66<\/strong><\/td><\/tr><\/tbody><\/table>\t\t\t\t\t\t\t\t<\/div>\n\t\t\t\t<\/div>\n\t\t\t\t<div class=\"elementor-element elementor-element-69bd282 elementor-invisible elementor-widget elementor-widget-text-editor\" data-id=\"69bd282\" data-element_type=\"widget\" data-e-type=\"widget\" data-settings=\"{&quot;_animation&quot;:&quot;fadeIn&quot;}\" data-widget_type=\"text-editor.default\">\n\t\t\t\t<div class=\"elementor-widget-container\">\n\t\t\t\t\t\t\t\t\t<h4>Acc\u00e8s internet<\/h4><p>L\u2019utilisation du wifi est offerte \u00e0 nos h\u00f4tes.<\/p>\t\t\t\t\t\t\t\t<\/div>\n\t\t\t\t<\/div>\n\t\t\t\t<div class=\"elementor-element elementor-element-3314bd5 elementor-invisible elementor-widget elementor-widget-text-editor\" data-id=\"3314bd5\" data-element_type=\"widget\" data-e-type=\"widget\" data-settings=\"{&quot;_animation&quot;:&quot;fadeIn&quot;}\" data-widget_type=\"text-editor.default\">\n\t\t\t\t<div class=\"elementor-widget-container\">\n\t\t\t\t\t\t\t\t\t<h4>Avis<\/h4><p>Faites-nous conna\u00eetre ce que vous avez pens\u00e9 de votre s\u00e9jour ! Si quelque chose n\u2019a pas r\u00e9pondu \u00e0 votre attente ou que nous avons commis une erreur, nous vous sommes reconnaissants de vous adresser imm\u00e9diatement \u00e0 la r\u00e9ception. Nous faisons volontiers tout notre possible pour rendre votre s\u00e9jour agr\u00e9able et combler vos souhaits. Si nous ne r\u00e9pondons pas \u00e0 votre demande \u00e0 satisfaction, vous pouvez vous adresser au directeur. Nous appr\u00e9cions les retours positifs et les critiques constructives qui nous permettent de nous d\u00e9velopper.<\/p>\t\t\t\t\t\t\t\t<\/div>\n\t\t\t\t<\/div>\n\t\t\t\t<div class=\"elementor-element elementor-element-e537a07 elementor-invisible elementor-widget elementor-widget-text-editor\" data-id=\"e537a07\" data-element_type=\"widget\" data-e-type=\"widget\" data-settings=\"{&quot;_animation&quot;:&quot;fadeIn&quot;}\" data-widget_type=\"text-editor.default\">\n\t\t\t\t<div class=\"elementor-widget-container\">\n\t\t\t\t\t\t\t\t\t<h4>Garantie du prix le plus avantageux<\/h4><p>Une quelconque plateforme trouv\u00e9e sur internet vous propose-t-elle un prix plus avantageux pour une chambre ou un arrangement ? Apportez-nous une copie d\u2019\u00e9cran \u2013 nous vous offrirons alors les m\u00eames conditions voire un prix encore plus avantageux !<\/p>\t\t\t\t\t\t\t\t<\/div>\n\t\t\t\t<\/div>\n\t\t\t\t\t<\/div>\n\t\t<\/div>\n\t\t\t\t\t<\/div>\n\t\t<\/section>\n\t\t\t\t<\/div>\n\t\t","protected":false},"excerpt":{"rendered":"<p>CGV Informations h\u00f4teli\u00e8res Veuillez lire nos informations afin de vous garantir un s\u00e9jour d\u00e9tendu et agr\u00e9able. Check In: 14.00 \u2013 21.00 heures Check Out: 08.00 \u2013 10.00 heures Le jour de votre d\u00e9part, nous vous prions de lib\u00e9rer votre chambre jusqu\u2019\u00e0 10.00 heures au plus tard. Vous pouvez d\u00e9poser vos bagages dans le salon.(En cas [&hellip;]<\/p>\n","protected":false},"author":1,"featured_media":0,"parent":0,"menu_order":0,"comment_status":"closed","ping_status":"closed","template":"","meta":{"_acf_changed":false,"footnotes":""},"class_list":["post-4222","page","type-page","status-publish","hentry"],"acf":[],"yoast_head":"<!-- This site is optimized with the Yoast SEO plugin v27.4 - https:\/\/yoast.com\/product\/yoast-seo-wordpress\/ -->\n<title>Informations sur l&#039;h\u00f4tel - Hotel Panorama Bettmeralp<\/title>\n<meta name=\"description\" content=\"Informations sur l&#039;h\u00f4tel - Veuillez lire nos informations afin de vous garantir un s\u00e9jour d\u00e9tendu et agr\u00e9able.\" \/>\n<meta name=\"robots\" content=\"index, follow, max-snippet:-1, max-image-preview:large, max-video-preview:-1\" \/>\n<link rel=\"canonical\" href=\"https:\/\/www.panoramabettmeralp.ch\/fr\/informations-sur-lhotel\/\" \/>\n<meta property=\"og:locale\" content=\"fr_FR\" \/>\n<meta property=\"og:type\" content=\"article\" \/>\n<meta property=\"og:title\" content=\"Informations sur l&#039;h\u00f4tel - Hotel Panorama Bettmeralp\" \/>\n<meta property=\"og:description\" content=\"Informations sur l&#039;h\u00f4tel - Veuillez lire nos informations afin de vous garantir un s\u00e9jour d\u00e9tendu et agr\u00e9able.\" \/>\n<meta property=\"og:url\" content=\"https:\/\/www.panoramabettmeralp.ch\/fr\/informations-sur-lhotel\/\" \/>\n<meta property=\"og:site_name\" content=\"Hotel Panorama Bettmeralp\" \/>\n<meta property=\"article:modified_time\" content=\"2023-12-04T10:57:14+00:00\" \/>\n<meta name=\"twitter:card\" content=\"summary_large_image\" \/>\n<meta name=\"twitter:label1\" content=\"Dur\u00e9e de lecture estim\u00e9e\" \/>\n\t<meta name=\"twitter:data1\" content=\"4 minutes\" \/>\n<script type=\"application\/ld+json\" class=\"yoast-schema-graph\">{\"@context\":\"https:\\\/\\\/schema.org\",\"@graph\":[{\"@type\":\"WebPage\",\"@id\":\"https:\\\/\\\/www.panoramabettmeralp.ch\\\/fr\\\/informations-sur-lhotel\\\/\",\"url\":\"https:\\\/\\\/www.panoramabettmeralp.ch\\\/fr\\\/informations-sur-lhotel\\\/\",\"name\":\"Informations sur l'h\u00f4tel - Hotel Panorama Bettmeralp\",\"isPartOf\":{\"@id\":\"https:\\\/\\\/www.panoramabettmeralp.ch\\\/#website\"},\"datePublished\":\"2022-12-08T09:43:17+00:00\",\"dateModified\":\"2023-12-04T10:57:14+00:00\",\"description\":\"Informations sur l'h\u00f4tel - Veuillez lire nos informations afin de vous garantir un s\u00e9jour d\u00e9tendu et agr\u00e9able.\",\"breadcrumb\":{\"@id\":\"https:\\\/\\\/www.panoramabettmeralp.ch\\\/fr\\\/informations-sur-lhotel\\\/#breadcrumb\"},\"inLanguage\":\"fr-FR\",\"potentialAction\":[{\"@type\":\"ReadAction\",\"target\":[\"https:\\\/\\\/www.panoramabettmeralp.ch\\\/fr\\\/informations-sur-lhotel\\\/\"]}]},{\"@type\":\"BreadcrumbList\",\"@id\":\"https:\\\/\\\/www.panoramabettmeralp.ch\\\/fr\\\/informations-sur-lhotel\\\/#breadcrumb\",\"itemListElement\":[{\"@type\":\"ListItem\",\"position\":1,\"name\":\"Startseite\",\"item\":\"https:\\\/\\\/www.panoramabettmeralp.ch\\\/fr\\\/\"},{\"@type\":\"ListItem\",\"position\":2,\"name\":\"Informations sur l&rsquo;h\u00f4tel\"}]},{\"@type\":\"WebSite\",\"@id\":\"https:\\\/\\\/www.panoramabettmeralp.ch\\\/#website\",\"url\":\"https:\\\/\\\/www.panoramabettmeralp.ch\\\/\",\"name\":\"Hotel Panorama Bettmeralp\",\"description\":\"\",\"publisher\":{\"@id\":\"https:\\\/\\\/www.panoramabettmeralp.ch\\\/#organization\"},\"potentialAction\":[{\"@type\":\"SearchAction\",\"target\":{\"@type\":\"EntryPoint\",\"urlTemplate\":\"https:\\\/\\\/www.panoramabettmeralp.ch\\\/?s={search_term_string}\"},\"query-input\":{\"@type\":\"PropertyValueSpecification\",\"valueRequired\":true,\"valueName\":\"search_term_string\"}}],\"inLanguage\":\"fr-FR\"},{\"@type\":\"Organization\",\"@id\":\"https:\\\/\\\/www.panoramabettmeralp.ch\\\/#organization\",\"name\":\"Hotel Panorama Bettmeralp\",\"url\":\"https:\\\/\\\/www.panoramabettmeralp.ch\\\/\",\"logo\":{\"@type\":\"ImageObject\",\"inLanguage\":\"fr-FR\",\"@id\":\"https:\\\/\\\/www.panoramabettmeralp.ch\\\/#\\\/schema\\\/logo\\\/image\\\/\",\"url\":\"https:\\\/\\\/www.panoramabettmeralp.ch\\\/wp-content\\\/uploads\\\/2022\\\/11\\\/Logo-Hotel-Panorama-Bettmeralp.svg\",\"contentUrl\":\"https:\\\/\\\/www.panoramabettmeralp.ch\\\/wp-content\\\/uploads\\\/2022\\\/11\\\/Logo-Hotel-Panorama-Bettmeralp.svg\",\"width\":297,\"height\":60,\"caption\":\"Hotel Panorama Bettmeralp\"},\"image\":{\"@id\":\"https:\\\/\\\/www.panoramabettmeralp.ch\\\/#\\\/schema\\\/logo\\\/image\\\/\"}}]}<\/script>\n<!-- \/ Yoast SEO plugin. -->","yoast_head_json":{"title":"Informations sur l'h\u00f4tel - Hotel Panorama Bettmeralp","description":"Informations sur l'h\u00f4tel - Veuillez lire nos informations afin de vous garantir un s\u00e9jour d\u00e9tendu et agr\u00e9able.","robots":{"index":"index","follow":"follow","max-snippet":"max-snippet:-1","max-image-preview":"max-image-preview:large","max-video-preview":"max-video-preview:-1"},"canonical":"https:\/\/www.panoramabettmeralp.ch\/fr\/informations-sur-lhotel\/","og_locale":"fr_FR","og_type":"article","og_title":"Informations sur l'h\u00f4tel - Hotel Panorama Bettmeralp","og_description":"Informations sur l'h\u00f4tel - Veuillez lire nos informations afin de vous garantir un s\u00e9jour d\u00e9tendu et agr\u00e9able.","og_url":"https:\/\/www.panoramabettmeralp.ch\/fr\/informations-sur-lhotel\/","og_site_name":"Hotel Panorama Bettmeralp","article_modified_time":"2023-12-04T10:57:14+00:00","twitter_card":"summary_large_image","twitter_misc":{"Dur\u00e9e de lecture estim\u00e9e":"4 minutes"},"schema":{"@context":"https:\/\/schema.org","@graph":[{"@type":"WebPage","@id":"https:\/\/www.panoramabettmeralp.ch\/fr\/informations-sur-lhotel\/","url":"https:\/\/www.panoramabettmeralp.ch\/fr\/informations-sur-lhotel\/","name":"Informations sur l'h\u00f4tel - Hotel Panorama Bettmeralp","isPartOf":{"@id":"https:\/\/www.panoramabettmeralp.ch\/#website"},"datePublished":"2022-12-08T09:43:17+00:00","dateModified":"2023-12-04T10:57:14+00:00","description":"Informations sur l'h\u00f4tel - Veuillez lire nos informations afin de vous garantir un s\u00e9jour d\u00e9tendu et agr\u00e9able.","breadcrumb":{"@id":"https:\/\/www.panoramabettmeralp.ch\/fr\/informations-sur-lhotel\/#breadcrumb"},"inLanguage":"fr-FR","potentialAction":[{"@type":"ReadAction","target":["https:\/\/www.panoramabettmeralp.ch\/fr\/informations-sur-lhotel\/"]}]},{"@type":"BreadcrumbList","@id":"https:\/\/www.panoramabettmeralp.ch\/fr\/informations-sur-lhotel\/#breadcrumb","itemListElement":[{"@type":"ListItem","position":1,"name":"Startseite","item":"https:\/\/www.panoramabettmeralp.ch\/fr\/"},{"@type":"ListItem","position":2,"name":"Informations sur l&rsquo;h\u00f4tel"}]},{"@type":"WebSite","@id":"https:\/\/www.panoramabettmeralp.ch\/#website","url":"https:\/\/www.panoramabettmeralp.ch\/","name":"Hotel Panorama Bettmeralp","description":"","publisher":{"@id":"https:\/\/www.panoramabettmeralp.ch\/#organization"},"potentialAction":[{"@type":"SearchAction","target":{"@type":"EntryPoint","urlTemplate":"https:\/\/www.panoramabettmeralp.ch\/?s={search_term_string}"},"query-input":{"@type":"PropertyValueSpecification","valueRequired":true,"valueName":"search_term_string"}}],"inLanguage":"fr-FR"},{"@type":"Organization","@id":"https:\/\/www.panoramabettmeralp.ch\/#organization","name":"Hotel Panorama Bettmeralp","url":"https:\/\/www.panoramabettmeralp.ch\/","logo":{"@type":"ImageObject","inLanguage":"fr-FR","@id":"https:\/\/www.panoramabettmeralp.ch\/#\/schema\/logo\/image\/","url":"https:\/\/www.panoramabettmeralp.ch\/wp-content\/uploads\/2022\/11\/Logo-Hotel-Panorama-Bettmeralp.svg","contentUrl":"https:\/\/www.panoramabettmeralp.ch\/wp-content\/uploads\/2022\/11\/Logo-Hotel-Panorama-Bettmeralp.svg","width":297,"height":60,"caption":"Hotel Panorama Bettmeralp"},"image":{"@id":"https:\/\/www.panoramabettmeralp.ch\/#\/schema\/logo\/image\/"}}]}},"_links":{"self":[{"href":"https:\/\/www.panoramabettmeralp.ch\/fr\/wp-json\/wp\/v2\/pages\/4222","targetHints":{"allow":["GET"]}}],"collection":[{"href":"https:\/\/www.panoramabettmeralp.ch\/fr\/wp-json\/wp\/v2\/pages"}],"about":[{"href":"https:\/\/www.panoramabettmeralp.ch\/fr\/wp-json\/wp\/v2\/types\/page"}],"author":[{"embeddable":true,"href":"https:\/\/www.panoramabettmeralp.ch\/fr\/wp-json\/wp\/v2\/users\/1"}],"replies":[{"embeddable":true,"href":"https:\/\/www.panoramabettmeralp.ch\/fr\/wp-json\/wp\/v2\/comments?post=4222"}],"version-history":[{"count":3,"href":"https:\/\/www.panoramabettmeralp.ch\/fr\/wp-json\/wp\/v2\/pages\/4222\/revisions"}],"predecessor-version":[{"id":6434,"href":"https:\/\/www.panoramabettmeralp.ch\/fr\/wp-json\/wp\/v2\/pages\/4222\/revisions\/6434"}],"wp:attachment":[{"href":"https:\/\/www.panoramabettmeralp.ch\/fr\/wp-json\/wp\/v2\/media?parent=4222"}],"curies":[{"name":"wp","href":"https:\/\/api.w.org\/{rel}","templated":true}]}}